{"id":996,"date":"2021-01-12T12:10:52","date_gmt":"2021-01-12T11:10:52","guid":{"rendered":"https:\/\/nicolefragrance.se\/?post_type=product&#038;p=996"},"modified":"2026-04-03T03:08:59","modified_gmt":"2026-04-03T01:08:59","slug":"dior-jadore-nicole-edp","status":"publish","type":"product","link":"https:\/\/nicolefragrance.se\/hr\/proizvod\/dior-jadore-nicole-edp\/","title":{"rendered":"Nicole 053 EDP inspiriran s Jadore Dior"},"content":{"rendered":"<p><strong>J&#8217;adore by Dior<\/strong> je miris koji je osvojio srca \u017eena \u0161irom svijeta jo\u0161 od svog lansiranja 1999. godine. Ovaj prefinjeni \u017eenski miris pripada kategoriji cvjetno-vo\u0107nih mirisa i predstavlja savr\u0161enu ravnote\u017eu izme\u0111u svje\u017eine vo\u0107nih nota i rasko\u0161i cvjetnih tonova.<\/p>\n<p>Vrh parfema o\u010darava svojom vo\u0107nom svje\u017einom. So\u010dne kru\u0161ke, dinja, magnolija, breskva, osvje\u017eavaju\u0107a mandarina i bergamot stvaraju \u017eivahno otvaranje koje mami svojom svje\u017einom. U srcu mirisa otkrivamo bogat buket cvije\u0107a. Jasmin, \u0161armantni zumbuli, tuberoza, nje\u017ena frezija, ru\u017ea, orhideja, \u0161ljiva i ljubi\u010dica stvaraju rasko\u0161nu cvjetnu simfoniju. Ove note donose dubinu i \u017eenstvenu senzualnost mirisu. Bazne note ovog mirisa obavijaju vas toplinom i elegancijom. Mo\u0161us, vanilija, so\u010dna kupina i kedar dodaju dubinu i postojanost mirisu. Ove note ostavljaju nje\u017ean i privla\u010dan trag koji \u0107e vas pratiti tijekom cijelog dana ili ve\u010deri.<\/p>\n<p><strong>Dior J&#8217;adore<\/strong> je miris koji odra\u017eava beskrajnu \u017eenstvenost i eleganciju. Sa svojim harmoni\u010dnim kombinacijama vo\u0107nih i cvjetnih nota, predstavlja mirisnu simfoniju koja \u0107e vas osvojiti. Pogodan za sve sezone i prigode, J&#8217;adore je pravi izbor za \u017eene koje cijene luksuz i rafiniranost u svom mirisu.<\/p>\n<p>Osjetite svijetlost i toplinu ovog mirisa i do\u017eivite beskrajnu eleganciju uz <strong>J&#8217;adore by Dior<\/strong>.<\/p>\n","protected":false},"excerpt":{"rendered":"<p>Dior J&#8217;adore je miris koji odra\u017eava beskrajnu \u017eenstvenost i eleganciju. Sa svojim harmoni\u010dnim kombinacijama vo\u0107nih i cvjetnih nota, predstavlja mirisnu simfoniju koja \u0107e vas osvojiti. Pogodan za sve sezone i prigode, J&#8217;adore je pravi izbor za \u017eene koje cijene luksuz i rafiniranost u svom mirisu. Osjetite svjetlost i toplinu ovog mirisa i do\u017eivite beskrajnu eleganciju uz J&#8217;adore by Dior.<\/p>\n","protected":false},"featured_media":28294,"comment_status":"open","ping_status":"closed","template":"","meta":{"_acf_changed":false},"product_brand":[],"product_cat":[192,186],"product_tag":[],"class_list":{"0":"post-996","1":"product","2":"type-product","3":"status-publish","4":"has-post-thumbnail","6":"product_cat-dior-marka","7":"product_cat-za-zene","9":"first","10":"instock","11":"taxable","12":"shipping-taxable","13":"purchasable","14":"product-type-variable","15":"has-default-attributes"},"acf":[],"_links":{"self":[{"href":"https:\/\/nicolefragrance.se\/hr\/wp-json\/wp\/v2\/product\/996","targetHints":{"allow":["GET"]}}],"collection":[{"href":"https:\/\/nicolefragrance.se\/hr\/wp-json\/wp\/v2\/product"}],"about":[{"href":"https:\/\/nicolefragrance.se\/hr\/wp-json\/wp\/v2\/types\/product"}],"replies":[{"embeddable":true,"href":"https:\/\/nicolefragrance.se\/hr\/wp-json\/wp\/v2\/comments?post=996"}],"version-history":[{"count":0,"href":"https:\/\/nicolefragrance.se\/hr\/wp-json\/wp\/v2\/product\/996\/revisions"}],"wp:featuredmedia":[{"embeddable":true,"href":"https:\/\/nicolefragrance.se\/hr\/wp-json\/wp\/v2\/media\/28294"}],"wp:attachment":[{"href":"https:\/\/nicolefragrance.se\/hr\/wp-json\/wp\/v2\/media?parent=996"}],"wp:term":[{"taxonomy":"product_brand","embeddable":true,"href":"https:\/\/nicolefragrance.se\/hr\/wp-json\/wp\/v2\/product_brand?post=996"},{"taxonomy":"product_cat","embeddable":true,"href":"https:\/\/nicolefragrance.se\/hr\/wp-json\/wp\/v2\/product_cat?post=996"},{"taxonomy":"product_tag","embeddable":true,"href":"https:\/\/nicolefragrance.se\/hr\/wp-json\/wp\/v2\/product_tag?post=996"}],"curies":[{"name":"wp","href":"https:\/\/api.w.org\/{rel}","templated":true}]}}