{"id":972,"date":"2021-01-12T12:05:14","date_gmt":"2021-01-12T11:05:14","guid":{"rendered":"https:\/\/nicolefragrance.se\/?post_type=product&#038;p=972"},"modified":"2026-01-13T19:07:32","modified_gmt":"2026-01-13T18:07:32","slug":"kenzo-flower-by-kenzo-nicole-edp","status":"publish","type":"product","link":"https:\/\/nicolefragrance.se\/hr\/proizvod\/kenzo-flower-by-kenzo-nicole-edp\/","title":{"rendered":"Nicole 044 EDP inspiriran s Flower by Kenzo Kenzo"},"content":{"rendered":"<p><strong>Kenzo Flower by Kenzo<\/strong> je \u017eenski miris lansiran 2000. godine i od tada je osvojio srca mnogih \u017eena \u0161irom svijeta. Ovaj miris je poseban po tome \u0161to pru\u017ea jedinstvenu kombinaciju svje\u017eih i cvjetnih nota, stvaraju\u0107i neodoljiv mirisni do\u017eivljaj.<\/p>\n<p>Kenzo Flower se otvara notama bugarske ru\u017ee i parma ljubi\u010dice, uvode\u0107i nas u \u010darobni svijet mirisa. Ove note odmah privla\u010de pa\u017enju svojom svje\u017einom i cvjetnim akordima. Srce mirisa otkriva \u010darobne note mo\u0161usa i vanilije, dodaju\u0107i dubinu i senzualnost cjelokupnoj kompoziciji.\u00a0Baza mirisa je sastavljena od nota ciklosala i hediona, pru\u017eaju\u0107i mirisu posebnu notu slatkog vo\u0107a sa cvjetnim akordima. Ova kombinacija rezultira sofisticiranom i zavodljivom kompozicijom koja ostavlja neizbrisiv utisak.<\/p>\n<p><strong>Kenzo Flower by Kenzo<\/strong> je miris koji je zami\u0161ljen kao spoj prirode i grada. On uspje\u0161no povezuje elemente prirode sa brzim tempom suvremenog gradskog \u017eivota, istovremeno izra\u017eavaju\u0107i osje\u0107anja i emocije.<\/p>\n<p>Kenzo Flower by Kenzo je miris koji \u0107e vam pomo\u0107i da izrazite svoju jedinstvenost i neodoljivost. Osjetite \u010daroliju ove mirisne kompozicije i dopustite da vas odvede u tajanstveni makrosvijet mirisnih nota.<\/p>\n","protected":false},"excerpt":{"rendered":"<p>Kenzo Flower by Kenzo je miris koji je zami\u0161ljen kao spoj prirode i grada. On uspje\u0161no povezuje elemente prirode sa brzim tempom suvremenog gradskog \u017eivota, istovremeno izra\u017eavaju\u0107i osje\u0107anja i emocije. Kenzo Flower je miris koji \u0107e vam pomo\u0107i da izrazite svoju jedinstvenost i neodoljivost. Osjetite \u010daroliju ove mirisne kompozicije i dopustite da vas odvede u tajanstveni svijet mirisnih nota.<\/p>\n","protected":false},"featured_media":28316,"comment_status":"open","ping_status":"closed","template":"","meta":{"_acf_changed":false},"product_brand":[],"product_cat":[207,186],"product_tag":[],"class_list":{"0":"post-972","1":"product","2":"type-product","3":"status-publish","4":"has-post-thumbnail","6":"product_cat-kenzo-marka","7":"product_cat-za-zene","9":"first","10":"instock","11":"taxable","12":"shipping-taxable","13":"purchasable","14":"product-type-variable","15":"has-default-attributes"},"acf":[],"_links":{"self":[{"href":"https:\/\/nicolefragrance.se\/hr\/wp-json\/wp\/v2\/product\/972","targetHints":{"allow":["GET"]}}],"collection":[{"href":"https:\/\/nicolefragrance.se\/hr\/wp-json\/wp\/v2\/product"}],"about":[{"href":"https:\/\/nicolefragrance.se\/hr\/wp-json\/wp\/v2\/types\/product"}],"replies":[{"embeddable":true,"href":"https:\/\/nicolefragrance.se\/hr\/wp-json\/wp\/v2\/comments?post=972"}],"version-history":[{"count":0,"href":"https:\/\/nicolefragrance.se\/hr\/wp-json\/wp\/v2\/product\/972\/revisions"}],"wp:featuredmedia":[{"embeddable":true,"href":"https:\/\/nicolefragrance.se\/hr\/wp-json\/wp\/v2\/media\/28316"}],"wp:attachment":[{"href":"https:\/\/nicolefragrance.se\/hr\/wp-json\/wp\/v2\/media?parent=972"}],"wp:term":[{"taxonomy":"product_brand","embeddable":true,"href":"https:\/\/nicolefragrance.se\/hr\/wp-json\/wp\/v2\/product_brand?post=972"},{"taxonomy":"product_cat","embeddable":true,"href":"https:\/\/nicolefragrance.se\/hr\/wp-json\/wp\/v2\/product_cat?post=972"},{"taxonomy":"product_tag","embeddable":true,"href":"https:\/\/nicolefragrance.se\/hr\/wp-json\/wp\/v2\/product_tag?post=972"}],"curies":[{"name":"wp","href":"https:\/\/api.w.org\/{rel}","templated":true}]}}