{"id":960,"date":"2021-01-12T12:00:00","date_gmt":"2021-01-12T11:00:00","guid":{"rendered":"https:\/\/nicolefragrance.se\/?post_type=product&#038;p=960"},"modified":"2026-02-13T11:41:51","modified_gmt":"2026-02-13T10:41:51","slug":"thierry-mugler-angel-nicole-edp","status":"publish","type":"product","link":"https:\/\/nicolefragrance.se\/hr\/proizvod\/thierry-mugler-angel-nicole-edp\/","title":{"rendered":"Nicole 027 EDP inspiriran s Angel Thierry Mugler"},"content":{"rendered":"<p><strong>Angel by Thierry Mugler<\/strong> je jedinstven \u017eenski miris koji je osvojio svijet svojom neodoljivom kombinacijom \u010darobnih nota. Lansiran 1992. godine, ovaj miris je postao ikona i klasik me\u0111u \u017eenskim parfemima.<\/p>\n<p>Ovaj parfem spaja mo\u0107 pa\u010dulija sa senzualno\u0161\u0107u nota pralina, crvenog vo\u0107a i vanilije. Angel je miris koji vas vodi na putovanje kroz zrak, nebo i beskraj. Kalabrijski bergamot otvara miris na svje\u017e i uzbudljiv na\u010din, kao da osje\u0107ate udah svje\u017eeg zraka.<\/p>\n<p><strong>Angel by Thierry Mugler<\/strong> je miris koji se izdvaja svojom jedinstveno\u0161\u0107u. Za mnoge, to je miris koji ostavlja neizbrisiv utisak i postaje dio njihove li\u010dne pri\u010de. Ovo je potpisni miris za mnoge \u017eene, izra\u017eava njihovu jedinstvenu li\u010dnost i stil.<\/p>\n<p>Thierry Mugler Angel je miris koji vas o\u010darava i mami svojom senzualno\u0161\u0107u. To je miris koji se sje\u0107a vjetra i radosti detinjstva, ali istovremeno ima misterioznu i privla\u010dnu senzualnost. Ovaj miris je savr\u0161en za ve\u010der i posebne prilike. Njegova dubina i slojevitost \u010dine ga idealnim izborom kada \u017eelite da ostavite nezaboravan utisak.<\/p>\n<p>Angel je parfem koji \u0107e vas osvojiti svojom slojevito\u0161\u0107u, dubinom i jedinstveno\u0161\u0107u. To je miris koji postaje va\u0161 li\u010dni pe\u010dat, izra\u017eavaju\u0107i va\u0161u individualnost i stil.<\/p>\n<p>Do\u017eivite \u010darobnu senzualnost <strong>Angel by Thierry Mugler<\/strong>.<\/p>\n","protected":false},"excerpt":{"rendered":"<p>Angel by Thierry Mugler je miris koji vas o\u010darava i mami svojom senzualno\u0161\u0107u. Ovaj miris je savr\u0161en za ve\u010der i posebne prilike. Njegova dubina i slojevitost \u010dine ga idealnim izborom kada \u017eelite ostaviti nezaboravan utisak. Angel je parfem koji \u0107e vas osvojiti svojom slojevito\u0161\u0107u, dubinom i jedinstveno\u0161\u0107u i miris koji postaje va\u0161 osobni pe\u010dat, izra\u017eavaju\u0107i va\u0161u individualnost i stil.<\/p>\n","protected":false},"featured_media":28328,"comment_status":"open","ping_status":"closed","template":"","meta":{"_acf_changed":false},"product_brand":[],"product_cat":[204,186],"product_tag":[],"class_list":{"0":"post-960","1":"product","2":"type-product","3":"status-publish","4":"has-post-thumbnail","6":"product_cat-thierry-mugler-marka","7":"product_cat-za-zene","9":"first","10":"instock","11":"taxable","12":"shipping-taxable","13":"purchasable","14":"product-type-variable","15":"has-default-attributes"},"acf":[],"_links":{"self":[{"href":"https:\/\/nicolefragrance.se\/hr\/wp-json\/wp\/v2\/product\/960","targetHints":{"allow":["GET"]}}],"collection":[{"href":"https:\/\/nicolefragrance.se\/hr\/wp-json\/wp\/v2\/product"}],"about":[{"href":"https:\/\/nicolefragrance.se\/hr\/wp-json\/wp\/v2\/types\/product"}],"replies":[{"embeddable":true,"href":"https:\/\/nicolefragrance.se\/hr\/wp-json\/wp\/v2\/comments?post=960"}],"version-history":[{"count":0,"href":"https:\/\/nicolefragrance.se\/hr\/wp-json\/wp\/v2\/product\/960\/revisions"}],"wp:featuredmedia":[{"embeddable":true,"href":"https:\/\/nicolefragrance.se\/hr\/wp-json\/wp\/v2\/media\/28328"}],"wp:attachment":[{"href":"https:\/\/nicolefragrance.se\/hr\/wp-json\/wp\/v2\/media?parent=960"}],"wp:term":[{"taxonomy":"product_brand","embeddable":true,"href":"https:\/\/nicolefragrance.se\/hr\/wp-json\/wp\/v2\/product_brand?post=960"},{"taxonomy":"product_cat","embeddable":true,"href":"https:\/\/nicolefragrance.se\/hr\/wp-json\/wp\/v2\/product_cat?post=960"},{"taxonomy":"product_tag","embeddable":true,"href":"https:\/\/nicolefragrance.se\/hr\/wp-json\/wp\/v2\/product_tag?post=960"}],"curies":[{"name":"wp","href":"https:\/\/api.w.org\/{rel}","templated":true}]}}