{"id":936,"date":"2021-01-09T18:38:37","date_gmt":"2021-01-09T17:38:37","guid":{"rendered":"https:\/\/nicolefragrance.se\/?post_type=product&#038;p=936"},"modified":"2025-10-29T19:42:31","modified_gmt":"2025-10-29T18:42:31","slug":"chanel-no-5-nicole-edp","status":"publish","type":"product","link":"https:\/\/nicolefragrance.se\/hr\/proizvod\/chanel-no-5-nicole-edp\/","title":{"rendered":"Nicole 001 EDP inspiriran s Chanel No 5 Chanel"},"content":{"rendered":"<p><strong>Nicole 001 EDP inspiriran Chanel No 5<\/strong> smatra se ikonom me\u0111u \u017eenskim parfemima.\u00a0Ovaj miris nosi jednostavno ime koje zra\u010di luksuzom i elegancijom i predstavlja ne samo parfem, ve\u0107 pravo mirisno remek-djelo. To je miris koji predstavlja sinonim za presti\u017e i sofisticiranost i nosi sa sobom bogatu povijest i naslje\u0111e koje ga izdvaja od ostalih \u017eenskih parfema.<\/p>\n<p>Ovaj rasko\u0161ni parfem je cvjetni buket koji se temelji na ru\u017ei i jasminu, a oboga\u0107en je svijetlim citrusnim notama. Ono \u0161to ga \u010dini jedinstvenim su aldehidi koji stvaraju posebnu prisutnost, dok nje\u017ena vanilija iz Bourbona pru\u017ea neodoljivu senzualnost. Ovo je parfem koji se pamti i prepoznaje izme\u0111u svih drugih.<\/p>\n<p>Jedna od karakteristika parfema <strong>Nicole 001 EDP inspiriran<\/strong> <strong>Chanel No 5<\/strong> je visoka koncentracija esencijalnih ulja i upotreba skupocijenih sirovina. Jedan od klju\u010dnih sastojaka ovog parfema je rijetki cvijet, a samo najfinije i najkvalitetnije komponente se koriste za njegovu proizvodnju.<\/p>\n<p><strong>Nicole 001 EDP inspiriran<\/strong> <strong>Chanel No 5<\/strong> nije samo miris, ve\u0107 i statusni simbol. Nedavna studija je pokazala da ako nosite <strong>Nicole 001 EDP inspiriran<\/strong> <strong>Chanel No 5<\/strong>\u00a0imate vi\u0161e \u0161ansi da privu\u010dete svoju pravu srodnu du\u0161u \u0161to samo pokazuje snagu i privla\u010dnost ovog ikoni\u010dnog parfema.<\/p>\n<p><strong>Nicole 001 EDP inspiriran<\/strong> <strong>Chanel No 5<\/strong> nije samo miris, ve\u0107 i dio modne povijesti i parfem koji nikada ne izlazi iz mode.<\/p>\n","protected":false},"excerpt":{"rendered":"<p><strong>Nicole 001 EDP inspiriran<\/strong> <strong>Chanel No 5<\/strong> smatra se ikonom me\u0111u \u017eenskim parfemima. Jedan od klju\u010dnih sastojaka ovog parfema je rijetki cvijet, a samo najfinije i najkvalitetnije komponente se koriste za njegovu proizvodnju. <strong>Nicole 001 EDP inspiriran<\/strong> <strong>Chanel No 5<\/strong> nije samo miris, ve\u0107 i dio modne povijesti i parfem koji nikada ne izlazi iz mode.<\/p>\n","protected":false},"featured_media":28350,"comment_status":"open","ping_status":"closed","template":"","meta":{"_acf_changed":false},"product_brand":[],"product_cat":[195,186],"product_tag":[],"class_list":{"0":"post-936","1":"product","2":"type-product","3":"status-publish","4":"has-post-thumbnail","6":"product_cat-chanel-marka","7":"product_cat-za-zene","9":"first","10":"instock","11":"taxable","12":"shipping-taxable","13":"purchasable","14":"product-type-variable","15":"has-default-attributes"},"acf":[],"_links":{"self":[{"href":"https:\/\/nicolefragrance.se\/hr\/wp-json\/wp\/v2\/product\/936","targetHints":{"allow":["GET"]}}],"collection":[{"href":"https:\/\/nicolefragrance.se\/hr\/wp-json\/wp\/v2\/product"}],"about":[{"href":"https:\/\/nicolefragrance.se\/hr\/wp-json\/wp\/v2\/types\/product"}],"replies":[{"embeddable":true,"href":"https:\/\/nicolefragrance.se\/hr\/wp-json\/wp\/v2\/comments?post=936"}],"version-history":[{"count":0,"href":"https:\/\/nicolefragrance.se\/hr\/wp-json\/wp\/v2\/product\/936\/revisions"}],"wp:featuredmedia":[{"embeddable":true,"href":"https:\/\/nicolefragrance.se\/hr\/wp-json\/wp\/v2\/media\/28350"}],"wp:attachment":[{"href":"https:\/\/nicolefragrance.se\/hr\/wp-json\/wp\/v2\/media?parent=936"}],"wp:term":[{"taxonomy":"product_brand","embeddable":true,"href":"https:\/\/nicolefragrance.se\/hr\/wp-json\/wp\/v2\/product_brand?post=936"},{"taxonomy":"product_cat","embeddable":true,"href":"https:\/\/nicolefragrance.se\/hr\/wp-json\/wp\/v2\/product_cat?post=936"},{"taxonomy":"product_tag","embeddable":true,"href":"https:\/\/nicolefragrance.se\/hr\/wp-json\/wp\/v2\/product_tag?post=936"}],"curies":[{"name":"wp","href":"https:\/\/api.w.org\/{rel}","templated":true}]}}