{"id":9358,"date":"2024-06-11T20:30:53","date_gmt":"2024-06-11T18:30:53","guid":{"rendered":"https:\/\/nicolefragrance.se\/?post_type=product&#038;p=9358"},"modified":"2025-07-05T11:39:32","modified_gmt":"2025-07-05T09:39:32","slug":"cedrat-boise-mancera-nicole-edp","status":"publish","type":"product","link":"https:\/\/nicolefragrance.se\/hr\/proizvod\/cedrat-boise-mancera-nicole-edp\/","title":{"rendered":"Nicole 3076 EDP inspiriran s Cedrat Boise Mancera"},"content":{"rendered":"<p><strong>Cedrat Boise by Mancera<\/strong> je citrusno aromati\u010dni unisex parfem namijenjen \u017eenama i mu\u0161karcima. Lansiran je 2011. godine.<\/p>\n<p><strong>Mancera Cedrat Boise<\/strong> otvara se akordima sicilijskog limuna u pratnji ribizle i za\u010dinskih nota. Srce ovog mirisa obuhva\u0107a osvje\u017eavaju\u0107i vodenasti miris jasmina u kombinaciji sa listovima pa\u010dulija, dok se zavr\u0161ni akordi sastoje od drvenih nota, hrastove mahovine i vanilije.<\/p>\n<p>Prirodni miris bez ikakvih sinteti\u010dkih tonova, ima dozu slatkosti sa diskretnom pozadinom drvenih nota. Uz to, tamni ko\u017eni akord dodaje mirisu vi\u0161e dramati\u010dnosti. Ovaj miris je savr\u0161en za no\u0161enje bilo gdje i bilo kada.<\/p>\n<p>Otkrijte ovu sofisticiranu kombinaciju svje\u017eine i topline uz <strong>Cedrat Boise by Mancera<\/strong> i unesite da\u0161ak luksuza u svoju svakodnevicu.<\/p>\n","protected":false},"excerpt":{"rendered":"<p>Cedrat Boise Mancera je univerzalni parfem i prirodni miris bez ikakvih sinteti\u010dkih tonova, sa dozom slatkosti i diskretnom pozadinom od drvenih nota. Uz to, tamni ko\u017eni akord dodaje mirisu vi\u0161e dramati\u010dnosti. Ovaj miris je savr\u0161en za no\u0161enje bilo gdje i bilo kada.<\/p>\n","protected":false},"featured_media":25842,"comment_status":"open","ping_status":"closed","template":"","meta":{"_acf_changed":false},"product_brand":[],"product_cat":[628,624,623,621],"product_tag":[],"class_list":{"0":"post-9358","1":"product","2":"type-product","3":"status-publish","4":"has-post-thumbnail","6":"product_cat-mancera-marke","7":"product_cat-unisex-sv","8":"product_cat-for-man","9":"product_cat-for-kvinnor","11":"first","12":"instock","13":"featured","14":"taxable","15":"shipping-taxable","16":"purchasable","17":"product-type-variable","18":"has-default-attributes"},"acf":[],"_links":{"self":[{"href":"https:\/\/nicolefragrance.se\/hr\/wp-json\/wp\/v2\/product\/9358","targetHints":{"allow":["GET"]}}],"collection":[{"href":"https:\/\/nicolefragrance.se\/hr\/wp-json\/wp\/v2\/product"}],"about":[{"href":"https:\/\/nicolefragrance.se\/hr\/wp-json\/wp\/v2\/types\/product"}],"replies":[{"embeddable":true,"href":"https:\/\/nicolefragrance.se\/hr\/wp-json\/wp\/v2\/comments?post=9358"}],"version-history":[{"count":0,"href":"https:\/\/nicolefragrance.se\/hr\/wp-json\/wp\/v2\/product\/9358\/revisions"}],"wp:featuredmedia":[{"embeddable":true,"href":"https:\/\/nicolefragrance.se\/hr\/wp-json\/wp\/v2\/media\/25842"}],"wp:attachment":[{"href":"https:\/\/nicolefragrance.se\/hr\/wp-json\/wp\/v2\/media?parent=9358"}],"wp:term":[{"taxonomy":"product_brand","embeddable":true,"href":"https:\/\/nicolefragrance.se\/hr\/wp-json\/wp\/v2\/product_brand?post=9358"},{"taxonomy":"product_cat","embeddable":true,"href":"https:\/\/nicolefragrance.se\/hr\/wp-json\/wp\/v2\/product_cat?post=9358"},{"taxonomy":"product_tag","embeddable":true,"href":"https:\/\/nicolefragrance.se\/hr\/wp-json\/wp\/v2\/product_tag?post=9358"}],"curies":[{"name":"wp","href":"https:\/\/api.w.org\/{rel}","templated":true}]}}