{"id":9319,"date":"2024-06-11T20:17:35","date_gmt":"2024-06-11T18:17:35","guid":{"rendered":"https:\/\/nicolefragrance.se\/?post_type=product&#038;p=9319"},"modified":"2025-07-05T11:53:09","modified_gmt":"2025-07-05T09:53:09","slug":"vanilla-sex-tom-ford-nicole-edp","status":"publish","type":"product","link":"https:\/\/nicolefragrance.se\/hr\/proizvod\/vanilla-sex-tom-ford-nicole-edp\/","title":{"rendered":"Nicole 3075 EDP inspiriran s Vanilla Sex Tom Ford"},"content":{"rendered":"<p><strong>Vanilla Sex by Tom Ford<\/strong> je novi orijentalni unisex miris, namijenjen \u017eenama i mu\u0161karcima. Lansiran je 2023. godine.<\/p>\n<p>Ovaj parfem otkriva netaknuti glamur, zagrijan misterioznim cvije\u0107em i esencijom gorkog badema. U vrhu parfema isti\u010du se gorke bademove note. U srcu mirisa dominiraju vanilija i note bijelih cvjetova, dok se u osnovi krije apsolut vanilije, jedinstveni Ultravanil\u2122, tonka zrna i sandalovo drvo.<\/p>\n<p>Ovaj omamljuju\u0107i miris stvara zavodljiv mirisni do\u017eivljaj. Zarazan po prirodi, <strong>Vanilla Sex by Tom Ford<\/strong> je ikona senzualnog zadovoljstva.<\/p>\n<p>Iskoristite priliku i do\u017eivite o\u010daravaju\u0107u harmoniju dubokih i svijetlih nota vanilije koje dominiraju ovim univerzalnim mirisom.<\/p>\n<p>Naru\u010dite <strong>Tom Ford Vanilla Sex <\/strong>i uplovite u more osjetilnih senzacija.<\/p>\n","protected":false},"excerpt":{"rendered":"<p>Vanilla Sex by Tom Ford je novi orijentalni unisex miris, namijenjen \u017eenama i mu\u0161karcima. Ovaj omamljuju\u0107i miris stvara zavodljiv mirisni do\u017eivljaj. Zarazan po prirodi, Vanilla Sex by Tom Ford je ikona senzualnog zadovoljstva. Iskoristite priliku i do\u017eivite o\u010daravaju\u0107u harmoniju dubokih i svijetlih nota vanilije koje dominiraju ovim univerzalnim mirisom.<\/p>\n","protected":false},"featured_media":25854,"comment_status":"open","ping_status":"closed","template":"","meta":{"_acf_changed":false},"product_brand":[],"product_cat":[622,624,623,621],"product_tag":[],"class_list":{"0":"post-9319","1":"product","2":"type-product","3":"status-publish","4":"has-post-thumbnail","6":"product_cat-tom-ford-marke","7":"product_cat-unisex-sv","8":"product_cat-for-man","9":"product_cat-for-kvinnor","11":"first","12":"instock","13":"sale","14":"taxable","15":"shipping-taxable","16":"purchasable","17":"product-type-variable","18":"has-default-attributes"},"acf":[],"_links":{"self":[{"href":"https:\/\/nicolefragrance.se\/hr\/wp-json\/wp\/v2\/product\/9319","targetHints":{"allow":["GET"]}}],"collection":[{"href":"https:\/\/nicolefragrance.se\/hr\/wp-json\/wp\/v2\/product"}],"about":[{"href":"https:\/\/nicolefragrance.se\/hr\/wp-json\/wp\/v2\/types\/product"}],"replies":[{"embeddable":true,"href":"https:\/\/nicolefragrance.se\/hr\/wp-json\/wp\/v2\/comments?post=9319"}],"version-history":[{"count":0,"href":"https:\/\/nicolefragrance.se\/hr\/wp-json\/wp\/v2\/product\/9319\/revisions"}],"wp:featuredmedia":[{"embeddable":true,"href":"https:\/\/nicolefragrance.se\/hr\/wp-json\/wp\/v2\/media\/25854"}],"wp:attachment":[{"href":"https:\/\/nicolefragrance.se\/hr\/wp-json\/wp\/v2\/media?parent=9319"}],"wp:term":[{"taxonomy":"product_brand","embeddable":true,"href":"https:\/\/nicolefragrance.se\/hr\/wp-json\/wp\/v2\/product_brand?post=9319"},{"taxonomy":"product_cat","embeddable":true,"href":"https:\/\/nicolefragrance.se\/hr\/wp-json\/wp\/v2\/product_cat?post=9319"},{"taxonomy":"product_tag","embeddable":true,"href":"https:\/\/nicolefragrance.se\/hr\/wp-json\/wp\/v2\/product_tag?post=9319"}],"curies":[{"name":"wp","href":"https:\/\/api.w.org\/{rel}","templated":true}]}}