{"id":9282,"date":"2024-06-11T20:00:15","date_gmt":"2024-06-11T18:00:15","guid":{"rendered":"https:\/\/nicolefragrance.se\/?post_type=product&#038;p=9282"},"modified":"2026-01-28T20:55:06","modified_gmt":"2026-01-28T19:55:06","slug":"ombre-nomade-louis-vuitton-nicole-edp","status":"publish","type":"product","link":"https:\/\/nicolefragrance.se\/hr\/proizvod\/ombre-nomade-louis-vuitton-nicole-edp\/","title":{"rendered":"Nicole 3074 EDP inspiriran s Ombre Nomade Louis Vuitton"},"content":{"rendered":"<p><strong>Ombre Nomade by Louis Vuitton<\/strong> je orijentalni drveni miris namijenjen \u017eenama i mu\u0161karcima, lansiran 2018. godine.<\/p>\n<p><strong>Ombre Nomade<\/strong> je strastveni unisex parfem, intenzivan poput vatre zalaze\u0107eg sunca. U njegovom sastavu, me\u0111u sna\u017enim ko\u017enim, za\u010dinskim i drvenastim notama, monumentalni oud je pomije\u0161an s naznakama benzoina i akordima maline. Ovo dragocjeno drvo, koje se smatra vrjednijim i od \u010distog zlata, mukotrpno je dobijeno sa planta\u017ea u Banglade\u0161u gdje se uzgaja vijekovima. Ombre Nomade duguje svoje jake ko\u017ene, za\u010dinske i drvenaste akcente upravo ovom posebnom sastojku.<\/p>\n<p>Ovaj rafinirani miris ima dubinu i karakter koji ga \u010dini pravim umjetni\u010dkim djelom u svijetu parfema. Stvara tamnu i tajanstvenu atmosferu, savr\u0161enu za zimske prilike.<\/p>\n<p>Osjetite mo\u0107 i eleganciju ovog ekskluzivnog mirisa i uplovite u avanturu mirisnih do\u017eivljaja. Naru\u010dite <strong>Ombre Nomade Louis Vuitton<\/strong> i do\u017eivite mirisnu \u010daroliju poznatog brenda na svojoj ko\u017ei.<\/p>\n","protected":false},"excerpt":{"rendered":"<p>Ombre Nomade je strastveni unisex parfem, intenzivan poput vatre zalaze\u0107eg sunca. U njegovom sastavu, me\u0111u sna\u017enim ko\u017enim, za\u010dinskim i drvenastim notama, monumentalni oud je pomije\u0161an s naznakama benzoina i akordima maline. Ovaj rafinirani miris ima dubinu i karakter koji ga \u010dini pravim umjetni\u010dkim djelom u svijetu parfema. Stvara tamnu i tajanstvenu atmosferu, savr\u0161enu za zimske prilike.<\/p>\n","protected":false},"featured_media":25895,"comment_status":"open","ping_status":"closed","template":"","meta":{"_acf_changed":false},"product_brand":[],"product_cat":[361,188,187,186],"product_tag":[],"class_list":{"0":"post-9282","1":"product","2":"type-product","3":"status-publish","4":"has-post-thumbnail","6":"product_cat-louis-vuitton-marka","7":"product_cat-unisex","8":"product_cat-za-muskarce","9":"product_cat-za-zene","11":"first","12":"instock","13":"taxable","14":"shipping-taxable","15":"purchasable","16":"product-type-variable","17":"has-default-attributes"},"acf":[],"_links":{"self":[{"href":"https:\/\/nicolefragrance.se\/hr\/wp-json\/wp\/v2\/product\/9282","targetHints":{"allow":["GET"]}}],"collection":[{"href":"https:\/\/nicolefragrance.se\/hr\/wp-json\/wp\/v2\/product"}],"about":[{"href":"https:\/\/nicolefragrance.se\/hr\/wp-json\/wp\/v2\/types\/product"}],"replies":[{"embeddable":true,"href":"https:\/\/nicolefragrance.se\/hr\/wp-json\/wp\/v2\/comments?post=9282"}],"version-history":[{"count":0,"href":"https:\/\/nicolefragrance.se\/hr\/wp-json\/wp\/v2\/product\/9282\/revisions"}],"wp:featuredmedia":[{"embeddable":true,"href":"https:\/\/nicolefragrance.se\/hr\/wp-json\/wp\/v2\/media\/25895"}],"wp:attachment":[{"href":"https:\/\/nicolefragrance.se\/hr\/wp-json\/wp\/v2\/media?parent=9282"}],"wp:term":[{"taxonomy":"product_brand","embeddable":true,"href":"https:\/\/nicolefragrance.se\/hr\/wp-json\/wp\/v2\/product_brand?post=9282"},{"taxonomy":"product_cat","embeddable":true,"href":"https:\/\/nicolefragrance.se\/hr\/wp-json\/wp\/v2\/product_cat?post=9282"},{"taxonomy":"product_tag","embeddable":true,"href":"https:\/\/nicolefragrance.se\/hr\/wp-json\/wp\/v2\/product_tag?post=9282"}],"curies":[{"name":"wp","href":"https:\/\/api.w.org\/{rel}","templated":true}]}}