{"id":9247,"date":"2024-06-11T19:12:06","date_gmt":"2024-06-11T17:12:06","guid":{"rendered":"https:\/\/nicolefragrance.se\/?post_type=product&#038;p=9247"},"modified":"2026-01-31T23:04:12","modified_gmt":"2026-01-31T22:04:12","slug":"arabians-tonka-montale-nicole-edp","status":"publish","type":"product","link":"https:\/\/nicolefragrance.se\/hr\/proizvod\/arabians-tonka-montale-nicole-edp\/","title":{"rendered":"Nicole 3073 EDP inspiriran s Arabians Tonka Montale"},"content":{"rendered":"<p><strong>Arabians Tonka by Montale<\/strong> je orijentalno-drveni unisex miris namijenjen \u017eenama i mu\u0161karcima, lansiran 2019. godine.<\/p>\n<p>U vrhu ovog univerzalnog parfema isti\u010du se \u0161afran i bergamot, dok u srcu dominiraju oud i bugarska ru\u017ea. U osnovi parfema, bazne note \u010dine tonka grah, \u0161e\u0107erna trska, amber, bijeli mo\u0161us i hrastova mahovina.<\/p>\n<p><strong>Arabians Tonka Montale<\/strong> je kreiran za ljubitelje rijetkih i unikatnih parfema. Simboli\u010dno predstavlja po\u010dast \u010duvenim arapskim konjima. Ovo je hrabar, vatren, ali i pomalo \u017eenstven miris, koji o\u010darava svojom izra\u017eajno\u0161\u0107u. Dobro izbalansiran i zavodljiv, idealan je za jesensku i zimsku sezonu.<\/p>\n<p>Njegov adiktivan i jedinstven miris u kombinaciji sa izuzetnom postojano\u0161\u0107u garantira komplimente i \u010dine ga neodoljivim izborom.<\/p>\n<p>Osjetite mo\u0107 i eleganciju ovog mirisa i razveselite sebe ili nekog posebnog ovim nezaboravnim iskustvom. Nabavite Arabians Tonka ve\u0107 danas i do\u017eivite \u010daroliju orijenta u svakom trenutku.<\/p>\n","protected":false},"excerpt":{"rendered":"<p>Arabians Tonka Montale je kreiran za ljubitelje rijetkih i unikatnih parfema. Simboli\u010dno predstavlja po\u010dast \u010duvenim arapskim konjima. Ovo je hrabar, vatren, ali i pomalo \u017eenstven miris, koji o\u010darava svojom izra\u017eajno\u0161\u0107u. Dobro izbalansiran i zavodljiv, idealan je za jesensku i zimsku sezonu.<\/p>\n","protected":false},"featured_media":25884,"comment_status":"open","ping_status":"closed","template":"","meta":{"_acf_changed":false},"product_brand":[],"product_cat":[242,188,187,186],"product_tag":[],"class_list":{"0":"post-9247","1":"product","2":"type-product","3":"status-publish","4":"has-post-thumbnail","6":"product_cat-montale-marka","7":"product_cat-unisex","8":"product_cat-za-muskarce","9":"product_cat-za-zene","11":"first","12":"instock","13":"taxable","14":"shipping-taxable","15":"purchasable","16":"product-type-variable","17":"has-default-attributes"},"acf":[],"_links":{"self":[{"href":"https:\/\/nicolefragrance.se\/hr\/wp-json\/wp\/v2\/product\/9247","targetHints":{"allow":["GET"]}}],"collection":[{"href":"https:\/\/nicolefragrance.se\/hr\/wp-json\/wp\/v2\/product"}],"about":[{"href":"https:\/\/nicolefragrance.se\/hr\/wp-json\/wp\/v2\/types\/product"}],"replies":[{"embeddable":true,"href":"https:\/\/nicolefragrance.se\/hr\/wp-json\/wp\/v2\/comments?post=9247"}],"version-history":[{"count":0,"href":"https:\/\/nicolefragrance.se\/hr\/wp-json\/wp\/v2\/product\/9247\/revisions"}],"wp:featuredmedia":[{"embeddable":true,"href":"https:\/\/nicolefragrance.se\/hr\/wp-json\/wp\/v2\/media\/25884"}],"wp:attachment":[{"href":"https:\/\/nicolefragrance.se\/hr\/wp-json\/wp\/v2\/media?parent=9247"}],"wp:term":[{"taxonomy":"product_brand","embeddable":true,"href":"https:\/\/nicolefragrance.se\/hr\/wp-json\/wp\/v2\/product_brand?post=9247"},{"taxonomy":"product_cat","embeddable":true,"href":"https:\/\/nicolefragrance.se\/hr\/wp-json\/wp\/v2\/product_cat?post=9247"},{"taxonomy":"product_tag","embeddable":true,"href":"https:\/\/nicolefragrance.se\/hr\/wp-json\/wp\/v2\/product_tag?post=9247"}],"curies":[{"name":"wp","href":"https:\/\/api.w.org\/{rel}","templated":true}]}}