{"id":924,"date":"2021-01-07T19:53:11","date_gmt":"2021-01-07T18:53:11","guid":{"rendered":"https:\/\/nicolefragrance.se\/?post_type=product&#038;p=924"},"modified":"2025-07-10T15:36:39","modified_gmt":"2025-07-10T13:36:39","slug":"yves-saint-laurent-y-nicole-edp","status":"publish","type":"product","link":"https:\/\/nicolefragrance.se\/hr\/proizvod\/yves-saint-laurent-y-nicole-edp\/","title":{"rendered":"Nicole 3009 EDP inspiriran s Y Yves Saint Laurent"},"content":{"rendered":"<p><strong>Y by Yves Saint Laurent<\/strong>\u00a0 je mu\u0161ki miris koji odra\u017eava duh mladih generacija. Predstavljena 2017. godine, ova intrigantna kombinacija drvenastih i aromati\u010dnih nota \u010dini ga izvanredno modernim i privla\u010dnim parfemom za mu\u0161karce.<\/p>\n<p>Gornje note mirisa uklju\u010duju aldehide, bergamot, \u0111umbir, nanu i limun koji odi\u0161u svje\u017einom i energijom, stvaraju\u0107i dinami\u010dan i sofisticiran prvi utisak. U srcu parfema nalaze se arome jabuke, listova ljubi\u010dice, ananasa, \u017ealfije i geranija. Ove note daju vo\u0107ni i za\u010dinski karakter mirisu, stvaraju\u0107i zavodljiv mirisni profil. Bazu \u010dine ambergris, mo\u0161us, kedar, balsam smreke, vetiver i tamjan koji dodaju dubinu i trajnost mirisu.<\/p>\n<p><strong>Y\u00a0 by Yves Saint Laurent<\/strong> je parfem koji je namijenjen da uhvati i zadr\u017ei duh mladosti. Naziv mirisa, jednostavno &#8220;Y,&#8221; upravo simbolizira mladala\u010dki duh, hrabrost i otvorenost ka novim iskustvima. Ovaj miris je svje\u017e i suptilan, a opet dovoljno sna\u017ean da istakne va\u0161u jedinstvenu li\u010dnost.<\/p>\n<p><strong>Y\u00a0 by Yves Saint Laurent<\/strong> je vi\u0161e od mirisa &#8211; to je izjava o stilu i samopouzdanju. Bilo da ga nosite svakodnevno ili za posebne prilike, ovaj miris \u0107e vam pomo\u0107i da istaknete svoju mladala\u010dku energiju i \u0161arm.<\/p>\n<p>Ovaj miris donosi svje\u017einu, mo\u0107 i \u0161ik eleganciju. Postanite neodoljivi i ostavite neizbrisiv utisak sa <strong>Yves Saint Laurent Y<\/strong> parfemom.<\/p>\n","protected":false},"excerpt":{"rendered":"<p>Y\u00a0 by Yves Saint Laurent je parfem koji je namijenjen da uhvati duh mladosti. Naziv mirisa, jednostavno &#8220;Y,&#8221; simbolizira mladala\u010dki duh, hrabrost i otvorenost ka novim iskustvima. Ovaj miris je svje\u017e i suptilan, a opet dovoljno sna\u017ean da istakne va\u0161u jedinstvenu li\u010dnost. Donosi svje\u017einu, mo\u0107 i \u0161ik eleganciju. Postanite neodoljivi i ostavite neizbrisiv utisak sa Yves Saint Laurent Y parfemom.<\/p>\n","protected":false},"featured_media":28361,"comment_status":"open","ping_status":"closed","template":"","meta":{"_acf_changed":false},"product_brand":[],"product_cat":[206,187],"product_tag":[],"class_list":{"0":"post-924","1":"product","2":"type-product","3":"status-publish","4":"has-post-thumbnail","6":"product_cat-yves-saint-laurent-marka","7":"product_cat-za-muskarce","9":"first","10":"instock","11":"taxable","12":"shipping-taxable","13":"purchasable","14":"product-type-variable","15":"has-default-attributes"},"acf":[],"_links":{"self":[{"href":"https:\/\/nicolefragrance.se\/hr\/wp-json\/wp\/v2\/product\/924","targetHints":{"allow":["GET"]}}],"collection":[{"href":"https:\/\/nicolefragrance.se\/hr\/wp-json\/wp\/v2\/product"}],"about":[{"href":"https:\/\/nicolefragrance.se\/hr\/wp-json\/wp\/v2\/types\/product"}],"replies":[{"embeddable":true,"href":"https:\/\/nicolefragrance.se\/hr\/wp-json\/wp\/v2\/comments?post=924"}],"version-history":[{"count":0,"href":"https:\/\/nicolefragrance.se\/hr\/wp-json\/wp\/v2\/product\/924\/revisions"}],"wp:featuredmedia":[{"embeddable":true,"href":"https:\/\/nicolefragrance.se\/hr\/wp-json\/wp\/v2\/media\/28361"}],"wp:attachment":[{"href":"https:\/\/nicolefragrance.se\/hr\/wp-json\/wp\/v2\/media?parent=924"}],"wp:term":[{"taxonomy":"product_brand","embeddable":true,"href":"https:\/\/nicolefragrance.se\/hr\/wp-json\/wp\/v2\/product_brand?post=924"},{"taxonomy":"product_cat","embeddable":true,"href":"https:\/\/nicolefragrance.se\/hr\/wp-json\/wp\/v2\/product_cat?post=924"},{"taxonomy":"product_tag","embeddable":true,"href":"https:\/\/nicolefragrance.se\/hr\/wp-json\/wp\/v2\/product_tag?post=924"}],"curies":[{"name":"wp","href":"https:\/\/api.w.org\/{rel}","templated":true}]}}