{"id":912,"date":"2021-01-07T19:22:25","date_gmt":"2021-01-07T18:22:25","guid":{"rendered":"https:\/\/nicolefragrance.se\/?post_type=product&#038;p=912"},"modified":"2025-07-10T15:38:28","modified_gmt":"2025-07-10T13:38:28","slug":"paco-rabanne-invictus-legend-nicole-edp","status":"publish","type":"product","link":"https:\/\/nicolefragrance.se\/hr\/proizvod\/paco-rabanne-invictus-legend-nicole-edp\/","title":{"rendered":"Nicole 3005 EDP inspiriran s Invictus Legend Paco Rabanne"},"content":{"rendered":"<p><strong>Invictus Legend by Paco Rabanne<\/strong> je miris za mu\u0161karce koji se izdvaja kao legenda me\u0111u mirisima. Ovaj miris je lansiran 2019. godine i predstavlja poja\u010danu verziju popularne Invictus linije.<\/p>\n<p>Na samom po\u010detku, Invictus Legend osvaja svje\u017eim i slatkim notama grejpfruta, morskih tonova i ambera. Ovaj miris kombinira slatku citrusnu vibru s toplim i slanim oceanskim aromama. Savr\u0161en je za svakodnevno no\u0161enje, pru\u017eaju\u0107i sna\u017enu i dugotrajnu projekciju.<\/p>\n<p><strong>Invictus Legend by Paco Rabanne<\/strong> zadr\u017eava prepoznatljivu DNK Invictus linije, ali je istovremeno i svojstvena legenda me\u0111u mu\u0161kim mirisima. Ova kombinacija \u010dini ga neodoljivim izborom za mu\u0161karce koji \u017eele da se istaknu i osje\u0107aju kao nepobjedivi pobjednici.<\/p>\n<p>Karakteriziraju ga izra\u017eena svje\u017eina i slatko\u0107a, uz morske arome koje ga \u010dine posebnim. Ovaj miris je poput hrabrog pionira me\u0111u mu\u0161kim parfemima i privla\u010di pa\u017enju gdje god da se pojavi.<\/p>\n<p>Paco Rabanne je jo\u0161 jednom dokazao svoju sposobnost da stvori nezaboravne mirise koji ostavljaju sna\u017ean utisak. Invictus Legend nije samo miris, ve\u0107 i izjava o mu\u0161koj snazi i samopouzdanju.<\/p>\n<p>Uzmite <strong>Invictus Legend by Paco Rabanne<\/strong> i postanite nepobjediva legenda u svijetu mirisa. Osjetite mo\u0107 ovog jedinstvenog parfema i poka\u017eite svoju nezaustavljivu stranu.<\/p>\n","protected":false},"excerpt":{"rendered":"<p>Invictus Legend by Paco Rabanne zadr\u017eava prepoznatljivu DNK Invictus linije, ali je istovremeno i svojstvena legenda me\u0111u mu\u0161kim mirisima. Ova kombinacija \u010dini ga neodoljivim izborom za mu\u0161karce koji \u017eele da se istaknu i osje\u0107aju kao nepobjedivi pobjednici.\u00a0Ovaj miris je poput hrabrog pionira me\u0111u mu\u0161kim parfemima i privla\u010di pa\u017enju gdje god da se pojavi.<\/p>\n","protected":false},"featured_media":28372,"comment_status":"open","ping_status":"closed","template":"","meta":{"_acf_changed":false},"product_brand":[],"product_cat":[198,187],"product_tag":[],"class_list":{"0":"post-912","1":"product","2":"type-product","3":"status-publish","4":"has-post-thumbnail","6":"product_cat-paco-rabanne-marka","7":"product_cat-za-muskarce","9":"first","10":"instock","11":"taxable","12":"shipping-taxable","13":"purchasable","14":"product-type-variable","15":"has-default-attributes"},"acf":[],"_links":{"self":[{"href":"https:\/\/nicolefragrance.se\/hr\/wp-json\/wp\/v2\/product\/912","targetHints":{"allow":["GET"]}}],"collection":[{"href":"https:\/\/nicolefragrance.se\/hr\/wp-json\/wp\/v2\/product"}],"about":[{"href":"https:\/\/nicolefragrance.se\/hr\/wp-json\/wp\/v2\/types\/product"}],"replies":[{"embeddable":true,"href":"https:\/\/nicolefragrance.se\/hr\/wp-json\/wp\/v2\/comments?post=912"}],"version-history":[{"count":0,"href":"https:\/\/nicolefragrance.se\/hr\/wp-json\/wp\/v2\/product\/912\/revisions"}],"wp:featuredmedia":[{"embeddable":true,"href":"https:\/\/nicolefragrance.se\/hr\/wp-json\/wp\/v2\/media\/28372"}],"wp:attachment":[{"href":"https:\/\/nicolefragrance.se\/hr\/wp-json\/wp\/v2\/media?parent=912"}],"wp:term":[{"taxonomy":"product_brand","embeddable":true,"href":"https:\/\/nicolefragrance.se\/hr\/wp-json\/wp\/v2\/product_brand?post=912"},{"taxonomy":"product_cat","embeddable":true,"href":"https:\/\/nicolefragrance.se\/hr\/wp-json\/wp\/v2\/product_cat?post=912"},{"taxonomy":"product_tag","embeddable":true,"href":"https:\/\/nicolefragrance.se\/hr\/wp-json\/wp\/v2\/product_tag?post=912"}],"curies":[{"name":"wp","href":"https:\/\/api.w.org\/{rel}","templated":true}]}}