{"id":900,"date":"2021-01-07T19:19:26","date_gmt":"2021-01-07T18:19:26","guid":{"rendered":"https:\/\/nicolefragrance.se\/?post_type=product&#038;p=900"},"modified":"2026-01-31T23:04:09","modified_gmt":"2026-01-31T22:04:09","slug":"armani-code-absolu-nicole-edp","status":"publish","type":"product","link":"https:\/\/nicolefragrance.se\/hr\/proizvod\/armani-code-absolu-nicole-edp\/","title":{"rendered":"Nicole 3004 EDP inspiriran s Code Absolu Armani"},"content":{"rendered":"<p><strong>Armani Code Absolu<\/strong> by Giorgio Armani predstavlja miris novog doba &#8211; mu\u017eevan, senzualan i luksuzan. Lansiran 2019. godine, ovaj mu\u0161ki parfem je stvoren za mu\u0161karca koji \u017eivi \u017eivot punim plu\u0107ima, samouvjereno i sa stilom.<\/p>\n<p><strong>Armani Code Absolu<\/strong> otvara se hrabrom morskom notom ruma, koja dodaje dubinu i strast ovom mirisu. Ova senzualna i zavodljiva nota kontrastira sa slatkom tonkom i toplim notama vanilije, obavijenim dragocijenim zlatom. Ovaj miris \u0107e vas odvesti na putovanje kroz senzualnost i mu\u017eevnost. Baza mirisa, koju \u010dini tonka grah, poznata iz originalnog Code parfema, poja\u010dana je toplim i senzualnim buketom nota cvjetnog mirisa naran\u010dinog cvijeta, jasmina i tuberoze. Ove cvjetne note dodaju svje\u017einu i \u017eenstvenost, stvaraju\u0107i harmoni\u010dnu ravnote\u017eu sa hrabrim morskim notama.<\/p>\n<p><strong>Armani Code Absolu<\/strong> je parfem koji odi\u0161e senzualno\u0161\u0107u i mu\u017eevno\u0161\u0107u. Njegova dobro izbalansirana kompozicija \u010dini ga izuzetno privla\u010dnim i dugotrajnim mirisom. Nosite ga tijekom ve\u010derrnjih izlazaka, no\u0107nih provoda ili romanti\u010dnih sastanaka &#8211; ovaj miris \u0107e vas uvijek pratiti svojom senzualnom notom.<\/p>\n<p><strong>Armani Code Absolu<\/strong> postavlja novi standard za mu\u017eevnost i senzualnost. Ovaj miris je hrabar, strastven i neodoljiv, a njegova trajnost \u0107e vas odu\u0161eviti. Osvje\u017eite svoj stil ovim senzualnim i privla\u010dnim mirisom koji \u0107e vas pratiti kroz sve va\u0161e avanture i romanti\u010dne trenutke.<\/p>\n","protected":false},"excerpt":{"rendered":"<p>Armani Code Absolu je parfem koji odi\u0161e senzualno\u0161\u0107u i mu\u017eevno\u0161\u0107u. Njegova dobro izbalansirana kompozicija \u010dini ga izuzetno privla\u010dnim i dugotrajnim mirisom. Nosite ga tijekom ve\u010derrnjih izlazaka, no\u0107nih provoda ili romanti\u010dnih sastanaka &#8211; ovaj miris \u0107e vas uvijek pratiti svojom senzualnom notom. Ovaj mu\u0161ki parfem je stvoren za mu\u0161karca koji \u017eivi \u017eivot punim plu\u0107ima, samouvjereno i sa stilom.<\/p>\n","protected":false},"featured_media":28383,"comment_status":"open","ping_status":"closed","template":"","meta":{"_acf_changed":false},"product_brand":[],"product_cat":[191,187],"product_tag":[],"class_list":{"0":"post-900","1":"product","2":"type-product","3":"status-publish","4":"has-post-thumbnail","6":"product_cat-armani-marka","7":"product_cat-za-muskarce","9":"first","10":"instock","11":"taxable","12":"shipping-taxable","13":"purchasable","14":"product-type-variable","15":"has-default-attributes"},"acf":[],"_links":{"self":[{"href":"https:\/\/nicolefragrance.se\/hr\/wp-json\/wp\/v2\/product\/900","targetHints":{"allow":["GET"]}}],"collection":[{"href":"https:\/\/nicolefragrance.se\/hr\/wp-json\/wp\/v2\/product"}],"about":[{"href":"https:\/\/nicolefragrance.se\/hr\/wp-json\/wp\/v2\/types\/product"}],"replies":[{"embeddable":true,"href":"https:\/\/nicolefragrance.se\/hr\/wp-json\/wp\/v2\/comments?post=900"}],"version-history":[{"count":0,"href":"https:\/\/nicolefragrance.se\/hr\/wp-json\/wp\/v2\/product\/900\/revisions"}],"wp:featuredmedia":[{"embeddable":true,"href":"https:\/\/nicolefragrance.se\/hr\/wp-json\/wp\/v2\/media\/28383"}],"wp:attachment":[{"href":"https:\/\/nicolefragrance.se\/hr\/wp-json\/wp\/v2\/media?parent=900"}],"wp:term":[{"taxonomy":"product_brand","embeddable":true,"href":"https:\/\/nicolefragrance.se\/hr\/wp-json\/wp\/v2\/product_brand?post=900"},{"taxonomy":"product_cat","embeddable":true,"href":"https:\/\/nicolefragrance.se\/hr\/wp-json\/wp\/v2\/product_cat?post=900"},{"taxonomy":"product_tag","embeddable":true,"href":"https:\/\/nicolefragrance.se\/hr\/wp-json\/wp\/v2\/product_tag?post=900"}],"curies":[{"name":"wp","href":"https:\/\/api.w.org\/{rel}","templated":true}]}}