{"id":840,"date":"2021-01-07T19:03:53","date_gmt":"2021-01-07T18:03:53","guid":{"rendered":"https:\/\/nicolefragrance.se\/?post_type=product&#038;p=840"},"modified":"2025-07-10T15:52:52","modified_gmt":"2025-07-10T13:52:52","slug":"dior-fahrenheit-32-nicole-edp","status":"publish","type":"product","link":"https:\/\/nicolefragrance.se\/hr\/proizvod\/dior-fahrenheit-32-nicole-edp\/","title":{"rendered":"Nicole 781 EDP inspiriran s Fahrenheit 32 Dior"},"content":{"rendered":"<p><strong>Dior Fahrenheit 32<\/strong> je mu\u0161ki miris koji odi\u0161e jednostavno\u0161\u0107u u svojim notama, ali se istovremeno izdvaja svojom dubokom sofisticirano\u0161\u0107u i kompliciranim mirisnim profilom. Ovaj parfem, lansiran 2007. godine, donosi neodoljivu kombinaciju svje\u017eine i topline, stvaraju\u0107i mirisno iskustvo koje se pamti.<\/p>\n<p><strong>Fahrenheit 32 by Dior<\/strong> otvara se notama naran\u010dinog cvijeta. Ova nota je osvje\u017eavaju\u0107a, poput jutarnjeg povjetarca u naran\u010dinom vo\u0107njaku i podsje\u0107a na sun\u010dane i optimisti\u010dke dane. Srednji dio ovog mirisa isti\u010de vetiver, sastojak koji donosi mu\u017eevnu dubinu. Vetiver je zemljani, drveni i blago dimni sastojak koji dodaje ozbiljnost i sofisticiranost mirisu. Ova nota vas uvodi u dublje slojeve mirisa, otkrivaju\u0107i njegovu kompleksnost. U osnovi parfema je topla i privla\u010dna vanilija, koja dodaje element topline mirisu. Kada se miris smiri na ko\u017ei, ostavlja neodoljiv i pomalo zavodljiv trag.<\/p>\n<p><strong>Dior Fahrenheit 32<\/strong> je suptilan i lagan miris koji privla\u010di pa\u017enju svojom jedinstvenom kombinacijom svje\u017eine i topline. Iako je prvobitno stvoren za mu\u0161karce, njegova univerzalna privla\u010dnost \u010dini ga podjednako intrigantnim i za \u017eene. Ovaj miris je kao stvoren za sofisticirane i suptilne osobe koje cijene jednostavnost sa dubokim slojevima.<\/p>\n<p><strong>Fahrenheit 32<\/strong> je miris koji spaja svje\u017einu, mu\u017eevnost i toplinu u jedinstvenom mirisnom iskustvu. Njegova jednostavnost \u010dini ga idealnim izborom za svakodnevno no\u0161enje i posebne prilike.<\/p>\n","protected":false},"excerpt":{"rendered":"<p>Dior Fahrenheit 32 je suptilan i lagan miris koji privla\u010di pa\u017enju svojom jedinstvenom kombinacijom svje\u017eine i topline. Iako je prvobitno stvoren za mu\u0161karce, njegova univerzalna privla\u010dnost \u010dini ga podjednako intrigantnim i za \u017eene. Ovaj miris je kao stvoren za sofisticirane i suptilne osobe koje cijene jednostavnost sa dubokim slojevima. Fahrenheit 32 je miris koji spaja svje\u017einu, mu\u017eevnost i toplinu u jedinstvenom mirisnom iskustvu.<\/p>\n","protected":false},"featured_media":28439,"comment_status":"open","ping_status":"closed","template":"","meta":{"_acf_changed":false},"product_brand":[],"product_cat":[192,187],"product_tag":[],"class_list":{"0":"post-840","1":"product","2":"type-product","3":"status-publish","4":"has-post-thumbnail","6":"product_cat-dior-marka","7":"product_cat-za-muskarce","9":"first","10":"instock","11":"taxable","12":"shipping-taxable","13":"purchasable","14":"product-type-variable","15":"has-default-attributes"},"acf":[],"_links":{"self":[{"href":"https:\/\/nicolefragrance.se\/hr\/wp-json\/wp\/v2\/product\/840","targetHints":{"allow":["GET"]}}],"collection":[{"href":"https:\/\/nicolefragrance.se\/hr\/wp-json\/wp\/v2\/product"}],"about":[{"href":"https:\/\/nicolefragrance.se\/hr\/wp-json\/wp\/v2\/types\/product"}],"replies":[{"embeddable":true,"href":"https:\/\/nicolefragrance.se\/hr\/wp-json\/wp\/v2\/comments?post=840"}],"version-history":[{"count":0,"href":"https:\/\/nicolefragrance.se\/hr\/wp-json\/wp\/v2\/product\/840\/revisions"}],"wp:featuredmedia":[{"embeddable":true,"href":"https:\/\/nicolefragrance.se\/hr\/wp-json\/wp\/v2\/media\/28439"}],"wp:attachment":[{"href":"https:\/\/nicolefragrance.se\/hr\/wp-json\/wp\/v2\/media?parent=840"}],"wp:term":[{"taxonomy":"product_brand","embeddable":true,"href":"https:\/\/nicolefragrance.se\/hr\/wp-json\/wp\/v2\/product_brand?post=840"},{"taxonomy":"product_cat","embeddable":true,"href":"https:\/\/nicolefragrance.se\/hr\/wp-json\/wp\/v2\/product_cat?post=840"},{"taxonomy":"product_tag","embeddable":true,"href":"https:\/\/nicolefragrance.se\/hr\/wp-json\/wp\/v2\/product_tag?post=840"}],"curies":[{"name":"wp","href":"https:\/\/api.w.org\/{rel}","templated":true}]}}