{"id":828,"date":"2021-01-07T19:01:14","date_gmt":"2021-01-07T18:01:14","guid":{"rendered":"https:\/\/nicolefragrance.se\/?post_type=product&#038;p=828"},"modified":"2025-07-10T15:54:33","modified_gmt":"2025-07-10T13:54:33","slug":"hugo-boss-selection-nicole-edp","status":"publish","type":"product","link":"https:\/\/nicolefragrance.se\/hr\/proizvod\/hugo-boss-selection-nicole-edp\/","title":{"rendered":"Nicole 776 EDP inspiriran s Boss Selection Hugo Boss"},"content":{"rendered":"<p><strong>Boss Selection by Hugo Boss<\/strong> je mu\u0161ki parfem koji simbolizira stil i samopouzdanje, namijenjen mu\u0161karcu koji je ponosan na svoje uspjehe.<\/p>\n<p><strong>Boss Selection<\/strong> otvara svoju pri\u010du sa svje\u017eim notama zelene trave, so\u010dnog grejpfruta i mandarine, nadopunjenih za\u010dinskim akordima ru\u017ei\u010dastog papra. Ove note formiraju dinami\u010dan i energi\u010dan uvod, ostavljaju\u0107i jak prvi utisak. U srcu mirisa, osjetiti \u0107ete miris geranija i listova kedra, oboga\u0107enih notama zvjezdastog anisa i naran\u010dinog ulja. Ova kombinacija stvara harmoni\u010dan prelaz izme\u0111u svje\u017eine otvaranja i dublje slo\u017eenosti mirisa. Baza mirisa donosi zavodljive note pa\u010dulija, vetivera, kedra, heliotropa i prozirnih mo\u0161usnih akorda. Ovi sastojci dodaju dubinu i karakter mirisu, stvaraju\u0107i mu\u017eevnu i sofisticiranu zavr\u0161nicu.<\/p>\n<p><strong>Boss Selection<\/strong> odra\u017eava samopouzdanje i uspjeh, ba\u0161 kao i mu\u0161karac za koga je kreiran. namijenjen je mu\u0161karcima koji ne samo da posti\u017eu uspjehe, ve\u0107 \u017eive \u017eivot punim plu\u0107ima i ostavljaju svoj pe\u010dat na svijetu.<\/p>\n<p><strong>Boss Selection by Hugo Boss<\/strong> je parfem za samopouzdanog mu\u0161karca sa jasnim ciljevima i vizijom. Ovaj miris predstavlja savr\u0161enu ravnote\u017eu izme\u0111u klasi\u010dnog i modernog, izra\u017eavaju\u0107i karakter i samopouzdanje nosioca. Uz svoju izra\u017eajnost i kompleksnost, Boss Selection je pravi izbor za mu\u0161karca sa smislom za stil i jasnom predstavom o tome \u0161to \u017eeli posti\u0107i u \u017eivotu.<\/p>\n","protected":false},"excerpt":{"rendered":"<p>Boss Selection by Hugo Boss je mu\u0161ki parfem koji simbolizira stil i samopouzdanje, namijenjen mu\u0161karcu koji je ponosan na svoje uspjehe. Ovaj miris predstavlja savr\u0161enu ravnote\u017eu izme\u0111u klasi\u010dnog i modernog, izra\u017eavaju\u0107i karakter i samopouzdanje nosioca. Uz svoju izra\u017eajnost i kompleksnost, Boss Selection je pravi izbor za mu\u0161karca sa smislom za stil i jasnom predstavom o tome \u0161to \u017eeli posti\u0107i u \u017eivotu.<\/p>\n","protected":false},"featured_media":28450,"comment_status":"open","ping_status":"closed","template":"","meta":{"_acf_changed":false},"product_brand":[],"product_cat":[193,187],"product_tag":[],"class_list":{"0":"post-828","1":"product","2":"type-product","3":"status-publish","4":"has-post-thumbnail","6":"product_cat-hugo-boss-marka","7":"product_cat-za-muskarce","9":"first","10":"instock","11":"taxable","12":"shipping-taxable","13":"purchasable","14":"product-type-variable","15":"has-default-attributes"},"acf":[],"_links":{"self":[{"href":"https:\/\/nicolefragrance.se\/hr\/wp-json\/wp\/v2\/product\/828","targetHints":{"allow":["GET"]}}],"collection":[{"href":"https:\/\/nicolefragrance.se\/hr\/wp-json\/wp\/v2\/product"}],"about":[{"href":"https:\/\/nicolefragrance.se\/hr\/wp-json\/wp\/v2\/types\/product"}],"replies":[{"embeddable":true,"href":"https:\/\/nicolefragrance.se\/hr\/wp-json\/wp\/v2\/comments?post=828"}],"version-history":[{"count":0,"href":"https:\/\/nicolefragrance.se\/hr\/wp-json\/wp\/v2\/product\/828\/revisions"}],"wp:featuredmedia":[{"embeddable":true,"href":"https:\/\/nicolefragrance.se\/hr\/wp-json\/wp\/v2\/media\/28450"}],"wp:attachment":[{"href":"https:\/\/nicolefragrance.se\/hr\/wp-json\/wp\/v2\/media?parent=828"}],"wp:term":[{"taxonomy":"product_brand","embeddable":true,"href":"https:\/\/nicolefragrance.se\/hr\/wp-json\/wp\/v2\/product_brand?post=828"},{"taxonomy":"product_cat","embeddable":true,"href":"https:\/\/nicolefragrance.se\/hr\/wp-json\/wp\/v2\/product_cat?post=828"},{"taxonomy":"product_tag","embeddable":true,"href":"https:\/\/nicolefragrance.se\/hr\/wp-json\/wp\/v2\/product_tag?post=828"}],"curies":[{"name":"wp","href":"https:\/\/api.w.org\/{rel}","templated":true}]}}