{"id":816,"date":"2021-01-07T18:58:07","date_gmt":"2021-01-07T17:58:07","guid":{"rendered":"https:\/\/nicolefragrance.se\/?post_type=product&#038;p=816"},"modified":"2025-07-10T15:56:26","modified_gmt":"2025-07-10T13:56:26","slug":"thierry-mugler-angel-nicole-edp-2","status":"publish","type":"product","link":"https:\/\/nicolefragrance.se\/hr\/proizvod\/thierry-mugler-angel-nicole-edp-2\/","title":{"rendered":"Nicole 737 EDP inspiriran s A Men Thierry Mugler"},"content":{"rendered":"<p><strong>A Men by Thierry Mugler<\/strong> je parfem lansiran 1996. godine, namijenjen mu\u0161karcima koji \u017eele da istaknu svoju unutra\u0161nju snagu i samopouzdanje. Ovaj parfem predstavlja suvremenu ikonu mu\u017eevnosti i hrabrosti, stvaraju\u0107i aromati\u010dnu i privla\u010dnu mirisnu kompoziciju koja odi\u0161e snagom i karakterom.<\/p>\n<p>Parfem se otvara akordima mente i lavande, stvaraju\u0107i svje\u017einu i dinami\u010dnost koja isti\u010de vitalnost nosioca parfema. Ovi gornji akordi pru\u017eaju o\u0161tor i upe\u010datljiv po\u010detak, isti\u010du\u0107i mu\u017eevnu i sofisticiranu notu koja odra\u017eava samopouzdanje i autenti\u010dnost. Nakon otvaranja, parfem se razvija u intenzivnu drvenastu notu pa\u010dulija i Atlas kedra, stvaraju\u0107i dubinu i toplinu koja obavija nosioca parfema poput neodoljivog omota\u010da. Ovi srednji akordi donose toplinu i profinjenost, isti\u010du\u0107i samopouzdanje i mu\u017eevnost osobe koja nosi ovaj parfem. Na kraju, parfem se razvija u eksplozivnu energiju kave i smolastih nota, obavijenih toplim mo\u0161usom i tonkom. Ova zavr\u0161na kombinacija stvara dubok i senzualan do\u017eivljaj koji isti\u010de samopouzdanje i hrabrost, stvaraju\u0107i neodoljivu privla\u010dnost i intrigantan mirisni do\u017eivljaj.<\/p>\n<p><strong>A Men by Thierry Mugler<\/strong> je mu\u0161ki parfem \u010dija je jedinstvena i prepoznatljiva mirisna kompozicija idealna za posebne prilike i romanti\u010dne susrete, isti\u010du\u0107i unutra\u0161nju snagu i samopouzdanje nosioca parfema.<\/p>\n<p>Isprobajte\u00a0<strong>A Men<\/strong> i istaknite svoju samouvjerenost i hrabrost kroz sofisticiran i neodoljiv miris koji odi\u0161e karizmom i mu\u017eevno\u0161\u0107u.<\/p>\n","protected":false},"excerpt":{"rendered":"<p>A Men by Thierry Mugler je mu\u0161ki parfem \u010dija je jedinstvena i prepoznatljiva mirisna kompozicija idealna za posebne prilike i romanti\u010dne susrete, isti\u010du\u0107i unutra\u0161nju snagu i samopouzdanje nosioca parfema. Isprobajte\u00a0A Men i istaknite svoju samouvjerenost i hrabrost kroz sofisticiran i neodoljiv miris koji odi\u0161e karizmom i mu\u017eevno\u0161\u0107u.<\/p>\n","protected":false},"featured_media":28461,"comment_status":"open","ping_status":"closed","template":"","meta":{"_acf_changed":false},"product_brand":[],"product_cat":[204,187],"product_tag":[],"class_list":{"0":"post-816","1":"product","2":"type-product","3":"status-publish","4":"has-post-thumbnail","6":"product_cat-thierry-mugler-marka","7":"product_cat-za-muskarce","9":"first","10":"instock","11":"taxable","12":"shipping-taxable","13":"purchasable","14":"product-type-variable","15":"has-default-attributes"},"acf":[],"_links":{"self":[{"href":"https:\/\/nicolefragrance.se\/hr\/wp-json\/wp\/v2\/product\/816","targetHints":{"allow":["GET"]}}],"collection":[{"href":"https:\/\/nicolefragrance.se\/hr\/wp-json\/wp\/v2\/product"}],"about":[{"href":"https:\/\/nicolefragrance.se\/hr\/wp-json\/wp\/v2\/types\/product"}],"replies":[{"embeddable":true,"href":"https:\/\/nicolefragrance.se\/hr\/wp-json\/wp\/v2\/comments?post=816"}],"version-history":[{"count":0,"href":"https:\/\/nicolefragrance.se\/hr\/wp-json\/wp\/v2\/product\/816\/revisions"}],"wp:featuredmedia":[{"embeddable":true,"href":"https:\/\/nicolefragrance.se\/hr\/wp-json\/wp\/v2\/media\/28461"}],"wp:attachment":[{"href":"https:\/\/nicolefragrance.se\/hr\/wp-json\/wp\/v2\/media?parent=816"}],"wp:term":[{"taxonomy":"product_brand","embeddable":true,"href":"https:\/\/nicolefragrance.se\/hr\/wp-json\/wp\/v2\/product_brand?post=816"},{"taxonomy":"product_cat","embeddable":true,"href":"https:\/\/nicolefragrance.se\/hr\/wp-json\/wp\/v2\/product_cat?post=816"},{"taxonomy":"product_tag","embeddable":true,"href":"https:\/\/nicolefragrance.se\/hr\/wp-json\/wp\/v2\/product_tag?post=816"}],"curies":[{"name":"wp","href":"https:\/\/api.w.org\/{rel}","templated":true}]}}