{"id":804,"date":"2021-01-07T18:50:34","date_gmt":"2021-01-07T17:50:34","guid":{"rendered":"https:\/\/nicolefragrance.se\/?post_type=product&#038;p=804"},"modified":"2025-07-10T15:58:32","modified_gmt":"2025-07-10T13:58:32","slug":"armani-stronger-with-you-freeze-nicole-edp","status":"publish","type":"product","link":"https:\/\/nicolefragrance.se\/hr\/proizvod\/armani-stronger-with-you-freeze-nicole-edp\/","title":{"rendered":"Nicole 3006 EDP inspiriran s Stronger With You Freeze Armani"},"content":{"rendered":"<p><strong>Armani Stronger With You Freeze <\/strong>je mu\u0161ki parfem sa zapanjuju\u0107e osvje\u017eavaju\u0107om i modernom aromom. Ovaj parfem, lansiran 2020. godine, pripada grupi aromati\u010dnih fu\u017eer mirisa za mu\u0161karce i isti\u010de se svojom slo\u017eenom, ali privla\u010dnom kombinacijom nota koje \u0107e vas osvojiti.<\/p>\n<p>U uvodnim notama \u0107ete osjetiti svijetlucave tonove limete, \u0111umbira, mandarine i so\u010dne zelene jabuke. Ove note stvaraju po\u010detni osvje\u017eavaju\u0107i udarac, poput prve kapi jutarnje rose. Srce parfema \u010dini \u010dist i umiruju\u0107i miris \u017ealfije, obavijene lavandom i za\u010dinjene burbonskim geranijom i kardamomom. Ove note dodaju slo\u017eenost mirisu, dok istovremeno ostaju privla\u010dne i mu\u017eevne. <strong>Stronger With You Freeze<\/strong> zavr\u0161ava svoj put toplim i drvenastim notama koje \u010dine osnovu ovog mirisa. Amber i drvenasti akordi dopunjuju srce parfema, pru\u017eaju\u0107i dugotrajnost i dubinu.<\/p>\n<p>Ovaj miris je poput trenutka koji se zamrzava kako bi trajao vje\u010dno. <strong>Armani Stronger With You Freeze<\/strong> je savr\u0161en izbor za dnevno no\u0161enje, donose\u0107i vam ledenu svje\u017einu koja \u0107e vas o\u010darati i okru\u017eiti vas sofisticiranim mirisom. Ova svje\u017ea, ali kompleksna aroma osvje\u017ei\u0107e vas tijekom cijelog dana, \u010dine\u0107i vas spremnim za sve izazove koje \u017eivot nosi.<\/p>\n","protected":false},"excerpt":{"rendered":"<p>Armani Stronger With You Freeze je poput trenutka koji se zamrzava kako bi trajao vje\u010dno. Ovaj miris je savr\u0161en izbor za dnevno no\u0161enje, donose\u0107i vam ledenu svje\u017einu koja \u0107e vas o\u010darati i okru\u017eiti sofisticiranim mirisom. Ova svje\u017ea, ali kompleksna aroma osvje\u017eiti \u0107e vas tijekom cijelog dana, \u010dine\u0107i vas spremnim za sve izazove koje \u017eivot nosi.<\/p>\n","protected":false},"featured_media":28472,"comment_status":"open","ping_status":"closed","template":"","meta":{"_acf_changed":false},"product_brand":[],"product_cat":[191,187],"product_tag":[],"class_list":{"0":"post-804","1":"product","2":"type-product","3":"status-publish","4":"has-post-thumbnail","6":"product_cat-armani-marka","7":"product_cat-za-muskarce","9":"first","10":"instock","11":"taxable","12":"shipping-taxable","13":"purchasable","14":"product-type-variable","15":"has-default-attributes"},"acf":[],"_links":{"self":[{"href":"https:\/\/nicolefragrance.se\/hr\/wp-json\/wp\/v2\/product\/804","targetHints":{"allow":["GET"]}}],"collection":[{"href":"https:\/\/nicolefragrance.se\/hr\/wp-json\/wp\/v2\/product"}],"about":[{"href":"https:\/\/nicolefragrance.se\/hr\/wp-json\/wp\/v2\/types\/product"}],"replies":[{"embeddable":true,"href":"https:\/\/nicolefragrance.se\/hr\/wp-json\/wp\/v2\/comments?post=804"}],"version-history":[{"count":0,"href":"https:\/\/nicolefragrance.se\/hr\/wp-json\/wp\/v2\/product\/804\/revisions"}],"wp:featuredmedia":[{"embeddable":true,"href":"https:\/\/nicolefragrance.se\/hr\/wp-json\/wp\/v2\/media\/28472"}],"wp:attachment":[{"href":"https:\/\/nicolefragrance.se\/hr\/wp-json\/wp\/v2\/media?parent=804"}],"wp:term":[{"taxonomy":"product_brand","embeddable":true,"href":"https:\/\/nicolefragrance.se\/hr\/wp-json\/wp\/v2\/product_brand?post=804"},{"taxonomy":"product_cat","embeddable":true,"href":"https:\/\/nicolefragrance.se\/hr\/wp-json\/wp\/v2\/product_cat?post=804"},{"taxonomy":"product_tag","embeddable":true,"href":"https:\/\/nicolefragrance.se\/hr\/wp-json\/wp\/v2\/product_tag?post=804"}],"curies":[{"name":"wp","href":"https:\/\/api.w.org\/{rel}","templated":true}]}}