{"id":780,"date":"2021-01-07T10:13:29","date_gmt":"2021-01-07T09:13:29","guid":{"rendered":"https:\/\/nicolefragrance.se\/?post_type=product&#038;p=780"},"modified":"2025-07-10T16:12:07","modified_gmt":"2025-07-10T14:12:07","slug":"hugo-boss-boss-bottled-nicole-edp","status":"publish","type":"product","link":"https:\/\/nicolefragrance.se\/hr\/proizvod\/hugo-boss-boss-bottled-nicole-edp\/","title":{"rendered":"Nicole 726 EDP inspiriran s Boss Bottled Hugo Boss"},"content":{"rendered":"<p><strong>Boss Bottled by Hugo Boss<\/strong> je svje\u017e i o\u0161tor mu\u0161ki parfem, prvi put predstavljen 1998. godine.<\/p>\n<p>Isti\u010de se toplom drvenastom bazom u kojoj dominiraju akordi vanilije, sandalovine, kedra, vetivera i maslinovog drveta. Gornje note parfema \u010dine \u0161ljiva, hrastova mahovina, jabuka, limun, bergamot, geranij, a srednje note mahagonij, karanfil, cimet.<\/p>\n<p>Ako volite hrabre i mo\u0107ne mirise koji ostavljaju utisak ve\u0107 pri prvom prskanju, <strong>Hugo Boss Boss Bottled<\/strong> \u0107e vam se svidjeti definitivno. Boss Bottled nije tipi\u010dan ljetni miris, ve\u0107 mo\u017ee udobno da se nosi tijekom cijele godine. Ipak, najbolje je da ga sa\u010duvate za hladnije mjesece zahvaljuju\u0107i njegovoj toplijoj drvenastoj kompoziciji.<\/p>\n<p>Ovaj parfem nosi esenciju suvremenog mu\u0161karca &#8211; samouvjerenog, sofisticiranog i ambicioznog. Njegova svje\u017eina i toplota \u010dine ga izuzetno privla\u010dnim i svestranim izborom za svaku priliku.<\/p>\n<p>Bez obzira da li idete na posao, sastanak ili neki poseban doga\u0111aj, <strong>Boss Bottled by Hugo Boss<\/strong> \u0107e vas pratiti u stopu i doprinijeti va\u0161em neodoljivom \u0161armu. Njegova dugotrajnost i projekcija osiguravaju da ostanete primjetni gdje god da se nalazite. Ovaj parfem je poput savr\u0161enog odijela &#8211; nikada ne izlazi iz mode i uvijek ostavlja utisak.<\/p>\n","protected":false},"excerpt":{"rendered":"<p>Hugo Boss Boss Bottled nosi esenciju suvremenog mu\u0161karca &#8211; samouvjerenog, sofisticiranog i ambicioznog. Njegova svje\u017eina i toplina \u010dine ga izuzetno privla\u010dnim i svestranim izborom za svaku priliku. Bez obzira da li idete na posao, sastanak ili poseban doga\u0111aj, ovaj parfem \u0107e vas pratiti i doprinijeti va\u0161em neodoljivom \u0161armu. Njegova dugotrajnost i projekcija osiguravaju da ostanete primje\u0107eni gdje god da se nalazite.<\/p>\n","protected":false},"featured_media":28495,"comment_status":"open","ping_status":"closed","template":"","meta":{"_acf_changed":false},"product_brand":[],"product_cat":[193,187],"product_tag":[],"class_list":{"0":"post-780","1":"product","2":"type-product","3":"status-publish","4":"has-post-thumbnail","6":"product_cat-hugo-boss-marka","7":"product_cat-za-muskarce","9":"first","10":"instock","11":"taxable","12":"shipping-taxable","13":"purchasable","14":"product-type-variable","15":"has-default-attributes"},"acf":[],"_links":{"self":[{"href":"https:\/\/nicolefragrance.se\/hr\/wp-json\/wp\/v2\/product\/780","targetHints":{"allow":["GET"]}}],"collection":[{"href":"https:\/\/nicolefragrance.se\/hr\/wp-json\/wp\/v2\/product"}],"about":[{"href":"https:\/\/nicolefragrance.se\/hr\/wp-json\/wp\/v2\/types\/product"}],"replies":[{"embeddable":true,"href":"https:\/\/nicolefragrance.se\/hr\/wp-json\/wp\/v2\/comments?post=780"}],"version-history":[{"count":0,"href":"https:\/\/nicolefragrance.se\/hr\/wp-json\/wp\/v2\/product\/780\/revisions"}],"wp:featuredmedia":[{"embeddable":true,"href":"https:\/\/nicolefragrance.se\/hr\/wp-json\/wp\/v2\/media\/28495"}],"wp:attachment":[{"href":"https:\/\/nicolefragrance.se\/hr\/wp-json\/wp\/v2\/media?parent=780"}],"wp:term":[{"taxonomy":"product_brand","embeddable":true,"href":"https:\/\/nicolefragrance.se\/hr\/wp-json\/wp\/v2\/product_brand?post=780"},{"taxonomy":"product_cat","embeddable":true,"href":"https:\/\/nicolefragrance.se\/hr\/wp-json\/wp\/v2\/product_cat?post=780"},{"taxonomy":"product_tag","embeddable":true,"href":"https:\/\/nicolefragrance.se\/hr\/wp-json\/wp\/v2\/product_tag?post=780"}],"curies":[{"name":"wp","href":"https:\/\/api.w.org\/{rel}","templated":true}]}}