{"id":756,"date":"2021-01-07T10:09:03","date_gmt":"2021-01-07T09:09:03","guid":{"rendered":"https:\/\/nicolefragrance.se\/?post_type=product&#038;p=756"},"modified":"2026-02-13T10:32:26","modified_gmt":"2026-02-13T09:32:26","slug":"armani-stronger-with-you-nicole-edp","status":"publish","type":"product","link":"https:\/\/nicolefragrance.se\/hr\/proizvod\/armani-stronger-with-you-nicole-edp\/","title":{"rendered":"Nicole 818 EDP inspiriran s Stronger With You Armani"},"content":{"rendered":"<p><strong>Armani Stronger With You<\/strong> je mu\u0161ki miris koji isijava samopouzdanje i strast. Ovaj parfem za mu\u0161karce lansiran je 2017. godine i izdvaja se svojom neodoljivom kombinacijom za\u010dina, topline i slatkih nota u kojima dominiraju kesten i vanilija.<\/p>\n<p>Ve\u0107 otvaranjem bo\u010dice <strong>Stronger With You<\/strong> osjetiti \u0107ete da vas obavija svje\u017eina i za\u010dinjenost u isto vrijeme. U gornjim notama mirisa prepoznati \u0107ete svje\u017einu nane, \u017ealfije, ru\u017emarina i pikantnu crvenu papriku. Ubrzo potom, slatke note vanilije i kestena postupno preuzimaju kompoziciju. Ovo je miris koji odi\u0161e samopouzdanjem, a istovremeno je neodoljivo privla\u010dan i privla\u010dan.<\/p>\n<p><strong>Armani Stronger With You<\/strong> je izuzetno izdr\u017eljiv i dugotrajan parfem, \u0161to ga \u010dini savr\u0161enim izborom za radni dan, ali i podjednako prikladnim za ve\u010dernje doga\u0111aje i romanti\u010dne izlaske. Ovaj miris \u0107e vas pratiti kroz cijeli dan, ostavljaju\u0107i za sobom nezaboravan trag.<\/p>\n<p>Uzmite kontrolu nad svojim danom uz miris koji odra\u017eava va\u0161e samopouzdanje i strast. <strong>Stronger With You<\/strong> je miris koji \u0107e vas osna\u017eiti i podsjetiti da ste uvijek spremni da se suo\u010dite sa svijetom, bilo da je rije\u010d o poslu ili zadovoljstvima.<\/p>\n","protected":false},"excerpt":{"rendered":"<p>Armani Stronger With You je mu\u0161ki miris koji isijava samopouzdanje i strast. Izuzetno izdr\u017eljiv i dugotrajan, savr\u0161en je izbor za radni dan, ali jednako prikladan za ve\u010dernje doga\u0111aje i romanti\u010dne izlaske. Stronger With You by Giorgio Armani je miris koji \u0107e vas osna\u017eiti i podsjetiti vas da ste uvijek spremni da se suo\u010dite sa svijetom, bilo da je rije\u010d o poslu ili zadovoljstvima.<\/p>\n","protected":false},"featured_media":28517,"comment_status":"open","ping_status":"closed","template":"","meta":{"_acf_changed":false},"product_brand":[],"product_cat":[191,187],"product_tag":[],"class_list":{"0":"post-756","1":"product","2":"type-product","3":"status-publish","4":"has-post-thumbnail","6":"product_cat-armani-marka","7":"product_cat-za-muskarce","9":"first","10":"instock","11":"taxable","12":"shipping-taxable","13":"purchasable","14":"product-type-variable","15":"has-default-attributes"},"acf":[],"_links":{"self":[{"href":"https:\/\/nicolefragrance.se\/hr\/wp-json\/wp\/v2\/product\/756","targetHints":{"allow":["GET"]}}],"collection":[{"href":"https:\/\/nicolefragrance.se\/hr\/wp-json\/wp\/v2\/product"}],"about":[{"href":"https:\/\/nicolefragrance.se\/hr\/wp-json\/wp\/v2\/types\/product"}],"replies":[{"embeddable":true,"href":"https:\/\/nicolefragrance.se\/hr\/wp-json\/wp\/v2\/comments?post=756"}],"version-history":[{"count":0,"href":"https:\/\/nicolefragrance.se\/hr\/wp-json\/wp\/v2\/product\/756\/revisions"}],"wp:featuredmedia":[{"embeddable":true,"href":"https:\/\/nicolefragrance.se\/hr\/wp-json\/wp\/v2\/media\/28517"}],"wp:attachment":[{"href":"https:\/\/nicolefragrance.se\/hr\/wp-json\/wp\/v2\/media?parent=756"}],"wp:term":[{"taxonomy":"product_brand","embeddable":true,"href":"https:\/\/nicolefragrance.se\/hr\/wp-json\/wp\/v2\/product_brand?post=756"},{"taxonomy":"product_cat","embeddable":true,"href":"https:\/\/nicolefragrance.se\/hr\/wp-json\/wp\/v2\/product_cat?post=756"},{"taxonomy":"product_tag","embeddable":true,"href":"https:\/\/nicolefragrance.se\/hr\/wp-json\/wp\/v2\/product_tag?post=756"}],"curies":[{"name":"wp","href":"https:\/\/api.w.org\/{rel}","templated":true}]}}