{"id":744,"date":"2021-01-07T10:06:33","date_gmt":"2021-01-07T09:06:33","guid":{"rendered":"https:\/\/nicolefragrance.se\/?post_type=product&#038;p=744"},"modified":"2025-07-10T16:51:38","modified_gmt":"2025-07-10T14:51:38","slug":"tom-ford-oud-wood-nicole-edp","status":"publish","type":"product","link":"https:\/\/nicolefragrance.se\/hr\/proizvod\/tom-ford-oud-wood-nicole-edp\/","title":{"rendered":"Nicole 816 EDP inspiriran s Oud Wood Tom Ford"},"content":{"rendered":"<p><strong>Tom Ford Oud Wood<\/strong> je unisex parfem koji donosi kompoziciju egzoti\u010dnih drvenih nota, uklju\u010duju\u0107i sandalovinu, ru\u017eino drvo i senzualni amber.<\/p>\n<p>Ovaj parfem miri\u0161e kao najluksuznija kombinacija za\u010dina poput kardamoma i papra, koja se spaja sa dragocijenim notama sandalovine i agarovog drveta.<\/p>\n<p><strong>Tom Ford Oud Wood<\/strong>\u00a0 lansiran je 2007. godine, a kreirao ga je Richard Herpin. Poznat po svojoj luksuznoj i sofisticiranoj aromi, ovaj parfem je dio originalne linije Tom Ford Private Blend kolekcije, poznate po visokoj kvaliteti i ekskluzivnim mirisima. <strong>Tom Ford Oud Wood<\/strong> bi se u tri rije\u010di mogao opisati kao svestran, primamljiv i bogat.<\/p>\n<p>Ovaj parfem nosi sa sobom dubinu i tajanstvenost isto\u010dnja\u010dkih \u0161uma, nagla\u0161avaju\u0107i rijetke i izuzetne note koje \u010dine njegovu su\u0161tinsku kompoziciju.<\/p>\n<p>Ovaj parfem je vi\u0161e od mirisa \u2013 to je umjetnost koja transformira svaki trenutak u luksuzno iskustvo. Njegova univerzalna privla\u010dnost \u010dini ga idealnim za sve prilike i svakodnevno no\u0161enje.<\/p>\n<p>Zavodljiv, bogat i rasko\u0161an, <strong>Tom Ford Oud Wood<\/strong> ne samo da ostavlja dubok utisak, ve\u0107 i postavlja novi standard elegancije i profinjenosti. Ovo je parfem za one koji cijene luksuz i \u017eele da se istaknu sa notom rasko\u0161ne individualnosti.<\/p>\n","protected":false},"excerpt":{"rendered":"<p>Tom Ford Oud Wood miri\u0161e kao najluksuznija kombinacija za\u010dina poput kardamoma i papra, koja se spaja sa dragocijenim notama sandalovine i agarovog drveta. Njegova univerzalna privla\u010dnost postavlja novi standard elegancije i profinjenosti i \u010dini ga idealnim za sve prilike i svakodnevno no\u0161enje.<\/p>\n","protected":false},"featured_media":28528,"comment_status":"open","ping_status":"closed","template":"","meta":{"_acf_changed":false},"product_brand":[],"product_cat":[203,188,187,186],"product_tag":[],"class_list":{"0":"post-744","1":"product","2":"type-product","3":"status-publish","4":"has-post-thumbnail","6":"product_cat-tom-ford-marka","7":"product_cat-unisex","8":"product_cat-za-muskarce","9":"product_cat-za-zene","11":"first","12":"instock","13":"taxable","14":"shipping-taxable","15":"purchasable","16":"product-type-variable","17":"has-default-attributes"},"acf":[],"_links":{"self":[{"href":"https:\/\/nicolefragrance.se\/hr\/wp-json\/wp\/v2\/product\/744","targetHints":{"allow":["GET"]}}],"collection":[{"href":"https:\/\/nicolefragrance.se\/hr\/wp-json\/wp\/v2\/product"}],"about":[{"href":"https:\/\/nicolefragrance.se\/hr\/wp-json\/wp\/v2\/types\/product"}],"replies":[{"embeddable":true,"href":"https:\/\/nicolefragrance.se\/hr\/wp-json\/wp\/v2\/comments?post=744"}],"version-history":[{"count":0,"href":"https:\/\/nicolefragrance.se\/hr\/wp-json\/wp\/v2\/product\/744\/revisions"}],"wp:featuredmedia":[{"embeddable":true,"href":"https:\/\/nicolefragrance.se\/hr\/wp-json\/wp\/v2\/media\/28528"}],"wp:attachment":[{"href":"https:\/\/nicolefragrance.se\/hr\/wp-json\/wp\/v2\/media?parent=744"}],"wp:term":[{"taxonomy":"product_brand","embeddable":true,"href":"https:\/\/nicolefragrance.se\/hr\/wp-json\/wp\/v2\/product_brand?post=744"},{"taxonomy":"product_cat","embeddable":true,"href":"https:\/\/nicolefragrance.se\/hr\/wp-json\/wp\/v2\/product_cat?post=744"},{"taxonomy":"product_tag","embeddable":true,"href":"https:\/\/nicolefragrance.se\/hr\/wp-json\/wp\/v2\/product_tag?post=744"}],"curies":[{"name":"wp","href":"https:\/\/api.w.org\/{rel}","templated":true}]}}