{"id":732,"date":"2021-01-07T10:03:31","date_gmt":"2021-01-07T09:03:31","guid":{"rendered":"https:\/\/nicolefragrance.se\/?post_type=product&#038;p=732"},"modified":"2025-11-07T06:53:11","modified_gmt":"2025-11-07T05:53:11","slug":"tom-ford-tobacco-vanille-nicole-edp","status":"publish","type":"product","link":"https:\/\/nicolefragrance.se\/hr\/proizvod\/tom-ford-tobacco-vanille-nicole-edp\/","title":{"rendered":"Nicole 814 EDP inspiriran s Tobacco Vanille Tom Ford"},"content":{"rendered":"<p><strong>Tom Ford Tobacco Vanille<\/strong> je unisex parfem koji revolucionarno transformira klasi\u010dnu notu duhana sa kremastim tonka grahom, vanilijom, kakaom, suhim vo\u0107nim akordima i slatkim drvima. Na taj na\u010din nastaje aroma koji stvara modernu, rasko\u0161nu i mo\u0107nu ekspresiju samopouzdanja i snage. Rezultat je suvremen miris koji osvaja svojom rasko\u0161i i intenzitetom, ostavljaju\u0107i sna\u017ean utisak samopouzdanja i mo\u0107i.<\/p>\n<p><strong>Tobacco Vanille<\/strong> od Tom Forda je iskustvo koje se otvara za\u010dinjenim i toplotom note duhana, kao i primjesama za\u010dina. Na vrhu mirisa, osje\u0107a se kombinacija duhana i za\u010dina koja otvara vrata ka dubljim slojevima.\u00a0 Njegov miris se dalje razvija kombinacijom vanilije natopljene suhim vo\u0107em i cimetom, stvaraju\u0107i miris koji je istovremeno vrlo osoban i namijenjen intimnom u\u017eivanju. U isto vrijeme, ovo je luksuzan i sofisticiran miris, savr\u0161en za izlaske i proslave koje traju do zore.<\/p>\n<p><strong>Tom Ford Tobacco Vanille<\/strong> je miris za samouvjerene i mo\u0107ne osobe koje \u017eele da se istaknu svojom individualno\u0161\u0107u i sofisticiranim ukusom. Njegova jedinstvena kompozicija pru\u017ea nezaboravan do\u017eivljaj i ostavlja utisak koji traje.<\/p>\n","protected":false},"excerpt":{"rendered":"<p>Tom Ford Tobacco Vanille je miris za samouvjerene i mo\u0107ne osobe koje \u017eele da se istaknu svojom individualno\u0161\u0107u i sofisticiranim ukusom. Njegova jedinstvena kompozicija pru\u017ea nezaboravan do\u017eivljaj i ostavlja utisak koji traje. Rezultat je suvremen miris koji osvaja svojom rasko\u0161i i intenzitetom, ostavljaju\u0107i sna\u017ean utisak samopouzdanja i mo\u0107i.<\/p>\n","protected":false},"featured_media":28539,"comment_status":"open","ping_status":"closed","template":"","meta":{"_acf_changed":false},"product_brand":[],"product_cat":[203,188,187,186],"product_tag":[],"class_list":{"0":"post-732","1":"product","2":"type-product","3":"status-publish","4":"has-post-thumbnail","6":"product_cat-tom-ford-marka","7":"product_cat-unisex","8":"product_cat-za-muskarce","9":"product_cat-za-zene","11":"first","12":"instock","13":"taxable","14":"shipping-taxable","15":"purchasable","16":"product-type-variable","17":"has-default-attributes"},"acf":[],"_links":{"self":[{"href":"https:\/\/nicolefragrance.se\/hr\/wp-json\/wp\/v2\/product\/732","targetHints":{"allow":["GET"]}}],"collection":[{"href":"https:\/\/nicolefragrance.se\/hr\/wp-json\/wp\/v2\/product"}],"about":[{"href":"https:\/\/nicolefragrance.se\/hr\/wp-json\/wp\/v2\/types\/product"}],"replies":[{"embeddable":true,"href":"https:\/\/nicolefragrance.se\/hr\/wp-json\/wp\/v2\/comments?post=732"}],"version-history":[{"count":0,"href":"https:\/\/nicolefragrance.se\/hr\/wp-json\/wp\/v2\/product\/732\/revisions"}],"wp:featuredmedia":[{"embeddable":true,"href":"https:\/\/nicolefragrance.se\/hr\/wp-json\/wp\/v2\/media\/28539"}],"wp:attachment":[{"href":"https:\/\/nicolefragrance.se\/hr\/wp-json\/wp\/v2\/media?parent=732"}],"wp:term":[{"taxonomy":"product_brand","embeddable":true,"href":"https:\/\/nicolefragrance.se\/hr\/wp-json\/wp\/v2\/product_brand?post=732"},{"taxonomy":"product_cat","embeddable":true,"href":"https:\/\/nicolefragrance.se\/hr\/wp-json\/wp\/v2\/product_cat?post=732"},{"taxonomy":"product_tag","embeddable":true,"href":"https:\/\/nicolefragrance.se\/hr\/wp-json\/wp\/v2\/product_tag?post=732"}],"curies":[{"name":"wp","href":"https:\/\/api.w.org\/{rel}","templated":true}]}}