{"id":720,"date":"2021-01-07T10:00:51","date_gmt":"2021-01-07T09:00:51","guid":{"rendered":"https:\/\/nicolefragrance.se\/?post_type=product&#038;p=720"},"modified":"2025-07-10T16:55:51","modified_gmt":"2025-07-10T14:55:51","slug":"dior-sauvage-nicole-edp","status":"publish","type":"product","link":"https:\/\/nicolefragrance.se\/hr\/proizvod\/dior-sauvage-nicole-edp\/","title":{"rendered":"Nicole 810 EDP inspiriran s Sauvage Dior"},"content":{"rendered":"<p><strong>Dior Sauvage<\/strong> je mu\u0161ki parfem radikalno svje\u017ee kompozicije, istovremeno sirove i plemenite. Sjajne gornje note preplavljuju svje\u017einom kalabrijskog bergamota, dok amber otkriva mo\u0107no drvenasto traganje. <strong>Dior Sauvage<\/strong> je parfem inspiriran prostranim proplancima, vrelim pustinjskim pejza\u017eem pod \u0161irokim plavim nebom. Miris je citrusan, mo\u0161usan i za\u010dinski, pru\u017eaju\u0107i nosiocu osje\u0107aj svje\u017eine nakon tu\u0161iranja.<\/p>\n<p>Glavne note su ambroksan, bergamot i Sichuan papar, sa trajanjem od 8 &#8211; 10 sati i vrlo dobrim projekcijom. Nakon otprilike sat vremena, amber u osnovnoj noti po\u010dinje da se nazire, pru\u017eaju\u0107i parfemu drvenast i mu\u017eevan zavr\u0161etak. Ova evolucija mirisa je ono \u0161to \u010dini <strong>Dior Sauvage<\/strong> tako posebnim i jedinstvenim, omogu\u0107avaju\u0107i vam da u\u017eivate u razli\u010ditim aspektima mirisa kako se razvija tijekom vremena.<\/p>\n<p><strong>Dior Sauvage<\/strong> je vi\u0161e od parfema &#8211; to je iskustvo slobode i energije divljine. Sna\u017ene note bergamota i za\u010dina mami\u0107e vas na avanturu, dok dublje note ambera i drve\u0107a donose toplinu i stabilnost. Ovaj miris je kao odraz suvremenog mu\u0161karca koji neustra\u0161ivo istra\u017euje svijet oko sebe, istovremeno zadr\u017eavaju\u0107i svoju sofisticiranost i eleganciju.<\/p>\n<p>Uz <strong>Dior Sauvage<\/strong>, svako prskanje je kao udah svje\u017eeg zraka, podsje\u0107aju\u0107i vas da je svaki dan nova mogu\u0107nost za otkrivanje neistra\u017eenih horizonta.<\/p>\n","protected":false},"excerpt":{"rendered":"<p>Dior Sauvage je vi\u0161e od parfema &#8211; to je iskustvo slobode i energije divljine. Sna\u017ene note bergamota i za\u010dina mami\u0107e vas na avanturu, dok dublje note ambera i drve\u0107a donose toplinu i stabilnost. Ovaj miris je kao odraz suvremenog mu\u0161karca koji neustra\u0161ivo istra\u017euje svijet oko sebe, istovremeno zadr\u017eavaju\u0107i svoju sofisticiranost i eleganciju.<\/p>\n","protected":false},"featured_media":28550,"comment_status":"open","ping_status":"closed","template":"","meta":{"_acf_changed":false},"product_brand":[],"product_cat":[192,187],"product_tag":[],"class_list":{"0":"post-720","1":"product","2":"type-product","3":"status-publish","4":"has-post-thumbnail","6":"product_cat-dior-marka","7":"product_cat-za-muskarce","9":"first","10":"instock","11":"featured","12":"taxable","13":"shipping-taxable","14":"purchasable","15":"product-type-variable","16":"has-default-attributes"},"acf":[],"_links":{"self":[{"href":"https:\/\/nicolefragrance.se\/hr\/wp-json\/wp\/v2\/product\/720","targetHints":{"allow":["GET"]}}],"collection":[{"href":"https:\/\/nicolefragrance.se\/hr\/wp-json\/wp\/v2\/product"}],"about":[{"href":"https:\/\/nicolefragrance.se\/hr\/wp-json\/wp\/v2\/types\/product"}],"replies":[{"embeddable":true,"href":"https:\/\/nicolefragrance.se\/hr\/wp-json\/wp\/v2\/comments?post=720"}],"version-history":[{"count":0,"href":"https:\/\/nicolefragrance.se\/hr\/wp-json\/wp\/v2\/product\/720\/revisions"}],"wp:featuredmedia":[{"embeddable":true,"href":"https:\/\/nicolefragrance.se\/hr\/wp-json\/wp\/v2\/media\/28550"}],"wp:attachment":[{"href":"https:\/\/nicolefragrance.se\/hr\/wp-json\/wp\/v2\/media?parent=720"}],"wp:term":[{"taxonomy":"product_brand","embeddable":true,"href":"https:\/\/nicolefragrance.se\/hr\/wp-json\/wp\/v2\/product_brand?post=720"},{"taxonomy":"product_cat","embeddable":true,"href":"https:\/\/nicolefragrance.se\/hr\/wp-json\/wp\/v2\/product_cat?post=720"},{"taxonomy":"product_tag","embeddable":true,"href":"https:\/\/nicolefragrance.se\/hr\/wp-json\/wp\/v2\/product_tag?post=720"}],"curies":[{"name":"wp","href":"https:\/\/api.w.org\/{rel}","templated":true}]}}