{"id":708,"date":"2021-01-07T09:57:50","date_gmt":"2021-01-07T08:57:50","guid":{"rendered":"https:\/\/nicolefragrance.se\/?post_type=product&#038;p=708"},"modified":"2025-12-28T21:35:28","modified_gmt":"2025-12-28T20:35:28","slug":"hermes-terre-d-hermes-nicole-edp","status":"publish","type":"product","link":"https:\/\/nicolefragrance.se\/hr\/proizvod\/hermes-terre-d-hermes-nicole-edp\/","title":{"rendered":"Nicole 809 EDP inspiriran s Terre dHermes Hermes"},"content":{"rendered":"<p><strong>Hermes Terre d&#8217;Hermes<\/strong> je mu\u0161ki parfem koji pri\u010da pri\u010du o odnosu izme\u0111u \u010dovjeka i Zemlje, njegovom skromnom i harmoni\u010dnom dijalogu sa elementima prirode. To je miris koji povezuje \u010dovjeka sa njegovim korjenima, izvorom njegove kreativne mo\u0107i. Terre d&#8217;Herm\u00e8s je vo\u0107no-za\u010dinski-drvenasti parfem, \u0161to zna\u010di da ima vo\u0107ne gornje note, u ovom slu\u010daju naran\u010du i grejpfrut, srednje note su mu od papra, dok osnovne drvene note uklju\u010duju cedar, pa\u010duli i vetiver.<\/p>\n<p>Najbolje vrijeme za no\u0161enje <strong>Hermes <\/strong><strong>Terre d&#8217;Hermes<\/strong> parfema je tijekom toplih proljetnih ili jesenskih dana. Vetiver savr\u0161eno funkcionira sa hladnijim danima, ali citrusi iz otvaranja ne bi bili tako prikladni. Zbog toga se ovaj spoj savr\u0161eno uklapa tijekom toplijih dana u prolje\u0107e ili jesen.<\/p>\n<p><strong>Hermes Terre d&#8217;Hermes<\/strong> je miris koji vas vodi na putovanje kroz prirodu i donosi osje\u0107aj spokoja i povezanosti sa planetom. U njemu \u0107ete osjetiti svje\u017einu citrusa, toplinu za\u010dina i dubinu drvenih nota. Ovaj parfem nagla\u0161ava autenti\u010dnost i prisustvo \u010dovjeka, pru\u017eaju\u0107i mu mirisni osvrt na svoje korjene i prirodu koja ga okru\u017euje. Svojom kompleksno\u0161\u0107u i harmonijom nota, Terre d&#8217;Hermes je izbor za one koji cijene prirodnu ljepotu i \u017eele da je nose sa sobom tijekom svog dana.<\/p>\n","protected":false},"excerpt":{"rendered":"<p>Hermes Terre d&#8217;Hermes je miris koji vas vodi na putovanje kroz prirodu i donosi osje\u0107aj spokoja i povezanosti sa planetom. Svojom kompleksno\u0161\u0107u i harmonijom nota, Terre d&#8217;Hermes je izbor za one koji cijene prirodnu ljepotu i \u017eele da je nose sa sobom tijekom cijelog dana. To je miris koji povezuje \u010dovjeka sa njegovim korjenima, izvorom njegove kreativne mo\u0107i.<\/p>\n","protected":false},"featured_media":28561,"comment_status":"open","ping_status":"closed","template":"","meta":{"_acf_changed":false},"product_brand":[],"product_cat":[202,187],"product_tag":[],"class_list":{"0":"post-708","1":"product","2":"type-product","3":"status-publish","4":"has-post-thumbnail","6":"product_cat-hermes-marka","7":"product_cat-za-muskarce","9":"first","10":"instock","11":"taxable","12":"shipping-taxable","13":"purchasable","14":"product-type-variable","15":"has-default-attributes"},"acf":[],"_links":{"self":[{"href":"https:\/\/nicolefragrance.se\/hr\/wp-json\/wp\/v2\/product\/708","targetHints":{"allow":["GET"]}}],"collection":[{"href":"https:\/\/nicolefragrance.se\/hr\/wp-json\/wp\/v2\/product"}],"about":[{"href":"https:\/\/nicolefragrance.se\/hr\/wp-json\/wp\/v2\/types\/product"}],"replies":[{"embeddable":true,"href":"https:\/\/nicolefragrance.se\/hr\/wp-json\/wp\/v2\/comments?post=708"}],"version-history":[{"count":0,"href":"https:\/\/nicolefragrance.se\/hr\/wp-json\/wp\/v2\/product\/708\/revisions"}],"wp:featuredmedia":[{"embeddable":true,"href":"https:\/\/nicolefragrance.se\/hr\/wp-json\/wp\/v2\/media\/28561"}],"wp:attachment":[{"href":"https:\/\/nicolefragrance.se\/hr\/wp-json\/wp\/v2\/media?parent=708"}],"wp:term":[{"taxonomy":"product_brand","embeddable":true,"href":"https:\/\/nicolefragrance.se\/hr\/wp-json\/wp\/v2\/product_brand?post=708"},{"taxonomy":"product_cat","embeddable":true,"href":"https:\/\/nicolefragrance.se\/hr\/wp-json\/wp\/v2\/product_cat?post=708"},{"taxonomy":"product_tag","embeddable":true,"href":"https:\/\/nicolefragrance.se\/hr\/wp-json\/wp\/v2\/product_tag?post=708"}],"curies":[{"name":"wp","href":"https:\/\/api.w.org\/{rel}","templated":true}]}}