{"id":696,"date":"2021-01-07T09:49:27","date_gmt":"2021-01-07T08:49:27","guid":{"rendered":"https:\/\/nicolefragrance.se\/?post_type=product&#038;p=696"},"modified":"2025-07-10T17:00:05","modified_gmt":"2025-07-10T15:00:05","slug":"joop-red-homme-1989-nicole-edp","status":"publish","type":"product","link":"https:\/\/nicolefragrance.se\/hr\/proizvod\/joop-red-homme-1989-nicole-edp\/","title":{"rendered":"Nicole 806 EDP inspiriran s Joop Homme 1989 Joop"},"content":{"rendered":"<p><strong>Joop Homme 1989<\/strong> je mu\u0161ki parfem koji odra\u017eava esenciju senzualnosti i luksuza. Lansiran jo\u0161 1989. godine, ovaj izvanredni miris pripada kategoriji amber-fu\u017eer i od tada je postao sinonim za hrabre i strastvene mu\u0161karce.<\/p>\n<p>Ovaj parfem je prava senzualna simfonija koja se otvara svje\u017eim citrusnim notama mandarine, limuna, bergamota i cvijetom naran\u010de. Srce ovog mirisa je toplije i blagotvorno, otkrivajuc\u0301i note jasmina, ljiljana, heliotropa i cimeta. Egzoti\u010dna osnova parfema donosi slatke i drvenaste note vanilije, tonka graha, pa\u010dulija i sandalovine. Ova savr\u0161eno izbalansirana kombinacija \u010dini Joop! Homme pravim remek-djelom za one koji vole ekstravagantne mirise.<\/p>\n<p><strong>Joop Homme 1989<\/strong> je \u010desto opisivan kao izuzetno seksi miris. Njegova kombinacija svje\u017eine citrusa i dubine toplih i slatkih nota stvara neodoljiv miris koji privla\u010di pa\u017enju. Ovaj parfem nije za stidljive &#8211; to je izjava hrabrosti i samopouzdanja.<\/p>\n<p>Iako se <strong>Joop Homme<\/strong> mo\u017ee nositi svakodnevno, posebno je efikasan kada \u017eelite ostaviti jak utisak u posebnim prilikama. Bilo da je rije\u010d o romanti\u010dnom sastanku ili ve\u010dernjem izlasku sa prijateljima, ovaj miris \u0107e vam pomoc\u0301i da se istaknete.<\/p>\n<p>Sa svojom bogatom paljetom nota i izra\u017eajnom aromom, ovo je parfem koji ostavlja neizbrisiv utisak. Ako tra\u017eite ne\u0161to hrabro, strastveno i izuzetno, <strong>Joop Homme 1989<\/strong>\u00a0je pravi izbor.<\/p>\n","protected":false},"excerpt":{"rendered":"<p>Joop Homme 1989 je mu\u0161ki parfem koji odra\u017eava esenciju senzualnosti i luksuza. Ovaj izvanredni miris postao je vremenom sinonim za hrabre i strastvene mu\u0161karce. Iako se Joop Homme mo\u017ee nositi svakodnevno, posebno je efikasan kada \u017eelite ostaviti jak utisak u posebnim prilikama. Bilo da je rije\u010d o romanti\u010dnom sastanku ili ve\u010dernjem izlasku sa prijateljima, ovaj miris \u0107e vam pomoc\u0301i da se istaknete.<\/p>\n","protected":false},"featured_media":28572,"comment_status":"open","ping_status":"closed","template":"","meta":{"_acf_changed":false},"product_brand":[],"product_cat":[201,187],"product_tag":[],"class_list":{"0":"post-696","1":"product","2":"type-product","3":"status-publish","4":"has-post-thumbnail","6":"product_cat-joop-marka","7":"product_cat-za-muskarce","9":"first","10":"instock","11":"taxable","12":"shipping-taxable","13":"purchasable","14":"product-type-variable","15":"has-default-attributes"},"acf":[],"_links":{"self":[{"href":"https:\/\/nicolefragrance.se\/hr\/wp-json\/wp\/v2\/product\/696","targetHints":{"allow":["GET"]}}],"collection":[{"href":"https:\/\/nicolefragrance.se\/hr\/wp-json\/wp\/v2\/product"}],"about":[{"href":"https:\/\/nicolefragrance.se\/hr\/wp-json\/wp\/v2\/types\/product"}],"replies":[{"embeddable":true,"href":"https:\/\/nicolefragrance.se\/hr\/wp-json\/wp\/v2\/comments?post=696"}],"version-history":[{"count":0,"href":"https:\/\/nicolefragrance.se\/hr\/wp-json\/wp\/v2\/product\/696\/revisions"}],"wp:featuredmedia":[{"embeddable":true,"href":"https:\/\/nicolefragrance.se\/hr\/wp-json\/wp\/v2\/media\/28572"}],"wp:attachment":[{"href":"https:\/\/nicolefragrance.se\/hr\/wp-json\/wp\/v2\/media?parent=696"}],"wp:term":[{"taxonomy":"product_brand","embeddable":true,"href":"https:\/\/nicolefragrance.se\/hr\/wp-json\/wp\/v2\/product_brand?post=696"},{"taxonomy":"product_cat","embeddable":true,"href":"https:\/\/nicolefragrance.se\/hr\/wp-json\/wp\/v2\/product_cat?post=696"},{"taxonomy":"product_tag","embeddable":true,"href":"https:\/\/nicolefragrance.se\/hr\/wp-json\/wp\/v2\/product_tag?post=696"}],"curies":[{"name":"wp","href":"https:\/\/api.w.org\/{rel}","templated":true}]}}