{"id":684,"date":"2021-01-07T09:46:43","date_gmt":"2021-01-07T08:46:43","guid":{"rendered":"https:\/\/nicolefragrance.se\/?post_type=product&#038;p=684"},"modified":"2025-07-10T17:47:39","modified_gmt":"2025-07-10T15:47:39","slug":"givenchy-gentlemen-only-nicole-edp","status":"publish","type":"product","link":"https:\/\/nicolefragrance.se\/hr\/proizvod\/givenchy-gentlemen-only-nicole-edp\/","title":{"rendered":"Nicole 799 EDP inspiriran s Gentlemen Only Givenchy"},"content":{"rendered":"<p><strong>Givenchy Gentlemen Only<\/strong> je parfem namijenjen suvremenom mu\u0161karcu koji odi\u0161e \u0161armom i elegancijom. Prvi put predstavljen 2013. godine, predstavlja suvremeni miris sa notama koje isti\u010du modernu eleganciju i mu\u017eevnost.<\/p>\n<p>Kompozicija ovog parfema otvara se svje\u017eim i za\u010dinskim notama zelene mandarine, ruzi\u010dastog papra, mu\u0161katnog ora\u0161\u010di\u0107a i listova breze. Ove note pru\u017eaju energi\u010dan i dinami\u010dan po\u010detak, isti\u010du\u0107i suvremeni duh. Srce parfema otkriva duboki i intenzivni karakter zahvaljuju\u0107i notama kedra, pa\u010dulija i vetivera, \u0161to doprinosi dubini i kompleksnosti mirisa.<\/p>\n<p><strong>Givenchy Gentlemen Only<\/strong> je suvremen, elegantan i neo-aromati\u010dni mu\u0161ki parfem oboga\u0107en bogatim zelenim, za\u010dinskim i drvenastim notama koje stvaraju izazovnu senzualnost. Ovaj parfem je dizajniran za mu\u0161karce koji prate korake suvremenog dru\u0161tva, mu\u0161karce koji odi\u0161u \u0161armom i elegancijom u svakodnevnom \u017eivotu.<\/p>\n<p>Bilo da ga nosite na poslovnom sastanku ili u ve\u010dernjem izlasku, <strong>Givenchy Gentlemen Only<\/strong> \u0107e vas pratiti tijekom cijelog dana, isti\u010du\u0107i va\u0161u individualnost i modernu mu\u017eevnost.<\/p>\n<p>Probajte Gentlemen Only i do\u017eivite svje\u017einu, \u0161arm i eleganciju u jednom mirisu.<\/p>\n","protected":false},"excerpt":{"rendered":"<p>Givenchy Gentlemen Only je parfem namijenjen suvremenom mu\u0161karcu koji odi\u0161e \u0161armom i elegancijom. Dizajniran je za mu\u0161karce koji prate korake suvremenog dru\u0161tva. Bilo da ga nosite na poslovnom sastanku ili u ve\u010dernjem izlasku, Gentlemen Only \u0107e vas pratiti tijekom cijelog dana, isti\u010du\u0107i va\u0161u individualnost i modernu mu\u017eevnost.<\/p>\n","protected":false},"featured_media":28583,"comment_status":"open","ping_status":"closed","template":"","meta":{"_acf_changed":false},"product_brand":[],"product_cat":[200,187],"product_tag":[],"class_list":{"0":"post-684","1":"product","2":"type-product","3":"status-publish","4":"has-post-thumbnail","6":"product_cat-givenchy-marka","7":"product_cat-za-muskarce","9":"first","10":"instock","11":"taxable","12":"shipping-taxable","13":"purchasable","14":"product-type-variable","15":"has-default-attributes"},"acf":[],"_links":{"self":[{"href":"https:\/\/nicolefragrance.se\/hr\/wp-json\/wp\/v2\/product\/684","targetHints":{"allow":["GET"]}}],"collection":[{"href":"https:\/\/nicolefragrance.se\/hr\/wp-json\/wp\/v2\/product"}],"about":[{"href":"https:\/\/nicolefragrance.se\/hr\/wp-json\/wp\/v2\/types\/product"}],"replies":[{"embeddable":true,"href":"https:\/\/nicolefragrance.se\/hr\/wp-json\/wp\/v2\/comments?post=684"}],"version-history":[{"count":0,"href":"https:\/\/nicolefragrance.se\/hr\/wp-json\/wp\/v2\/product\/684\/revisions"}],"wp:featuredmedia":[{"embeddable":true,"href":"https:\/\/nicolefragrance.se\/hr\/wp-json\/wp\/v2\/media\/28583"}],"wp:attachment":[{"href":"https:\/\/nicolefragrance.se\/hr\/wp-json\/wp\/v2\/media?parent=684"}],"wp:term":[{"taxonomy":"product_brand","embeddable":true,"href":"https:\/\/nicolefragrance.se\/hr\/wp-json\/wp\/v2\/product_brand?post=684"},{"taxonomy":"product_cat","embeddable":true,"href":"https:\/\/nicolefragrance.se\/hr\/wp-json\/wp\/v2\/product_cat?post=684"},{"taxonomy":"product_tag","embeddable":true,"href":"https:\/\/nicolefragrance.se\/hr\/wp-json\/wp\/v2\/product_tag?post=684"}],"curies":[{"name":"wp","href":"https:\/\/api.w.org\/{rel}","templated":true}]}}