{"id":672,"date":"2021-01-07T09:44:11","date_gmt":"2021-01-07T08:44:11","guid":{"rendered":"https:\/\/nicolefragrance.se\/?post_type=product&#038;p=672"},"modified":"2025-07-10T17:56:24","modified_gmt":"2025-07-10T15:56:24","slug":"chanel-bleu-nicole-edp","status":"publish","type":"product","link":"https:\/\/nicolefragrance.se\/hr\/proizvod\/chanel-bleu-nicole-edp\/","title":{"rendered":"Nicole 796 EDP inspiriran s Bleu Chanel"},"content":{"rendered":"<p><strong>Chanel Bleu<\/strong> je drvenasto aromati\u010dni mu\u0161ki parfem koji nosi svje\u017einu, \u010disto\u0107u i duboku senzualnost. Prvi put predstavljen 2010. godine, ovaj parfem objedinjuje osvje\u017eavaju\u0107i miris grejpfruta i mo\u0107ni aromati\u010dni akord sa \u0161apatom suhog kedra. To je susret snage i elegancije. Chanel Bleu je miris koji istovremeno odi\u0161e svje\u017einom i sofisticirano\u0161\u0107u.<\/p>\n<p>Otvara se citrusnim gornjim notama limuna i bergamota, koje ustupaju mjesto zelenom, cvjetnom srcu od ananasa i geranija. Potom sti\u010de stabilnost u bazi od kedra, sandalovine i tonka graha za toplu i drvenu zavr\u0161nicu.<\/p>\n<p>Ovaj parfem nosi sa sobom i ne\u0161to vi\u0161e od mirisa, a to je do\u017eivljaj elegancije i autenti\u010dnosti, pru\u017eaju\u0107i iskustvo koje je istovremeno klasi\u010dno i suvremeno. <strong>Chanel Bleu<\/strong> je kao stvoren za mu\u0161karce koji \u017eele da ostave suptilan, ali sna\u017ean utisak. Njegova kombinacija svje\u017eine i dubine stvara harmoniju koja privla\u010di pa\u017enju i ostavlja trag.<\/p>\n<p><strong>Chanel Bleu<\/strong> je miris koji nosi klasi\u010dni pe\u010dat Chanel brenda, a zna se da ovaj predstavlja sinonim za luksuz, kvalitet i stil. Idealna ravnote\u017ea svje\u017eine i dubine ovog mirisa \u010dini ga savr\u0161enim izborom za svakog mu\u0161karca koji \u017eeli da ostavi nezaboravan utisak, bilo da je u pitanju formalna ili opu\u0161tena prilika.<\/p>\n","protected":false},"excerpt":{"rendered":"<p>Chanel Bleu je miris koji nosi klasi\u010dni pe\u010dat Chanel brenda, a zna se da ovaj predstavlja sinonim za luksuz, kvalitetu i stil. Idealna ravnote\u017ea svje\u017eine i dubine ovog mirisa \u010dini ga savr\u0161enim izborom za svakog mu\u0161karca koji \u017eeli ostaviti nezaboravan utisak, bilo da je u pitanju formalna ili opu\u0161tena prilika.<\/p>\n","protected":false},"featured_media":28594,"comment_status":"open","ping_status":"closed","template":"","meta":{"_acf_changed":false},"product_brand":[],"product_cat":[195,187],"product_tag":[],"class_list":{"0":"post-672","1":"product","2":"type-product","3":"status-publish","4":"has-post-thumbnail","6":"product_cat-chanel-marka","7":"product_cat-za-muskarce","9":"first","10":"instock","11":"taxable","12":"shipping-taxable","13":"purchasable","14":"product-type-variable","15":"has-default-attributes"},"acf":[],"_links":{"self":[{"href":"https:\/\/nicolefragrance.se\/hr\/wp-json\/wp\/v2\/product\/672","targetHints":{"allow":["GET"]}}],"collection":[{"href":"https:\/\/nicolefragrance.se\/hr\/wp-json\/wp\/v2\/product"}],"about":[{"href":"https:\/\/nicolefragrance.se\/hr\/wp-json\/wp\/v2\/types\/product"}],"replies":[{"embeddable":true,"href":"https:\/\/nicolefragrance.se\/hr\/wp-json\/wp\/v2\/comments?post=672"}],"version-history":[{"count":0,"href":"https:\/\/nicolefragrance.se\/hr\/wp-json\/wp\/v2\/product\/672\/revisions"}],"wp:featuredmedia":[{"embeddable":true,"href":"https:\/\/nicolefragrance.se\/hr\/wp-json\/wp\/v2\/media\/28594"}],"wp:attachment":[{"href":"https:\/\/nicolefragrance.se\/hr\/wp-json\/wp\/v2\/media?parent=672"}],"wp:term":[{"taxonomy":"product_brand","embeddable":true,"href":"https:\/\/nicolefragrance.se\/hr\/wp-json\/wp\/v2\/product_brand?post=672"},{"taxonomy":"product_cat","embeddable":true,"href":"https:\/\/nicolefragrance.se\/hr\/wp-json\/wp\/v2\/product_cat?post=672"},{"taxonomy":"product_tag","embeddable":true,"href":"https:\/\/nicolefragrance.se\/hr\/wp-json\/wp\/v2\/product_tag?post=672"}],"curies":[{"name":"wp","href":"https:\/\/api.w.org\/{rel}","templated":true}]}}