{"id":660,"date":"2021-01-07T09:41:26","date_gmt":"2021-01-07T08:41:26","guid":{"rendered":"https:\/\/nicolefragrance.se\/?post_type=product&#038;p=660"},"modified":"2025-07-10T17:58:17","modified_gmt":"2025-07-10T15:58:17","slug":"paco-rabanne-invictus-nicole-edp","status":"publish","type":"product","link":"https:\/\/nicolefragrance.se\/hr\/proizvod\/paco-rabanne-invictus-nicole-edp\/","title":{"rendered":"Nicole 795 EDP inspiriran s Invictus Paco Rabanne"},"content":{"rendered":"<p><strong>Paco Rabanne Invictus<\/strong> je osvje\u017eavaju\u0107i parfem za mu\u0161karce koji odi\u0161e sportskom elegancijom. Ova EDP kompozicija predstavlja savr\u0161en spoj citrusnih nota, toplih drvenastih akorda i delikatnog jasmina, sa primjesama morskih akorda koji doprinose svje\u017eem i \u010distom mirisu ovog parfema.<\/p>\n<p>Invictus je stvoren pod okriljem Paco Rabanne-a, poznatog po svojoj inovaciji i originalnosti u svijetu parfema. Ovaj parfem je odraz mu\u0161ke energije i samopouzdanja.<\/p>\n<p>Otvor parfema o\u010darava svje\u017einom morskih akorda koji vas odmah prenose na obalu oceana. Ova osvje\u017eavaju\u0107a nota daje tonus cijeloj kompoziciji, \u010dine\u0107i je idealnom za mu\u0161karce koji vole aktivne i sportske aktivnosti. Zavr\u0161ni akordi parfema obuhva\u0107aju toplinu drvenastih nota i ambergrisa, \u0161to parfemu daje dubinu i postojanost.<\/p>\n<p><strong>Paco Rabanne Invictus <\/strong>je savr\u0161en izbor za mu\u0161karce koji vole biti aktivni, bilo da se bave sportom ili u\u017eivaju u prirodi.\u00a0To je miris koji ostavlja dugotrajan utisak, \u010dak i nakon \u0161to pro\u0111e nekoliko sati.<\/p>\n<p>Uz <strong>Paco Rabanne Invictus<\/strong>, osjetiti \u0107ete se osvje\u017eeno, puni energije i spremni za sve izazove pred vama. Ovaj parfem postaje va\u0161 za\u0161titni znak, isti\u010du\u0107i va\u0161u mu\u017eevnost i samopouzdanje. Neka Invictus bude va\u0161 saveznik u osvajanju svijeta.<\/p>\n","protected":false},"excerpt":{"rendered":"<p>Paco Rabanne Invictus je osvje\u017eavaju\u0107i parfem za mu\u0161karce koji odi\u0161e sportskom elegancijom. Ovaj miris je savr\u0161en izbor za mu\u0161karce koji vole biti aktivni, bilo da se bave sportom ili u\u017eivaju u prirodi. To je miris koji ostavlja dugotrajan utisak, \u010dak i nakon \u0161to pro\u0111e nekoliko sati. Uz Paco Rabanne Invictus, osjetiti \u0107ete se osvje\u017eeno, puni energije i spremni za sve izazove pred vama.<\/p>\n","protected":false},"featured_media":28605,"comment_status":"open","ping_status":"closed","template":"","meta":{"_acf_changed":false},"product_brand":[],"product_cat":[198,187],"product_tag":[],"class_list":{"0":"post-660","1":"product","2":"type-product","3":"status-publish","4":"has-post-thumbnail","6":"product_cat-paco-rabanne-marka","7":"product_cat-za-muskarce","9":"first","10":"instock","11":"taxable","12":"shipping-taxable","13":"purchasable","14":"product-type-variable","15":"has-default-attributes"},"acf":[],"_links":{"self":[{"href":"https:\/\/nicolefragrance.se\/hr\/wp-json\/wp\/v2\/product\/660","targetHints":{"allow":["GET"]}}],"collection":[{"href":"https:\/\/nicolefragrance.se\/hr\/wp-json\/wp\/v2\/product"}],"about":[{"href":"https:\/\/nicolefragrance.se\/hr\/wp-json\/wp\/v2\/types\/product"}],"replies":[{"embeddable":true,"href":"https:\/\/nicolefragrance.se\/hr\/wp-json\/wp\/v2\/comments?post=660"}],"version-history":[{"count":0,"href":"https:\/\/nicolefragrance.se\/hr\/wp-json\/wp\/v2\/product\/660\/revisions"}],"wp:featuredmedia":[{"embeddable":true,"href":"https:\/\/nicolefragrance.se\/hr\/wp-json\/wp\/v2\/media\/28605"}],"wp:attachment":[{"href":"https:\/\/nicolefragrance.se\/hr\/wp-json\/wp\/v2\/media?parent=660"}],"wp:term":[{"taxonomy":"product_brand","embeddable":true,"href":"https:\/\/nicolefragrance.se\/hr\/wp-json\/wp\/v2\/product_brand?post=660"},{"taxonomy":"product_cat","embeddable":true,"href":"https:\/\/nicolefragrance.se\/hr\/wp-json\/wp\/v2\/product_cat?post=660"},{"taxonomy":"product_tag","embeddable":true,"href":"https:\/\/nicolefragrance.se\/hr\/wp-json\/wp\/v2\/product_tag?post=660"}],"curies":[{"name":"wp","href":"https:\/\/api.w.org\/{rel}","templated":true}]}}