{"id":648,"date":"2021-01-07T09:38:58","date_gmt":"2021-01-07T08:38:58","guid":{"rendered":"https:\/\/nicolefragrance.se\/?post_type=product&#038;p=648"},"modified":"2025-07-10T17:59:54","modified_gmt":"2025-07-10T15:59:54","slug":"gucci-guilty-pour-homme-nicole-edp","status":"publish","type":"product","link":"https:\/\/nicolefragrance.se\/hr\/proizvod\/gucci-guilty-pour-homme-nicole-edp\/","title":{"rendered":"Nicole 792 EDP inspiriran s Guilty Pour Homme Gucci"},"content":{"rendered":"<p><strong>Gucci Guilty Pour Homme<\/strong> je mu\u0161ki parfem koji isti\u010de novu viziju mu\u017eevnosti. Lansiran 2022. godine, predstavlja kombinaciju modernih i intenzivnih mirisnih nota kako bi stvorio jedinstveni do\u017eivljaj svje\u017eine i elegancije.<\/p>\n<p>Parfem se otvara laganijim i modernizovanim notama lavande i osvje\u017eavaju\u0107eg limuna koji savr\u0161eno kombiniraju sa intenzivno\u0161\u0107u kleke. Ovi gornji akordi stvaraju \u017eivahnu i privla\u010dnu mirisnu simfoniju koja isti\u010de jedinstvenu svje\u017einu i mladala\u010dki duh nosioca parfema. U srcu ovog parfema isti\u010du se duboke amberske note koje doprinose slojevitoj i bogatoj strukturi mirisa. Mirisni buket se upotpunjuje cvjetnim nijansama cvijeta naran\u010de i za\u010dinjenim tonovima mu\u0161katnog ora\u0161\u010di\u0107a, stvaraju\u0107i slo\u017eenu i intrigantnu kompoziciju. Baza parfema obuhva\u0107a misti\u010dne note indonezijskog pa\u010dulija koje doprinose dugotrajnom osje\u0107aju topline i senzualnosti. Ove note su dodatno poja\u010dane suhim drvenastim notama i mo\u0161usom, stvaraju\u0107i zavodljivu i elegantnu zavr\u0161nicu ovog parfema.<\/p>\n<p><strong>Gucci Guilty Pour Homme<\/strong> je parfem koji isti\u010de mu\u017eevnost i modernu eleganciju. Njegova slojevita i kompleksna aroma odi\u0161e svje\u017einom i senzualno\u0161\u0107u, \u010dine\u0107i ga savr\u0161enim izborom za samopouzdane mu\u0161karce koji cijene jedinstvene mirisne do\u017eivljaje.<\/p>\n<p>Otkrijte \u010daroliju mu\u0161ke verzije <strong>Gucci Guilty<\/strong> parfema i do\u017eivite nezaboravnu mirisnu avanturu koja isti\u010de va\u0161u individualnost i stil.<\/p>\n","protected":false},"excerpt":{"rendered":"<p>Gucci Guilty Pour Homme je parfem koji isti\u010de mu\u017eevnost i modernu eleganciju. Njegova slojevita i kompleksna aroma odi\u0161e svje\u017einom i senzualno\u0161\u0107u, \u010dine\u0107i ga savr\u0161enim izborom za samopouzdane mu\u0161karce koji cijene jedinstvene mirisne do\u017eivljaje. Otkrijte \u010daroliju mu\u0161ke verzije Gucci Guilty parfema i do\u017eivite nezaboravnu mirisnu avanturu koja isti\u010de va\u0161u individualnost i stil.<\/p>\n","protected":false},"featured_media":28616,"comment_status":"open","ping_status":"closed","template":"","meta":{"_acf_changed":false},"product_brand":[],"product_cat":[199,187],"product_tag":[],"class_list":{"0":"post-648","1":"product","2":"type-product","3":"status-publish","4":"has-post-thumbnail","6":"product_cat-gucci-marka","7":"product_cat-za-muskarce","9":"first","10":"instock","11":"taxable","12":"shipping-taxable","13":"purchasable","14":"product-type-variable","15":"has-default-attributes"},"acf":[],"_links":{"self":[{"href":"https:\/\/nicolefragrance.se\/hr\/wp-json\/wp\/v2\/product\/648","targetHints":{"allow":["GET"]}}],"collection":[{"href":"https:\/\/nicolefragrance.se\/hr\/wp-json\/wp\/v2\/product"}],"about":[{"href":"https:\/\/nicolefragrance.se\/hr\/wp-json\/wp\/v2\/types\/product"}],"replies":[{"embeddable":true,"href":"https:\/\/nicolefragrance.se\/hr\/wp-json\/wp\/v2\/comments?post=648"}],"version-history":[{"count":0,"href":"https:\/\/nicolefragrance.se\/hr\/wp-json\/wp\/v2\/product\/648\/revisions"}],"wp:featuredmedia":[{"embeddable":true,"href":"https:\/\/nicolefragrance.se\/hr\/wp-json\/wp\/v2\/media\/28616"}],"wp:attachment":[{"href":"https:\/\/nicolefragrance.se\/hr\/wp-json\/wp\/v2\/media?parent=648"}],"wp:term":[{"taxonomy":"product_brand","embeddable":true,"href":"https:\/\/nicolefragrance.se\/hr\/wp-json\/wp\/v2\/product_brand?post=648"},{"taxonomy":"product_cat","embeddable":true,"href":"https:\/\/nicolefragrance.se\/hr\/wp-json\/wp\/v2\/product_cat?post=648"},{"taxonomy":"product_tag","embeddable":true,"href":"https:\/\/nicolefragrance.se\/hr\/wp-json\/wp\/v2\/product_tag?post=648"}],"curies":[{"name":"wp","href":"https:\/\/api.w.org\/{rel}","templated":true}]}}