{"id":636,"date":"2021-01-07T09:36:32","date_gmt":"2021-01-07T08:36:32","guid":{"rendered":"https:\/\/nicolefragrance.se\/?post_type=product&#038;p=636"},"modified":"2026-02-13T10:32:24","modified_gmt":"2026-02-13T09:32:24","slug":"paco-rabanne-1-million-nicole-edp","status":"publish","type":"product","link":"https:\/\/nicolefragrance.se\/hr\/proizvod\/paco-rabanne-1-million-nicole-edp\/","title":{"rendered":"Nicole 791 EDP inspiriran s 1 Million Paco Rabanne"},"content":{"rendered":"<p><strong>Paco Rabanne 1 Million<\/strong> je miris koji osvaja svojom mu\u017eevno\u0161\u0107u i o\u010darava svojom privla\u010dno\u0161\u0107u. Ovaj parfem za mu\u0161karce lansiran je 2008. godine i od tada je postao simbol suvremene mu\u017eevnosti.<\/p>\n<p>Ovaj parfem predstavlja spoj svje\u017eine i dubine, pru\u017eaju\u0107i neodoljivu harmoniju nota koje istra\u017euju kontraste i stvaraju mirisnu senzaciju. U srcu parfema isti\u010du se note ambera, ko\u017ee i mandarine. Amber dodaje dubinu i senzualnost, dok ko\u017ea pru\u017ea karakteristi\u010dnu mu\u017eevnu notu koja se isti\u010de svojom privla\u010dno\u0161\u0107u. Mandarina dodaje svje\u017einu i vitalnost, stvaraju\u0107i kontrast koji o\u010darava.<\/p>\n<p><strong>1 Million by Paco Rabanne<\/strong> je parfem koji se izdvaja iz mase i provocira svojom originalno\u0161\u0107u. On definira novi standard mu\u0161kosti, pru\u017eaju\u0107i notu hrabrosti i samopouzdanja svakom mu\u0161karcu koji ga nosi. To je parfem za one koji \u017eele da se istaknu svojom individualno\u0161\u0107u i stilom. Savr\u0161en je za ve\u010dernje izlaske i posebne prilike, kada \u017eelite ostaviti neizbrisiv utisak.<\/p>\n<p>Osim svoje mu\u017eevne arome, tako\u0111er nudi izvanrednu postojanost. Kada ga nanesete, mo\u017eete biti sigurni da \u0107e vas pratiti tijekom cijelog dana ili ve\u010deri, \u010dine\u0107i vas magnetom za komplimente i pa\u017enju.<\/p>\n<p>Neka vas ova mu\u017eevna i o\u010daravaju\u0107a aroma vodi kroz svijet beskrajne privla\u010dnosti. <strong>Paco Rabanne 1 Million<\/strong> je izjava o snazi, samopouzdanju i hrabrosti.<\/p>\n","protected":false},"excerpt":{"rendered":"<p>1 Million by Paco Rabanne je parfem koji se izdvaja iz mase i provocira svojom originalno\u0161\u0107u. On definira novi standard mu\u0161kosti, pru\u017eaju\u0107i notu hrabrosti i samopouzdanja svakom mu\u0161karcu koji ga nosi. To je parfem za one koji \u017eele da se istaknu svojom individualno\u0161\u0107u i stilom. Savr\u0161en je za ve\u010dernje izlaske i posebne prilike, kada \u017eelite ostaviti neizbrisiv utisak.<\/p>\n","protected":false},"featured_media":28627,"comment_status":"open","ping_status":"closed","template":"","meta":{"_acf_changed":false},"product_brand":[],"product_cat":[198,187],"product_tag":[],"class_list":{"0":"post-636","1":"product","2":"type-product","3":"status-publish","4":"has-post-thumbnail","6":"product_cat-paco-rabanne-marka","7":"product_cat-za-muskarce","9":"first","10":"instock","11":"taxable","12":"shipping-taxable","13":"purchasable","14":"product-type-variable","15":"has-default-attributes"},"acf":[],"_links":{"self":[{"href":"https:\/\/nicolefragrance.se\/hr\/wp-json\/wp\/v2\/product\/636","targetHints":{"allow":["GET"]}}],"collection":[{"href":"https:\/\/nicolefragrance.se\/hr\/wp-json\/wp\/v2\/product"}],"about":[{"href":"https:\/\/nicolefragrance.se\/hr\/wp-json\/wp\/v2\/types\/product"}],"replies":[{"embeddable":true,"href":"https:\/\/nicolefragrance.se\/hr\/wp-json\/wp\/v2\/comments?post=636"}],"version-history":[{"count":0,"href":"https:\/\/nicolefragrance.se\/hr\/wp-json\/wp\/v2\/product\/636\/revisions"}],"wp:featuredmedia":[{"embeddable":true,"href":"https:\/\/nicolefragrance.se\/hr\/wp-json\/wp\/v2\/media\/28627"}],"wp:attachment":[{"href":"https:\/\/nicolefragrance.se\/hr\/wp-json\/wp\/v2\/media?parent=636"}],"wp:term":[{"taxonomy":"product_brand","embeddable":true,"href":"https:\/\/nicolefragrance.se\/hr\/wp-json\/wp\/v2\/product_brand?post=636"},{"taxonomy":"product_cat","embeddable":true,"href":"https:\/\/nicolefragrance.se\/hr\/wp-json\/wp\/v2\/product_cat?post=636"},{"taxonomy":"product_tag","embeddable":true,"href":"https:\/\/nicolefragrance.se\/hr\/wp-json\/wp\/v2\/product_tag?post=636"}],"curies":[{"name":"wp","href":"https:\/\/api.w.org\/{rel}","templated":true}]}}