{"id":624,"date":"2021-01-07T09:31:07","date_gmt":"2021-01-07T08:31:07","guid":{"rendered":"https:\/\/nicolefragrance.se\/?post_type=product&#038;p=624"},"modified":"2025-08-06T23:09:34","modified_gmt":"2025-08-06T21:09:34","slug":"dolcegabbana-the-one-nicole-edp","status":"publish","type":"product","link":"https:\/\/nicolefragrance.se\/hr\/proizvod\/dolcegabbana-the-one-nicole-edp\/","title":{"rendered":"Nicole 790 EDP inspiriran s The One Dolce &#038; Gabbana"},"content":{"rendered":"<p><strong>The One by Dolce &amp; Gabbana<\/strong> je elegantan i senzualan mu\u0161ki parfem koji istovremeno nosi suptilnu modernost i vje\u010dni \u0161arm. Ovaj miris savr\u0161eno odra\u017eava karizmati\u010dnog, zavodljivog i sofisticiranog mu\u0161karca, koji brine o svom izgledu.<\/p>\n<p><strong>The One for Men<\/strong> je esencija mu\u017eevnosti koja se otvara svje\u017einom citrusa i za\u010dinskog korjena, osvje\u017eavaju\u0107i va\u0161e osjetilo mirisa. Kako se miris razvija, srce parfema postaje sve toplije i senzualnije, sa slojevima kardamoma i \u0111umbira koji se prepli\u0107u sa notama nerolija. Miris se zatvara sa dubokom bazom bogatom drvenim notama kedra, koja ostavlja intenzivan i upe\u010datljiv trag koji skre\u0107e pa\u017enju.<\/p>\n<p><strong>The One<\/strong> <strong>for Men by D&amp;G<\/strong> je dio ikoni\u010dnog mirisnog svijeta, pru\u017eaju\u0107i dublje oflaktorno iskustvo za ljubitelje parfema. Mu\u017eevan i privla\u010dan, ovaj izuzetno intenzivan miris je svojevrsna izjava karizme i sofisticiranosti.<\/p>\n<p><strong>Dolce &amp; Gabbana <\/strong><strong>The One<\/strong>\u00a0nije samo miris, ve\u0107 i pri\u010da o mu\u0161karcu koji zra\u010di samopouzdanjem i elegancijom. The One by D&amp;G je kao simbol mu\u017eevnosti koji se ne zaboravlja. Svojom dubinom i sofisticiranim nijansama, ovaj miris je poput klasi\u010dnog odijela koje nikada ne izlazi iz mode. Bez obzira na priliku, ovaj parfem je savr\u0161eni dodatak va\u0161em stilu, dodaju\u0107i notu luksuza i profinjenosti.<\/p>\n","protected":false},"excerpt":{"rendered":"<p>The One by Dolce &amp; Gabbana nije samo miris, ve\u0107 i pri\u010da o mu\u0161karcu koji zra\u010di samopouzdanjem i elegancijom. Ovaj parfem je kao simbol mu\u017eevnosti koja se ne zaboravlja. Sa dubinom i sofisticiranim nijansama, ovaj miris je poput klasi\u010dnog odijela koje nikada ne izlazi iz mode. Bez obzira na priliku, on je savr\u0161eni dodatak va\u0161em stilu, dodaju\u0107i notu luksuza i profinjenosti.<\/p>\n","protected":false},"featured_media":28638,"comment_status":"open","ping_status":"closed","template":"","meta":{"_acf_changed":false},"product_brand":[],"product_cat":[197,187],"product_tag":[],"class_list":{"0":"post-624","1":"product","2":"type-product","3":"status-publish","4":"has-post-thumbnail","6":"product_cat-dolce-gabbana-marka","7":"product_cat-za-muskarce","9":"first","10":"instock","11":"taxable","12":"shipping-taxable","13":"purchasable","14":"product-type-variable","15":"has-default-attributes"},"acf":[],"_links":{"self":[{"href":"https:\/\/nicolefragrance.se\/hr\/wp-json\/wp\/v2\/product\/624","targetHints":{"allow":["GET"]}}],"collection":[{"href":"https:\/\/nicolefragrance.se\/hr\/wp-json\/wp\/v2\/product"}],"about":[{"href":"https:\/\/nicolefragrance.se\/hr\/wp-json\/wp\/v2\/types\/product"}],"replies":[{"embeddable":true,"href":"https:\/\/nicolefragrance.se\/hr\/wp-json\/wp\/v2\/comments?post=624"}],"version-history":[{"count":0,"href":"https:\/\/nicolefragrance.se\/hr\/wp-json\/wp\/v2\/product\/624\/revisions"}],"wp:featuredmedia":[{"embeddable":true,"href":"https:\/\/nicolefragrance.se\/hr\/wp-json\/wp\/v2\/media\/28638"}],"wp:attachment":[{"href":"https:\/\/nicolefragrance.se\/hr\/wp-json\/wp\/v2\/media?parent=624"}],"wp:term":[{"taxonomy":"product_brand","embeddable":true,"href":"https:\/\/nicolefragrance.se\/hr\/wp-json\/wp\/v2\/product_brand?post=624"},{"taxonomy":"product_cat","embeddable":true,"href":"https:\/\/nicolefragrance.se\/hr\/wp-json\/wp\/v2\/product_cat?post=624"},{"taxonomy":"product_tag","embeddable":true,"href":"https:\/\/nicolefragrance.se\/hr\/wp-json\/wp\/v2\/product_tag?post=624"}],"curies":[{"name":"wp","href":"https:\/\/api.w.org\/{rel}","templated":true}]}}