{"id":612,"date":"2021-01-07T09:27:06","date_gmt":"2021-01-07T08:27:06","guid":{"rendered":"https:\/\/nicolefragrance.se\/?post_type=product&#038;p=612"},"modified":"2025-11-18T08:59:24","modified_gmt":"2025-11-18T07:59:24","slug":"armani-black-code-nicole-edp","status":"publish","type":"product","link":"https:\/\/nicolefragrance.se\/hr\/proizvod\/armani-black-code-nicole-edp\/","title":{"rendered":"Nicole 779 EDP inspiriran s Code Man Armani"},"content":{"rendered":"<p><strong>Armani Code<\/strong>\u00a0je zavodljiv mu\u0161ki parfem, moderni i sofisticirani miris za mu\u0161karce koji kombinira neodoljivu kombinaciju citrusa u koktelu Bergamot i limuna sa nje\u017enim notama cvijeta masline, oboga\u0107enim esencijom Guaiac drveta i Tonka grahom. <strong>Armani Code<\/strong> prenosi raspolo\u017eenje elegantne zavodljivosti, inspirirane mu\u0161karcem koji zra\u010di prirodnom privla\u010dno\u0161\u0107u i samopouzdanjem, zavodi bez potrebe za provokacijom i sjedinjuje autenti\u010dnost sa lako\u0107om postojanja.<\/p>\n<p><strong>Armani Code<\/strong> je mnogo vi\u0161e od mirisa &#8211; to je iskustvo elegancije i karizme. Ovaj miris je kao nevidljivi dodatak samopouzdanju, koji vas postavlja u centar pa\u017enje sa svakim korakom.<\/p>\n<p>Gornje note ovog mirisa, sa osvje\u017eavaju\u0107im mirisima Bergamota i limuna, otvaraju kompoziciju svojom svjetlo\u0161\u0107u i vitalno\u0161\u0107u. U srcu ovog mirisa, nje\u017ene note cvijeta masline dodaju dubinu i sofisticiranost, dok esencija Guaiac drveta unosi toplinu i snagu. Tonka grah dodatno zaokru\u017euje ovu kompoziciju svojom blago slatkastom bazom.<\/p>\n<p>Uz svako nano\u0161enje ovog mirisa, osjetiti \u0107ete se spremno da zauzmete svijet karizmom i elegancijom. Ovaj miris je kao tajna oprema svakog modernog mu\u0161karca koji \u017eeli da ostavi neizbrisiv trag gdje god da se pojavi.<\/p>\n","protected":false},"excerpt":{"rendered":"<p>Armani Code prenosi raspolo\u017eenje elegantne zavodljivosti, inspirirane mu\u0161karcem koji zra\u010di prirodnom privla\u010dno\u0161\u0107u i samopouzdanjem, zavodi bez potrebe za provokacijom i sjedinjuje autenti\u010dnost sa lako\u0107om postojanja. Uz svako nano\u0161enje ovog mirisa, osjetiti \u0107ete se spremno da zauzmete svijet karizmom i elegancijom.<\/p>\n","protected":false},"featured_media":28650,"comment_status":"open","ping_status":"closed","template":"","meta":{"_acf_changed":false},"product_brand":[],"product_cat":[191,187],"product_tag":[],"class_list":{"0":"post-612","1":"product","2":"type-product","3":"status-publish","4":"has-post-thumbnail","6":"product_cat-armani-marka","7":"product_cat-za-muskarce","9":"first","10":"instock","11":"taxable","12":"shipping-taxable","13":"purchasable","14":"product-type-variable","15":"has-default-attributes"},"acf":[],"_links":{"self":[{"href":"https:\/\/nicolefragrance.se\/hr\/wp-json\/wp\/v2\/product\/612","targetHints":{"allow":["GET"]}}],"collection":[{"href":"https:\/\/nicolefragrance.se\/hr\/wp-json\/wp\/v2\/product"}],"about":[{"href":"https:\/\/nicolefragrance.se\/hr\/wp-json\/wp\/v2\/types\/product"}],"replies":[{"embeddable":true,"href":"https:\/\/nicolefragrance.se\/hr\/wp-json\/wp\/v2\/comments?post=612"}],"version-history":[{"count":0,"href":"https:\/\/nicolefragrance.se\/hr\/wp-json\/wp\/v2\/product\/612\/revisions"}],"wp:featuredmedia":[{"embeddable":true,"href":"https:\/\/nicolefragrance.se\/hr\/wp-json\/wp\/v2\/media\/28650"}],"wp:attachment":[{"href":"https:\/\/nicolefragrance.se\/hr\/wp-json\/wp\/v2\/media?parent=612"}],"wp:term":[{"taxonomy":"product_brand","embeddable":true,"href":"https:\/\/nicolefragrance.se\/hr\/wp-json\/wp\/v2\/product_brand?post=612"},{"taxonomy":"product_cat","embeddable":true,"href":"https:\/\/nicolefragrance.se\/hr\/wp-json\/wp\/v2\/product_cat?post=612"},{"taxonomy":"product_tag","embeddable":true,"href":"https:\/\/nicolefragrance.se\/hr\/wp-json\/wp\/v2\/product_tag?post=612"}],"curies":[{"name":"wp","href":"https:\/\/api.w.org\/{rel}","templated":true}]}}