{"id":600,"date":"2021-01-07T09:20:19","date_gmt":"2021-01-07T08:20:19","guid":{"rendered":"https:\/\/nicolefragrance.se\/?post_type=product&#038;p=600"},"modified":"2025-07-10T19:38:22","modified_gmt":"2025-07-10T17:38:22","slug":"bvlgari-aqva-nicole-edp","status":"publish","type":"product","link":"https:\/\/nicolefragrance.se\/hr\/proizvod\/bvlgari-aqva-nicole-edp\/","title":{"rendered":"Nicole 777 EDP inspiriran s Aqva Bvlgari"},"content":{"rendered":"<p><strong>Bvlgari Aqva<\/strong> je mo\u0107an i osvje\u017eavaju\u0107i aromati\u010dni mu\u0161ki parfem inspiriran vodom. Ovaj parfem nosi u sebi plemenitu i mu\u017eevnu energiju, evociraju\u0107i snagu mora i posebnu vezu \u010dovjeka sa njim. osje\u0107aj snage i svje\u017eine mora, zajedno sa sirovim aromati\u010dnim notama, ostavlja za sobom dubok i sna\u017ean trag. Gornje note su mandarina, naran\u010da i citrusno ulje; srednje note su morske alge, lavanda i cvijet pamuka, a bazne kedar, drvene note, pa\u010duli, mu\u0161katna \u017ealfija i amber.<\/p>\n<p><strong>Bvlgari Aqva<\/strong> je parfem koji istra\u017euje sve aspekte mo\u0107i prirode, prikazuju\u0107i ih kroz spoj razli\u010ditih mirisnih tonova. Njegova izdr\u017eljivost je pristojna, pru\u017eaju\u0107i vam svje\u017einu i mirisnu notu koja traje nekoliko sati. Ovo je parfem koji \u0107e vas pratiti tijekom dijela dana, donose\u0107i vam osje\u0107aj energije i vitalnosti.<\/p>\n<p>Ovaj parfem je idealan izbor za mu\u0161karca koji cijeni suptilnost, raznolike nijanse i suvremen stil. Njegova aroma nosi sa sobom notu ozbiljnosti i sofisticiranosti, istovremeno osvje\u017eavaju\u0107i svojom kompozicijom.<\/p>\n<p><strong>Bvlgari Aqva<\/strong> je parfem koji nosi mo\u0107 prirode i vitalnost mora. Njegova slo\u017eena kompozicija kombinira svje\u017einu i dubinu, \u010dine\u0107i ga odli\u010dnim izborom za svakodnevno no\u0161enje sa primjesama suptilne elegancije i moderne mu\u017eevnosti.<\/p>\n","protected":false},"excerpt":{"rendered":"<p>Bvlgari Aqva je parfem koji istra\u017euje sve aspekte mo\u0107i prirode, prikazuju\u0107i ih kroz spoj razli\u010ditih mirisnih tonova. Njegova izdr\u017eljivost je pristojna, pru\u017eaju\u0107i vam svje\u017einu i mirisnu notu koja traje nekoliko sati. Ovo je parfem koji \u0107e vas pratiti tijekom dijela dana, donose\u0107i vam osje\u0107aj energije i vitalnosti. Ovaj parfem je idealan izbor za mu\u0161karca koji cijeni suptilnost, raznolike nijanse i suvremen stil.<\/p>\n","protected":false},"featured_media":28661,"comment_status":"open","ping_status":"closed","template":"","meta":{"_acf_changed":false},"product_brand":[],"product_cat":[196,187],"product_tag":[],"class_list":{"0":"post-600","1":"product","2":"type-product","3":"status-publish","4":"has-post-thumbnail","6":"product_cat-bvlgari-marka","7":"product_cat-za-muskarce","9":"first","10":"instock","11":"taxable","12":"shipping-taxable","13":"purchasable","14":"product-type-variable","15":"has-default-attributes"},"acf":[],"_links":{"self":[{"href":"https:\/\/nicolefragrance.se\/hr\/wp-json\/wp\/v2\/product\/600","targetHints":{"allow":["GET"]}}],"collection":[{"href":"https:\/\/nicolefragrance.se\/hr\/wp-json\/wp\/v2\/product"}],"about":[{"href":"https:\/\/nicolefragrance.se\/hr\/wp-json\/wp\/v2\/types\/product"}],"replies":[{"embeddable":true,"href":"https:\/\/nicolefragrance.se\/hr\/wp-json\/wp\/v2\/comments?post=600"}],"version-history":[{"count":0,"href":"https:\/\/nicolefragrance.se\/hr\/wp-json\/wp\/v2\/product\/600\/revisions"}],"wp:featuredmedia":[{"embeddable":true,"href":"https:\/\/nicolefragrance.se\/hr\/wp-json\/wp\/v2\/media\/28661"}],"wp:attachment":[{"href":"https:\/\/nicolefragrance.se\/hr\/wp-json\/wp\/v2\/media?parent=600"}],"wp:term":[{"taxonomy":"product_brand","embeddable":true,"href":"https:\/\/nicolefragrance.se\/hr\/wp-json\/wp\/v2\/product_brand?post=600"},{"taxonomy":"product_cat","embeddable":true,"href":"https:\/\/nicolefragrance.se\/hr\/wp-json\/wp\/v2\/product_cat?post=600"},{"taxonomy":"product_tag","embeddable":true,"href":"https:\/\/nicolefragrance.se\/hr\/wp-json\/wp\/v2\/product_tag?post=600"}],"curies":[{"name":"wp","href":"https:\/\/api.w.org\/{rel}","templated":true}]}}