{"id":588,"date":"2021-01-07T09:15:47","date_gmt":"2021-01-07T08:15:47","guid":{"rendered":"https:\/\/nicolefragrance.se\/?post_type=product&#038;p=588"},"modified":"2025-07-10T19:40:02","modified_gmt":"2025-07-10T17:40:02","slug":"chanel-allure-homme-sport-nicole-edp","status":"publish","type":"product","link":"https:\/\/nicolefragrance.se\/hr\/proizvod\/chanel-allure-homme-sport-nicole-edp\/","title":{"rendered":"Nicole 771 EDP inspiriran s Allure Homme Sport Chanel"},"content":{"rendered":"<p><strong>Chanel Allure Homme Sport<\/strong> je mu\u0161ki parfem koji predstavlja vi\u0161e od mirisa &#8211; on je prava doza energije i svje\u017eine za aktivnog mu\u0161karca. Ova osvje\u017eavaju\u0107a kompozicija poput udaha energije donosi osje\u0107aj blagostanja.<\/p>\n<p>Ve\u0107 pri prvom susretu, <strong>Chanel Allure Homme Sport<\/strong> ostavlja utisak izuzetno svje\u017eeg, za\u010dinjenog i aromati\u010dnog mirisa nane, papra i tonke. Ovaj miris je kao stvoren za mu\u0161karce koji su uvijek u pokretu, spremni da istra\u017ee svoje granice.<\/p>\n<p>Ova kompozicija ple\u0161e izme\u0111u svje\u017eine i senzualnosti. Note koje asociraju na vodu, energi\u010dnost i senzualnost istovremeno, bude osje\u0107aj mu\u0161karca akcije, spremnog da pomi\u010de svoje granice. <strong>Chanel Allure Homme Sport<\/strong> je miris za samopouzdanog mu\u0161karca, mu\u0161karca koji \u017eivi punim plu\u0107ima, istra\u017euju\u0107i svaki trenutak.<\/p>\n<p>Ovaj miris je savr\u0161en izbor za dnevnu upotrebu, kako za poslovne obaveze tako i za slobodno vrijeme. osje\u0107aj svje\u017eine koji pru\u017ea traje \u010ditav dan, \u010dine\u0107i vas spremnim za sve \u0161to vam dan donese. Chanel je uspio da stvori miris koji ne samo da odi\u0161e luksuzom i sofisticirano\u0161\u0107u, ve\u0107 se i isti\u010de svojom dugotrajno\u0161\u0107u i izra\u017eajno\u0161\u0107u.<\/p>\n","protected":false},"excerpt":{"rendered":"<p>Chanel Allure Homme Sport je miris za samopouzdanog mu\u0161karca, mu\u0161karca koji \u017eivi punim plu\u0107ima, istra\u017euju\u0107i svaki trenutak. Ovaj miris je savr\u0161en izbor za dnevnu upotrebu, kako za poslovne obaveze tako i za slobodno vrijeme. osje\u0107aj svje\u017eine koji pru\u017ea traje \u010ditav dan, \u010dine\u0107i vas spremnim za sve \u0161to vam dan donese. Chanel je, kao i uvijek, uspio stvoriti miris koji ne samo da odi\u0161e luksuzom i sofisticirano\u0161\u0107u, ve\u0107 se i isti\u010de svojom dugotrajno\u0161\u0107u i izra\u017eajno\u0161\u0107u.<\/p>\n","protected":false},"featured_media":28673,"comment_status":"open","ping_status":"closed","template":"","meta":{"_acf_changed":false},"product_brand":[],"product_cat":[195,187],"product_tag":[],"class_list":{"0":"post-588","1":"product","2":"type-product","3":"status-publish","4":"has-post-thumbnail","6":"product_cat-chanel-marka","7":"product_cat-za-muskarce","9":"first","10":"instock","11":"taxable","12":"shipping-taxable","13":"purchasable","14":"product-type-variable","15":"has-default-attributes"},"acf":[],"_links":{"self":[{"href":"https:\/\/nicolefragrance.se\/hr\/wp-json\/wp\/v2\/product\/588","targetHints":{"allow":["GET"]}}],"collection":[{"href":"https:\/\/nicolefragrance.se\/hr\/wp-json\/wp\/v2\/product"}],"about":[{"href":"https:\/\/nicolefragrance.se\/hr\/wp-json\/wp\/v2\/types\/product"}],"replies":[{"embeddable":true,"href":"https:\/\/nicolefragrance.se\/hr\/wp-json\/wp\/v2\/comments?post=588"}],"version-history":[{"count":0,"href":"https:\/\/nicolefragrance.se\/hr\/wp-json\/wp\/v2\/product\/588\/revisions"}],"wp:featuredmedia":[{"embeddable":true,"href":"https:\/\/nicolefragrance.se\/hr\/wp-json\/wp\/v2\/media\/28673"}],"wp:attachment":[{"href":"https:\/\/nicolefragrance.se\/hr\/wp-json\/wp\/v2\/media?parent=588"}],"wp:term":[{"taxonomy":"product_brand","embeddable":true,"href":"https:\/\/nicolefragrance.se\/hr\/wp-json\/wp\/v2\/product_brand?post=588"},{"taxonomy":"product_cat","embeddable":true,"href":"https:\/\/nicolefragrance.se\/hr\/wp-json\/wp\/v2\/product_cat?post=588"},{"taxonomy":"product_tag","embeddable":true,"href":"https:\/\/nicolefragrance.se\/hr\/wp-json\/wp\/v2\/product_tag?post=588"}],"curies":[{"name":"wp","href":"https:\/\/api.w.org\/{rel}","templated":true}]}}