{"id":576,"date":"2021-01-07T09:12:35","date_gmt":"2021-01-07T08:12:35","guid":{"rendered":"https:\/\/nicolefragrance.se\/?post_type=product&#038;p=576"},"modified":"2025-07-10T19:41:50","modified_gmt":"2025-07-10T17:41:50","slug":"chanel-platinum-egoiste-nicole-edp","status":"publish","type":"product","link":"https:\/\/nicolefragrance.se\/hr\/proizvod\/chanel-platinum-egoiste-nicole-edp\/","title":{"rendered":"Nicole 765 EDP inspiriran s Platinum Egoiste Chanel"},"content":{"rendered":"<p><strong>Chanel Platinum Egoiste<\/strong> je parfem za mu\u0161karce koji zra\u010de samopouzdanjem i elegancijom. Ovaj miris je predstavljen 1993. godine i od tada je postao sinonim za sofisticiranost i mu\u017eevnost.<\/p>\n<p><strong>Platinum Egoiste<\/strong> otvara se svje\u017eim i aromati\u010dnim notama lavande, ru\u017emarina, nerolija i naran\u010dinog ulja, koje stvaraju energi\u010dan fu\u017eer-zeleni akord. Ove note simboliziraju snagu mu\u0161karca s izra\u017eenom prisutno\u0161\u0107u. U srcu parfema su geranij, mu\u0161katna \u017ealfija, galbanum i jasmin, dok osnovu \u010dine hrastova mahovina, vetiver, kedar, sandalovo drvo i amber.<\/p>\n<p>Ovaj miris je postao pravi klasik u svijetu parfema. Njegova univerzalna privla\u010dnost zna\u010di da je pogodan za sve prilike. Bilo da idete na posao, na ve\u010deru ili na poseban doga\u0111aj, Platinum Egoiste \u0107e vam pru\u017eiti notu sofisticiranosti i elegancije koja \u0107e vas ista\u0107i. Dinami\u010dan i mo\u0107an, savr\u0161eno odra\u017eava karakter samouvjerenog mu\u0161karca.<\/p>\n<p><strong>Platinum Egoiste by Chanel<\/strong> je ne samo vremenski fleksibilan, ve\u0107 i izuzetno moderan. Njegova mu\u017eevna aroma odgovara svim godi\u0161njim dobima. Bez obzira da li ga nosite tijekom toplih ljetnih mjeseci ili hladnih zimskih dana, Platinum Egoiste \u0107e ostaviti sna\u017ean utisak.<\/p>\n<p>Njegova snaga i elegancija \u010dine ga idealnim izborom za mu\u0161karce koji znaju \u0161to \u017eele. A njegova fleksibilnost zna\u010di da \u0107e vas pratiti u svim \u017eivotnim situacijama, \u010dine\u0107i vas primjetnim gdje god da se nalazite.<\/p>\n","protected":false},"excerpt":{"rendered":"<p>Chanel Platinum Egoiste je parfem za mu\u0161karce koji zra\u010de samopouzdanjem i elegancijom. Njegova univerzalna privla\u010dnost zna\u010di da je pogodan za sve prilike. Bilo da idete na posao, na ve\u010deru ili na poseban doga\u0111aj, Platinum Egoiste \u0107e vam pru\u017eiti notu sofisticiranosti i elegancije koja \u0107e vas ista\u0107i. Dinami\u010dan i mo\u0107an, savr\u0161eno odra\u017eava karakter samouvjerenog mu\u0161karca.<\/p>\n","protected":false},"featured_media":28685,"comment_status":"open","ping_status":"closed","template":"","meta":{"_acf_changed":false},"product_brand":[],"product_cat":[195,187],"product_tag":[],"class_list":{"0":"post-576","1":"product","2":"type-product","3":"status-publish","4":"has-post-thumbnail","6":"product_cat-chanel-marka","7":"product_cat-za-muskarce","9":"first","10":"instock","11":"taxable","12":"shipping-taxable","13":"purchasable","14":"product-type-variable","15":"has-default-attributes"},"acf":[],"_links":{"self":[{"href":"https:\/\/nicolefragrance.se\/hr\/wp-json\/wp\/v2\/product\/576","targetHints":{"allow":["GET"]}}],"collection":[{"href":"https:\/\/nicolefragrance.se\/hr\/wp-json\/wp\/v2\/product"}],"about":[{"href":"https:\/\/nicolefragrance.se\/hr\/wp-json\/wp\/v2\/types\/product"}],"replies":[{"embeddable":true,"href":"https:\/\/nicolefragrance.se\/hr\/wp-json\/wp\/v2\/comments?post=576"}],"version-history":[{"count":0,"href":"https:\/\/nicolefragrance.se\/hr\/wp-json\/wp\/v2\/product\/576\/revisions"}],"wp:featuredmedia":[{"embeddable":true,"href":"https:\/\/nicolefragrance.se\/hr\/wp-json\/wp\/v2\/media\/28685"}],"wp:attachment":[{"href":"https:\/\/nicolefragrance.se\/hr\/wp-json\/wp\/v2\/media?parent=576"}],"wp:term":[{"taxonomy":"product_brand","embeddable":true,"href":"https:\/\/nicolefragrance.se\/hr\/wp-json\/wp\/v2\/product_brand?post=576"},{"taxonomy":"product_cat","embeddable":true,"href":"https:\/\/nicolefragrance.se\/hr\/wp-json\/wp\/v2\/product_cat?post=576"},{"taxonomy":"product_tag","embeddable":true,"href":"https:\/\/nicolefragrance.se\/hr\/wp-json\/wp\/v2\/product_tag?post=576"}],"curies":[{"name":"wp","href":"https:\/\/api.w.org\/{rel}","templated":true}]}}