{"id":553,"date":"2021-01-07T09:06:48","date_gmt":"2021-01-07T08:06:48","guid":{"rendered":"https:\/\/nicolefragrance.se\/?post_type=product&#038;p=553"},"modified":"2025-07-10T19:44:03","modified_gmt":"2025-07-10T17:44:03","slug":"lacoste-pour-homme-nicole-edp","status":"publish","type":"product","link":"https:\/\/nicolefragrance.se\/hr\/proizvod\/lacoste-pour-homme-nicole-edp\/","title":{"rendered":"Nicole 763 EDP inspiriran s Lacoste Pour Homme Lacoste"},"content":{"rendered":"<p><strong>Lacoste Pour Homme<\/strong> je miris koji simbolizira klasi\u010dan \u0161arm i svje\u017einu, idealan za suvremenog mu\u0161karca. Lansiran 2002. godine, ovaj mu\u0161ki parfem pru\u017ea neodoljiv spoj za\u010dina i sofisticiranih nota.<\/p>\n<p><strong>Pour Homme<\/strong> zapoc\u030cinje svoju mirisnu avanturu svje\u017eim notama zrelog voc\u0301a. Mirisne note jabuke, bergamota, grejpfruta i \u0161ljive stvaraju osvje\u017eavaju\u0107i po\u010detak koji vas momentalno privla\u010di. Srce ovog parfema donosi bogat spoj za\u010dina koji podsti\u010de toplinu. Kardamom, cimet, kleka i ruz\u030cic\u030casti papar stvaraju sofisticiranu harmoniju za\u010dina koja vas obavija toplinom i vitalnos\u030cc\u0301u. Baza mirisa je duboka i sofisticirana, sa notama vanilije, ruma, mo\u0161usa, sandalovine, kedra i labdanuma. Ove note donose trajnost i stabilnost mirisu, ostavljajuc\u0301i nezaboravan utisak.<\/p>\n<p><strong>Pour Homme by Lacoste<\/strong> je poznat po svojoj svestranosti i eleganciji. Njegova klasi\u010dna aroma \u010dini ga odgovaraju\u0107im za mu\u0161karce svih uzrasta. Bez obzira na priliku, ovaj miris vas \u010dini sigurnim i sofisticiranim.<\/p>\n<p><strong>Lacoste Pour Homme<\/strong> je miris za mu\u0161karce koji cijene klasi\u010dnu eleganciju, ali \u017eele dodir svje\u017eine i vitalnosti. Njegova izvanredna kombinacija vo\u0107nih nota, za\u010dina i dubokih temelja \u010dini ga neodoljivim izborom za svakodnevno no\u0161enje.<\/p>\n<p>Otkrijte klasi\u010dan \u0161arm i svje\u017einu <strong>Lacoste Pour Homme<\/strong> i istaknite svoj jedinstveni stil.<\/p>\n","protected":false},"excerpt":{"rendered":"<p>Lacoste Pour Homme je miris za mu\u0161karce koji cijene klasi\u010dnu eleganciju, ali \u017eele dodir svje\u017eine i vitalnosti. Njegova izvanredna kombinacija vo\u0107nih nota, za\u010dina i dubokih temelja \u010dini ga neodoljivim izborom za svakodnevno no\u0161enje i odgovaraju\u0107im za mu\u0161karce svih uzrasta. Otkrijte klasi\u010dan \u0161arm i svje\u017einu Lacoste Pour Homme i istaknite svoj jedinstveni stil.<\/p>\n","protected":false},"featured_media":28697,"comment_status":"open","ping_status":"closed","template":"","meta":{"_acf_changed":false},"product_brand":[],"product_cat":[194,187],"product_tag":[],"class_list":{"0":"post-553","1":"product","2":"type-product","3":"status-publish","4":"has-post-thumbnail","6":"product_cat-lacoste-marka","7":"product_cat-za-muskarce","9":"first","10":"instock","11":"taxable","12":"shipping-taxable","13":"purchasable","14":"product-type-variable","15":"has-default-attributes"},"acf":[],"_links":{"self":[{"href":"https:\/\/nicolefragrance.se\/hr\/wp-json\/wp\/v2\/product\/553","targetHints":{"allow":["GET"]}}],"collection":[{"href":"https:\/\/nicolefragrance.se\/hr\/wp-json\/wp\/v2\/product"}],"about":[{"href":"https:\/\/nicolefragrance.se\/hr\/wp-json\/wp\/v2\/types\/product"}],"replies":[{"embeddable":true,"href":"https:\/\/nicolefragrance.se\/hr\/wp-json\/wp\/v2\/comments?post=553"}],"version-history":[{"count":0,"href":"https:\/\/nicolefragrance.se\/hr\/wp-json\/wp\/v2\/product\/553\/revisions"}],"wp:featuredmedia":[{"embeddable":true,"href":"https:\/\/nicolefragrance.se\/hr\/wp-json\/wp\/v2\/media\/28697"}],"wp:attachment":[{"href":"https:\/\/nicolefragrance.se\/hr\/wp-json\/wp\/v2\/media?parent=553"}],"wp:term":[{"taxonomy":"product_brand","embeddable":true,"href":"https:\/\/nicolefragrance.se\/hr\/wp-json\/wp\/v2\/product_brand?post=553"},{"taxonomy":"product_cat","embeddable":true,"href":"https:\/\/nicolefragrance.se\/hr\/wp-json\/wp\/v2\/product_cat?post=553"},{"taxonomy":"product_tag","embeddable":true,"href":"https:\/\/nicolefragrance.se\/hr\/wp-json\/wp\/v2\/product_tag?post=553"}],"curies":[{"name":"wp","href":"https:\/\/api.w.org\/{rel}","templated":true}]}}