{"id":541,"date":"2021-01-07T09:02:07","date_gmt":"2021-01-07T08:02:07","guid":{"rendered":"https:\/\/nicolefragrance.se\/?post_type=product&#038;p=541"},"modified":"2025-07-10T19:45:55","modified_gmt":"2025-07-10T17:45:55","slug":"hugo-boss-hugo-nicole-edp","status":"publish","type":"product","link":"https:\/\/nicolefragrance.se\/hr\/proizvod\/hugo-boss-hugo-nicole-edp\/","title":{"rendered":"Nicole 718 EDP inspiriran s Hugo Hugo Boss"},"content":{"rendered":"<p><strong>Hugo by Hugo Boss<\/strong> je mu\u0161ki parfem koji donosi spoj cvjetnih nota svje\u017eeg citrusa sa notama za\u010dinskih listova i drvenastih tonova.<\/p>\n<p>Ovaj parfem se isti\u010de kao klasi\u010dan i vremenski neograni\u010den miris koji stvara svje\u017eu i opu\u0161toju\u0107u ljetnu atmosferu. istovremeno mu\u017eevan i senzualan, predstavlja sjajan spoj slatkih i gor\u010dih aromati\u010dnih nota. Ovim parfemom Hugo Boss je stvorio pravo remek-djelo koje nikada ne izlazi iz mode, pru\u017eaju\u0107i vam svje\u017einu i samopouzdanje.<\/p>\n<p>Gornje note ovog parfema donose osvje\u017eavaju\u0107e arome citrusa koje bude va\u0161a osjetila. Srednje note se otvaraju sa hrabrim i za\u010dinskim notama lista, koje dodaju dubinu ovom mirisu. Osnovne note izra\u017eavaju se drvenastim tonovima, ostavljaju\u0107i senzualan trag na ko\u017ei.<\/p>\n<p>Ovaj parfem je odosoban izbor za samouvjerene mu\u0161karce koji \u017eele da se istaknu svojom aromom. Bilo da idete na posao, sastanak ili provod sa prijateljima, <strong>Hugo by Hugo Boss<\/strong> \u0107e vam pru\u017eiti dozu svje\u017eine i mu\u017eevnosti koja \u0107e vas pratiti tijekom cijelog dana. Savr\u0161en je za dnevno no\u0161enje ili ve\u010der provedeno u gradu, bude\u0107i osjetilo mirisa bogatom i sna\u017enom mu\u0161kom aromom.<\/p>\n<p>Uzmite <strong>Hugo by Hugo Boss<\/strong> i otkrijte svje\u017einu i energiju ovog klasi\u010dnog mirisa. Neka va\u0161a pojava bude upotpunjena ovom mu\u017eevnom i senzualnom aromom koja ostavlja neizbrisiv utisak.<\/p>\n","protected":false},"excerpt":{"rendered":"<p>Hugo by Hugo Boss je odosoban izbor za samouvjerene mu\u0161karce koji \u017eele da se istaknu svojom aromom. Bilo da idete na posao, sastanak, ili provod sa prijateljima, ovaj parfem \u0107e vam pru\u017eiti dozu svje\u017eine i mu\u017eevnosti koja \u0107e vas pratiti tijekom cijelog dana. Savr\u0161en je za dnevno no\u0161enje ili ve\u010der provedeno u gradu, bude\u0107i osjetilo mirisa bogatom i sna\u017enom mu\u0161kom aromom.<\/p>\n","protected":false},"featured_media":28708,"comment_status":"open","ping_status":"closed","template":"","meta":{"_acf_changed":false},"product_brand":[],"product_cat":[193,187],"product_tag":[],"class_list":{"0":"post-541","1":"product","2":"type-product","3":"status-publish","4":"has-post-thumbnail","6":"product_cat-hugo-boss-marka","7":"product_cat-za-muskarce","9":"first","10":"instock","11":"taxable","12":"shipping-taxable","13":"purchasable","14":"product-type-variable","15":"has-default-attributes"},"acf":[],"_links":{"self":[{"href":"https:\/\/nicolefragrance.se\/hr\/wp-json\/wp\/v2\/product\/541","targetHints":{"allow":["GET"]}}],"collection":[{"href":"https:\/\/nicolefragrance.se\/hr\/wp-json\/wp\/v2\/product"}],"about":[{"href":"https:\/\/nicolefragrance.se\/hr\/wp-json\/wp\/v2\/types\/product"}],"replies":[{"embeddable":true,"href":"https:\/\/nicolefragrance.se\/hr\/wp-json\/wp\/v2\/comments?post=541"}],"version-history":[{"count":0,"href":"https:\/\/nicolefragrance.se\/hr\/wp-json\/wp\/v2\/product\/541\/revisions"}],"wp:featuredmedia":[{"embeddable":true,"href":"https:\/\/nicolefragrance.se\/hr\/wp-json\/wp\/v2\/media\/28708"}],"wp:attachment":[{"href":"https:\/\/nicolefragrance.se\/hr\/wp-json\/wp\/v2\/media?parent=541"}],"wp:term":[{"taxonomy":"product_brand","embeddable":true,"href":"https:\/\/nicolefragrance.se\/hr\/wp-json\/wp\/v2\/product_brand?post=541"},{"taxonomy":"product_cat","embeddable":true,"href":"https:\/\/nicolefragrance.se\/hr\/wp-json\/wp\/v2\/product_cat?post=541"},{"taxonomy":"product_tag","embeddable":true,"href":"https:\/\/nicolefragrance.se\/hr\/wp-json\/wp\/v2\/product_tag?post=541"}],"curies":[{"name":"wp","href":"https:\/\/api.w.org\/{rel}","templated":true}]}}