{"id":529,"date":"2021-01-07T08:49:08","date_gmt":"2021-01-07T07:49:08","guid":{"rendered":"https:\/\/nicolefragrance.se\/?post_type=product&#038;p=529"},"modified":"2025-07-10T19:47:41","modified_gmt":"2025-07-10T17:47:41","slug":"armani-acqua-di-gio-nicole-edp","status":"publish","type":"product","link":"https:\/\/nicolefragrance.se\/hr\/proizvod\/armani-acqua-di-gio-nicole-edp\/","title":{"rendered":"Nicole 717 EDP inspiriran s Acqua di Gio Armani"},"content":{"rendered":"<p><strong>Armani Acqua di Gio<\/strong> je mu\u0161ki parfem koji osvaja svje\u017einom i sofisticiranim notama, stvaraju\u0107i neodoljiv mirisni do\u017eivljaj. Ovaj parfem otvara se svje\u017eim udarom kalabrijskog bergamota, nerolija i zelene mandarine. Lagane, vodenaste nijanse se mije\u0161aju sa ru\u017emarinom, slatkim kaki vo\u0107em i toplim indonje\u017eanskim pa\u010dulijem, stvaraju\u0107i svje\u017e miris za mu\u0161karce. Ovaj parfem se intenzivira toplotom va\u0161eg tijela, osloba\u0111aju\u0107i postepeno njegove slojeve mirisnih do\u017eivljaja.<\/p>\n<p><strong>Giorgio Armani Acqua di Gio<\/strong> je ugodno vodeni parfem sa notama soli i citrusa koji se otvara citrusnim notama limuna i lajma, da bi se kasnije razvio u miris cedra i mo\u0161usa. To je pa\u017eljivo skrojen i harmoni\u010dan parfem, kreiran sa ciljem da privu\u010de \u0161irok spektar ljudi i o\u010digledno je uspio u tome. Ovo je savr\u0161en miris za ljetne dane, ali istovremeno je vrlo svestran i mo\u017ee se nositi u razli\u010ditim prilikama.<\/p>\n<p>Mirisni akordi mo\u0161usa i drve\u0107a dodaju \u010distu i umiruju\u0107u notu cvjetnim tonovima i ovaj predivan miris je gotovo nemogu\u0107e odoljeti. <strong>Armani Acqua di Gio<\/strong> je pravo remek-djelo u svijetu mirisa i ne \u010dudi \u0161to je omiljen mu\u0161ki parfem ve\u0107 vi\u0161e od 25 godina. Ovaj miris je poput elegantne i svje\u017eine morske povjetarca, oboga\u0107en slo\u017eenim notama koje ga \u010dine duboko privla\u010dnim i neprolazno popularnim.<\/p>\n","protected":false},"excerpt":{"rendered":"<p>Armani Acqua di Gio je pravo remek-djelo u svijetu mirisa i nije ne \u010dudi \u0161to je omiljen mu\u0161ki parfem ve\u0107 vi\u0161e od 25 godina. Ovaj miris je poput elegantne i svje\u017eine morske povjetarca, oboga\u0107en slo\u017eenim notama koje ga \u010dine duboko privla\u010dnim i neprolazno popularnim. Ovo je savr\u0161en miris za ljetne dane, ali istovremeno je vrlo svestran i mo\u017ee se nositi u razli\u010ditim prilikama.<\/p>\n","protected":false},"featured_media":28719,"comment_status":"open","ping_status":"closed","template":"","meta":{"_acf_changed":false},"product_brand":[],"product_cat":[191,187],"product_tag":[],"class_list":{"0":"post-529","1":"product","2":"type-product","3":"status-publish","4":"has-post-thumbnail","6":"product_cat-armani-marka","7":"product_cat-za-muskarce","9":"first","10":"instock","11":"taxable","12":"shipping-taxable","13":"purchasable","14":"product-type-variable","15":"has-default-attributes"},"acf":[],"_links":{"self":[{"href":"https:\/\/nicolefragrance.se\/hr\/wp-json\/wp\/v2\/product\/529","targetHints":{"allow":["GET"]}}],"collection":[{"href":"https:\/\/nicolefragrance.se\/hr\/wp-json\/wp\/v2\/product"}],"about":[{"href":"https:\/\/nicolefragrance.se\/hr\/wp-json\/wp\/v2\/types\/product"}],"replies":[{"embeddable":true,"href":"https:\/\/nicolefragrance.se\/hr\/wp-json\/wp\/v2\/comments?post=529"}],"version-history":[{"count":0,"href":"https:\/\/nicolefragrance.se\/hr\/wp-json\/wp\/v2\/product\/529\/revisions"}],"wp:featuredmedia":[{"embeddable":true,"href":"https:\/\/nicolefragrance.se\/hr\/wp-json\/wp\/v2\/media\/28719"}],"wp:attachment":[{"href":"https:\/\/nicolefragrance.se\/hr\/wp-json\/wp\/v2\/media?parent=529"}],"wp:term":[{"taxonomy":"product_brand","embeddable":true,"href":"https:\/\/nicolefragrance.se\/hr\/wp-json\/wp\/v2\/product_brand?post=529"},{"taxonomy":"product_cat","embeddable":true,"href":"https:\/\/nicolefragrance.se\/hr\/wp-json\/wp\/v2\/product_cat?post=529"},{"taxonomy":"product_tag","embeddable":true,"href":"https:\/\/nicolefragrance.se\/hr\/wp-json\/wp\/v2\/product_tag?post=529"}],"curies":[{"name":"wp","href":"https:\/\/api.w.org\/{rel}","templated":true}]}}