{"id":517,"date":"2021-01-05T16:08:14","date_gmt":"2021-01-05T15:08:14","guid":{"rendered":"https:\/\/nicolefragrance.se\/?post_type=product&#038;p=517"},"modified":"2025-07-10T19:49:09","modified_gmt":"2025-07-10T17:49:09","slug":"dior-fahrenheit-nicole-edp","status":"publish","type":"product","link":"https:\/\/nicolefragrance.se\/hr\/proizvod\/dior-fahrenheit-nicole-edp\/","title":{"rendered":"Nicole 705 EDP inspiriran s Fahrenheit Dior"},"content":{"rendered":"<p><strong>Dior Fahrenheit<\/strong> je izra\u017eajan i sofisticiran mu\u0161ki parfem koji odi\u0161e bogatim i toplim notama, pru\u017eaju\u0107i osje\u0107aj elegancije i sofisticiranosti. Ovaj miris je kao dubok, topli zagrljaj vo\u0107a, nedvosmisleno mu\u017eevan.<\/p>\n<p>Gornje note lavande, kamilice i bergamota otvaraju se toplim, a opet osvje\u017eavaju\u0107im akordima. <strong>Dior Fahrenheit<\/strong> je prava poslastica za osjetila &#8211; kombinacija lavande, mandarine, gloga, mu\u0161katnog ora\u0161\u010di\u0107a, kedra, bergamota, kamilice i limuna \u010dini ga jedinstvenim iskustvom. Srednji sloj ovog parfema sadr\u017ei note mu\u0161katnog ora\u0161\u010di\u0107a, zvon\u010di\u0107a, sandalovine, ljubi\u010dice i kedra. Ovi slojevi dodaju dubinu i slo\u017eenost mirisu, donose\u0107i cvjetne i za\u010dinske note u prvi plan. Bazne note su kombinacija ko\u017ee i vetivera, pru\u017eaju\u0107i mirisu sna\u017ene i zemljane arome.<\/p>\n<p>Ovaj parfem je klasi\u010dan mu\u0161ki miris koji zra\u010di toplinom, senzualno\u0161\u0107u i mu\u017eevno\u0161\u0107u. Od svog lansiranja 1988. godine, postao je prepoznatljiv po svojoj mo\u0107i i originalnosti.<\/p>\n<p>Dizajniran za modernog mu\u0161karca koji je samouvjeren, hrabar i avanturisti\u010dki nastrojen, <strong>Dior Fahrenheit<\/strong> ostavlja neizbrisiv utisak gdje god da se pojavi.<\/p>\n","protected":false},"excerpt":{"rendered":"<p>Dior Fahrenheit je prava poslastica za osjetila &#8211; kombinacija lavande, mandarine, gloga, mu\u0161katnog ora\u0161\u010di\u0107a, kedra, bergamota, kamilice i limuna \u010dini ga jedinstvenim iskustvom. Dizajniran za modernog mu\u0161karca koji je samouvjeren, hrabar i avanturisti\u010dki nastrojen, Dior Fahrenheit ostavlja neizbrisiv utisak gdje god da se pojavi.<\/p>\n","protected":false},"featured_media":28731,"comment_status":"open","ping_status":"closed","template":"","meta":{"_acf_changed":false},"product_brand":[],"product_cat":[192,187],"product_tag":[],"class_list":{"0":"post-517","1":"product","2":"type-product","3":"status-publish","4":"has-post-thumbnail","6":"product_cat-dior-marka","7":"product_cat-za-muskarce","9":"first","10":"instock","11":"taxable","12":"shipping-taxable","13":"purchasable","14":"product-type-variable","15":"has-default-attributes"},"acf":[],"_links":{"self":[{"href":"https:\/\/nicolefragrance.se\/hr\/wp-json\/wp\/v2\/product\/517","targetHints":{"allow":["GET"]}}],"collection":[{"href":"https:\/\/nicolefragrance.se\/hr\/wp-json\/wp\/v2\/product"}],"about":[{"href":"https:\/\/nicolefragrance.se\/hr\/wp-json\/wp\/v2\/types\/product"}],"replies":[{"embeddable":true,"href":"https:\/\/nicolefragrance.se\/hr\/wp-json\/wp\/v2\/comments?post=517"}],"version-history":[{"count":0,"href":"https:\/\/nicolefragrance.se\/hr\/wp-json\/wp\/v2\/product\/517\/revisions"}],"wp:featuredmedia":[{"embeddable":true,"href":"https:\/\/nicolefragrance.se\/hr\/wp-json\/wp\/v2\/media\/28731"}],"wp:attachment":[{"href":"https:\/\/nicolefragrance.se\/hr\/wp-json\/wp\/v2\/media?parent=517"}],"wp:term":[{"taxonomy":"product_brand","embeddable":true,"href":"https:\/\/nicolefragrance.se\/hr\/wp-json\/wp\/v2\/product_brand?post=517"},{"taxonomy":"product_cat","embeddable":true,"href":"https:\/\/nicolefragrance.se\/hr\/wp-json\/wp\/v2\/product_cat?post=517"},{"taxonomy":"product_tag","embeddable":true,"href":"https:\/\/nicolefragrance.se\/hr\/wp-json\/wp\/v2\/product_tag?post=517"}],"curies":[{"name":"wp","href":"https:\/\/api.w.org\/{rel}","templated":true}]}}