{"id":3771,"date":"2024-03-07T15:24:20","date_gmt":"2024-03-07T14:24:20","guid":{"rendered":"https:\/\/nicolefragrance.se\/?post_type=product&#038;p=3771"},"modified":"2026-02-13T11:41:48","modified_gmt":"2026-02-13T10:41:48","slug":"goddess-burberry-nicole-edp","status":"publish","type":"product","link":"https:\/\/nicolefragrance.se\/hr\/proizvod\/goddess-burberry-nicole-edp\/","title":{"rendered":"Nicole 2056 EDP inspiriran s Goddess Burberry"},"content":{"rendered":"<p><strong>Goddess Burberry<\/strong> je aromati\u010dni parfem namijenjen \u017eenama, lansiran 2023. godine. Senzualni miris sa veganskom formulom, zasnovan je na vaniliji sa Madagaskara. vanilija se ru\u010dno bere, a zatim se mahune su\u0161e na suncu pet do sedam tjedana prije nego \u0161to se \u010duvaju u drvenim kutijama kako bi sazrele i razvile svoj sladak, prepoznatljiv miris.<\/p>\n<p>Srce ovog parfema \u010dine zapravo tri vrste vanilije koje zajedno stvaraju gurmansku mirisnu simfoniju. Dodatak svijetlucave lavande pridodaje mirisu senzualni sloj, stvaraju\u0107i harmoni\u010dan spoj.<\/p>\n<p><strong>Goddess Burberry<\/strong> je stvoren za \u017eene koje te\u017ee jedinstvenim i sofisticiranim mirisima. On je poseban izbor za dame koje cijene gurmanske note, luksuz i pa\u017eljivo odabrane sastojke.<\/p>\n<p>Osjetite \u010daroliju <strong>Goddess Burberry<\/strong> mirisa i do\u017eivite neprolaznu eleganciju. Naru\u010dite ovaj izuzetan parfem i dopustite da vas odvede na putovanje kroz sofisticiranost i luksuz vanilija akorda. Va\u0161a nova mirisna avantura \u010deka na vas.<\/p>\n","protected":false},"excerpt":{"rendered":"<p>Goddess Burberry je stvoren za \u017eene koje te\u017ee jedinstvenim i sofisticiranim mirisima. On je odgovaraju\u0107i izbor za dame koje cijene gurmanske note, luksuz i pa\u017eljivo odabrane sastojke. Osjetite \u010daroliju Goddess Burberry mirisa i do\u017eivite neprolaznu eleganciju. Naru\u010dite ovaj izuzetan parfem i dopustite da vas odvede na putovanje kroz sofisticiranost i luksuz vanilija akorda.<\/p>\n","protected":false},"featured_media":25905,"comment_status":"open","ping_status":"closed","template":"","meta":{"_acf_changed":false},"product_brand":[],"product_cat":[634,621],"product_tag":[],"class_list":{"0":"post-3771","1":"product","2":"type-product","3":"status-publish","4":"has-post-thumbnail","6":"product_cat-burberry-marke","7":"product_cat-for-kvinnor","9":"first","10":"instock","11":"taxable","12":"shipping-taxable","13":"purchasable","14":"product-type-variable","15":"has-default-attributes"},"acf":[],"_links":{"self":[{"href":"https:\/\/nicolefragrance.se\/hr\/wp-json\/wp\/v2\/product\/3771","targetHints":{"allow":["GET"]}}],"collection":[{"href":"https:\/\/nicolefragrance.se\/hr\/wp-json\/wp\/v2\/product"}],"about":[{"href":"https:\/\/nicolefragrance.se\/hr\/wp-json\/wp\/v2\/types\/product"}],"replies":[{"embeddable":true,"href":"https:\/\/nicolefragrance.se\/hr\/wp-json\/wp\/v2\/comments?post=3771"}],"version-history":[{"count":0,"href":"https:\/\/nicolefragrance.se\/hr\/wp-json\/wp\/v2\/product\/3771\/revisions"}],"wp:featuredmedia":[{"embeddable":true,"href":"https:\/\/nicolefragrance.se\/hr\/wp-json\/wp\/v2\/media\/25905"}],"wp:attachment":[{"href":"https:\/\/nicolefragrance.se\/hr\/wp-json\/wp\/v2\/media?parent=3771"}],"wp:term":[{"taxonomy":"product_brand","embeddable":true,"href":"https:\/\/nicolefragrance.se\/hr\/wp-json\/wp\/v2\/product_brand?post=3771"},{"taxonomy":"product_cat","embeddable":true,"href":"https:\/\/nicolefragrance.se\/hr\/wp-json\/wp\/v2\/product_cat?post=3771"},{"taxonomy":"product_tag","embeddable":true,"href":"https:\/\/nicolefragrance.se\/hr\/wp-json\/wp\/v2\/product_tag?post=3771"}],"curies":[{"name":"wp","href":"https:\/\/api.w.org\/{rel}","templated":true}]}}