{"id":3759,"date":"2024-03-06T15:20:32","date_gmt":"2024-03-06T14:20:32","guid":{"rendered":"https:\/\/nicolefragrance.se\/?post_type=product&#038;p=3759"},"modified":"2025-07-05T12:10:41","modified_gmt":"2025-07-05T10:10:41","slug":"angels-share-anniversary-edition-kilian-nicole-edp","status":"publish","type":"product","link":"https:\/\/nicolefragrance.se\/hr\/proizvod\/angels-share-anniversary-edition-kilian-nicole-edp\/","title":{"rendered":"Nicole 3072 EDP inspiriran s Angels Share Anniversary Edition Kilian"},"content":{"rendered":"<p><strong>Angels&#8217; Share Anniversary Edition by Kilian<\/strong> je orijentalni unisex parfem namijenjen \u017eenama i mu\u0161karcima, predstavljen 2022. godine.<\/p>\n<p>Sastavljen od pa\u017eljivo odabranih sastojaka, <strong>Angels&#8217; Share<\/strong> je delikatan spoj toplih i za\u010dinskih nota, stvaraju\u0107i mirisno iskustvo koje traje i ostavlja nezaboravan utisak. Angels\u2019 Share parfem otvara se svje\u017eim notama konjak ulja, pro\u017eetim apsolutom hrasta, esencijom cimeta i tonke. Miris se zavr\u0161ava notama sandalovine, pralina i vanilije, pru\u017eaju\u0107i o\u010daravaju\u0107i zavr\u0161etak ovom parfemu.<\/p>\n<p>Ova posebna edicija Angels&#8217; Share parfema nije samo miris, ve\u0107 i umjetni\u010dko djelo, simboliziraju\u0107i izuzetnost i unikatnost.\u00a0Stoga ovaj parfem nije samo dodatak, ve\u0107 je izjava stila i elegancije.<\/p>\n<p>Namijenjen ljubiteljima luksuznih mirisa koji cijene originalnost i vrhunski kvalitet, <strong>Angels&#8217; Share Anniversary Edition by Kilian<\/strong> poziva vas da zakora\u010dite u svijet sofisticiranosti i ekskluzivnosti. Ovaj dragulj me\u0111u parfemima lansiran je u ograni\u010denoj koli\u010dini, \u010dine\u0107i svaku bo\u010dicu jedinstvenim komadom umjetnosti.<\/p>\n<p>Odu\u0161evite svoja osjetila ovim nezaboravnim mirisom, jer <strong>Angels&#8217; Share<\/strong> nije samo parfem, ve\u0107 i neopisiva aroma koja \u0107e vas pratiti i stvarati posebne trenutke u kojima \u0107ete se osje\u0107ati jedinstveno i posebno. Oslobodite svoj an\u0111eoski dio sa Angels&#8217; Share Anniversary Edition by Kilian.<\/p>\n","protected":false},"excerpt":{"rendered":"<p>Namijenjen ljubiteljima luksuznih mirisa koji cijene originalnost i vrhunsku kvalitetu, Angels&#8217; Share Anniversary Edition by Kilian poziva vas da zakora\u010dite u svijet sofisticiranosti i ekskluzivnosti. Ovaj dragulj me\u0111u parfemima lansiran je u ograni\u010denoj koli\u010dini, \u010dine\u0107i svaku bo\u010dicu jedinstvenim komadom umjetnosti.<\/p>\n","protected":false},"featured_media":25917,"comment_status":"open","ping_status":"closed","template":"","meta":{"_acf_changed":false},"product_brand":[],"product_cat":[190,188,187,186],"product_tag":[],"class_list":{"0":"post-3759","1":"product","2":"type-product","3":"status-publish","4":"has-post-thumbnail","6":"product_cat-kilian-marka","7":"product_cat-unisex","8":"product_cat-za-muskarce","9":"product_cat-za-zene","11":"first","12":"instock","13":"taxable","14":"shipping-taxable","15":"purchasable","16":"product-type-variable","17":"has-default-attributes"},"acf":[],"_links":{"self":[{"href":"https:\/\/nicolefragrance.se\/hr\/wp-json\/wp\/v2\/product\/3759","targetHints":{"allow":["GET"]}}],"collection":[{"href":"https:\/\/nicolefragrance.se\/hr\/wp-json\/wp\/v2\/product"}],"about":[{"href":"https:\/\/nicolefragrance.se\/hr\/wp-json\/wp\/v2\/types\/product"}],"replies":[{"embeddable":true,"href":"https:\/\/nicolefragrance.se\/hr\/wp-json\/wp\/v2\/comments?post=3759"}],"version-history":[{"count":0,"href":"https:\/\/nicolefragrance.se\/hr\/wp-json\/wp\/v2\/product\/3759\/revisions"}],"wp:featuredmedia":[{"embeddable":true,"href":"https:\/\/nicolefragrance.se\/hr\/wp-json\/wp\/v2\/media\/25917"}],"wp:attachment":[{"href":"https:\/\/nicolefragrance.se\/hr\/wp-json\/wp\/v2\/media?parent=3759"}],"wp:term":[{"taxonomy":"product_brand","embeddable":true,"href":"https:\/\/nicolefragrance.se\/hr\/wp-json\/wp\/v2\/product_brand?post=3759"},{"taxonomy":"product_cat","embeddable":true,"href":"https:\/\/nicolefragrance.se\/hr\/wp-json\/wp\/v2\/product_cat?post=3759"},{"taxonomy":"product_tag","embeddable":true,"href":"https:\/\/nicolefragrance.se\/hr\/wp-json\/wp\/v2\/product_tag?post=3759"}],"curies":[{"name":"wp","href":"https:\/\/api.w.org\/{rel}","templated":true}]}}