{"id":3747,"date":"2024-03-05T07:43:04","date_gmt":"2024-03-05T06:43:04","guid":{"rendered":"https:\/\/nicolefragrance.se\/?post_type=product&#038;p=3747"},"modified":"2025-07-05T12:13:54","modified_gmt":"2025-07-05T10:13:54","slug":"guidance-amouage-nicole-edp","status":"publish","type":"product","link":"https:\/\/nicolefragrance.se\/hr\/proizvod\/guidance-amouage-nicole-edp\/","title":{"rendered":"Nicole 3071 EDP inspiriran s Guidance Amouage"},"content":{"rendered":"<p><strong>Guidance by Amouage<\/strong> predstavlja novi cvjetno vo\u0107ni unisex parfem lansiran 2023. godine. Sa gornjim notama kru\u0161ke, lje\u0161njaka i tamjanom, srcem od osmantusa, ru\u017ee, \u0161afrana i jasmina sambac, te bazom od sandalovine, vanilije, akigalavuda, ambergrisa i labdanuma, ovaj parfem donosi izuzetno lijep i neobi\u010dan do\u017eivljaj.<\/p>\n<p>\u010caroban i vanredan miris, <strong>Guidance<\/strong> se isti\u010de svojom jedinstvenom kombinacijom kru\u0161ke, tamjana i le\u0161nika. Nota kru\u0161ke dodaje svje\u017einu, dok tamjan unosi dubinu, a lje\u0161njak pru\u017ea blago ora\u0161asto zadovoljstvo. Miris je sladak i kremast, stvaraju\u0107i o\u010daravaju\u0107u aromu koja \u0107e vas pratiti tijekom cijelog dana.<\/p>\n<p><strong>Guidance Amouage<\/strong> je namijenjen onima koji cijene posebnost i \u017eele da se istaknu svojim mirisom. Ova univerzalna mirisna kompozicija otvara vrata slobodnom izra\u017eavanju li\u010dnosti i stvaranju nezaboravnog utiska. Njegova projekcija i dugotrajnost su iznad prosjeka, pru\u017eaju\u0107i vam mirisno iskustvo koje traje.<\/p>\n<p>Uzmite smijernice ka neodoljivom mirisu i dozvolite da vas <strong>Guidance by Amouage<\/strong> parfem vodi kroz jedinstveno putovanje senzacija. Naru\u010dite svoju bo\u010dicu danas i do\u017eivite \u010daroliju Guidance mirisa. Va\u0161a ekskluzivnost zaslu\u017euje parfem koji \u0107e vam pru\u017eiti vo\u0111stvo u svijetu senzacija.<\/p>\n","protected":false},"excerpt":{"rendered":"<p>Guidance by Amouage je unisex parfem namijenjen onima koji cijene posebnost i \u017eele se istaknuti svojim mirisom. Ova univerzalna mirisna kompozicija isti\u010de se jedinstvenom kombinacijom kru\u0161ke, tamjana i lje\u0161njaka, otvaraju\u0107i vrata slobodnom izra\u017eavanju li\u010dnosti i stvaranju nezaboravnog utiska. Njegova projekcija i dugotrajnost su iznad prosjeka, pru\u017eaju\u0107i mirisno iskustvo koje traje.<\/p>\n","protected":false},"featured_media":25928,"comment_status":"open","ping_status":"closed","template":"","meta":{"_acf_changed":false},"product_brand":[],"product_cat":[252,188,187,186],"product_tag":[],"class_list":{"0":"post-3747","1":"product","2":"type-product","3":"status-publish","4":"has-post-thumbnail","6":"product_cat-amouage-marka","7":"product_cat-unisex","8":"product_cat-za-muskarce","9":"product_cat-za-zene","11":"first","12":"instock","13":"taxable","14":"shipping-taxable","15":"purchasable","16":"product-type-variable","17":"has-default-attributes"},"acf":[],"_links":{"self":[{"href":"https:\/\/nicolefragrance.se\/hr\/wp-json\/wp\/v2\/product\/3747","targetHints":{"allow":["GET"]}}],"collection":[{"href":"https:\/\/nicolefragrance.se\/hr\/wp-json\/wp\/v2\/product"}],"about":[{"href":"https:\/\/nicolefragrance.se\/hr\/wp-json\/wp\/v2\/types\/product"}],"replies":[{"embeddable":true,"href":"https:\/\/nicolefragrance.se\/hr\/wp-json\/wp\/v2\/comments?post=3747"}],"version-history":[{"count":0,"href":"https:\/\/nicolefragrance.se\/hr\/wp-json\/wp\/v2\/product\/3747\/revisions"}],"wp:featuredmedia":[{"embeddable":true,"href":"https:\/\/nicolefragrance.se\/hr\/wp-json\/wp\/v2\/media\/25928"}],"wp:attachment":[{"href":"https:\/\/nicolefragrance.se\/hr\/wp-json\/wp\/v2\/media?parent=3747"}],"wp:term":[{"taxonomy":"product_brand","embeddable":true,"href":"https:\/\/nicolefragrance.se\/hr\/wp-json\/wp\/v2\/product_brand?post=3747"},{"taxonomy":"product_cat","embeddable":true,"href":"https:\/\/nicolefragrance.se\/hr\/wp-json\/wp\/v2\/product_cat?post=3747"},{"taxonomy":"product_tag","embeddable":true,"href":"https:\/\/nicolefragrance.se\/hr\/wp-json\/wp\/v2\/product_tag?post=3747"}],"curies":[{"name":"wp","href":"https:\/\/api.w.org\/{rel}","templated":true}]}}