{"id":3723,"date":"2024-03-03T18:38:57","date_gmt":"2024-03-03T17:38:57","guid":{"rendered":"https:\/\/nicolefragrance.se\/?post_type=product&#038;p=3723"},"modified":"2025-07-05T12:21:11","modified_gmt":"2025-07-05T10:21:11","slug":"molecule-04-escentric-molecules-nicole-edp","status":"publish","type":"product","link":"https:\/\/nicolefragrance.se\/hr\/proizvod\/molecule-04-escentric-molecules-nicole-edp\/","title":{"rendered":"Nicole 3069 EDP inspiriran s Molecule 04 Escentric Molecules"},"content":{"rendered":"<p><strong>Molecule 04 by Escentric Molecules<\/strong> je univerzalni drvenasti miris namijenjen \u017eenama i mu\u0161karcima, lansiran 2017. godine.<\/p>\n<p>Po sastavu izrazito jednostavan, <strong>Molecule 04<\/strong> sastoji se od javanola &#8211; molekula sandalovog drveta koji, iako sinteti\u010dki, zadr\u017eava sjaj i postojanost prirodne sandalovine. U isto vrijeme on je prozra\u010dniji i transparentniji od sandalovine u prirodi. Ovaj parfem je sna\u017ean i dugotrajan, stvaraju\u0107i specifi\u010dnu auru oko nosioca.<\/p>\n<p>Kremast, drvenast i prozra\u010dan &#8211; Molecule 04 je parfem koji doti\u010de nove mirisne dimenzije i donosi osvje\u017eenje druga\u010dije vrste. Njegova sofisticirana jednostavnost privla\u010di pojedince koji cijene suptilnost i ekskluzivnost. <strong>Molecule 04 by Escentric Molecules<\/strong> je miris za one koji \u017eele da se istaknu na diskretan na\u010din, ostavljaju\u0107i iza sebe nezaboravan trag.<\/p>\n<p>Ovaj miris je kao stvoren za ljubitelje suptilnih drvenastih nota, pru\u017eaju\u0107i nezaboravan do\u017eivljaj \u010diste elegancije. Ako tra\u017eite parfem koji \u0107e vam pru\u017eiti neponovljivu aromu, <strong>Molecule 04 by Escentric Molecules<\/strong> je pravi izbor, jer va\u0161a jedinstvenost zaslu\u017euje miris koji je jednako jedinstven.<\/p>\n","protected":false},"excerpt":{"rendered":"<p>Kremast, drvenast i prozra\u010dan &#8211; Molecule 04 by Escentric Molecules je parfem koji doti\u010de nove mirisne dimenzije i donosi osvje\u017eenje druga\u010dije vrste. Njegova sofisticirana jednostavnost privla\u010di pojedince koji cijene suptilnost i ekskluzivnost. Molecule 04 je miris za one koji se \u017eele istaknuti na diskretan na\u010din, ostavljaju\u0107i iza sebe nezaboravan trag.<\/p>\n","protected":false},"featured_media":25952,"comment_status":"open","ping_status":"closed","template":"","meta":{"_acf_changed":false},"product_brand":[],"product_cat":[262,188,187,186],"product_tag":[],"class_list":{"0":"post-3723","1":"product","2":"type-product","3":"status-publish","4":"has-post-thumbnail","6":"product_cat-escentric-molecules-marka","7":"product_cat-unisex","8":"product_cat-za-muskarce","9":"product_cat-za-zene","11":"first","12":"instock","13":"taxable","14":"shipping-taxable","15":"purchasable","16":"product-type-variable","17":"has-default-attributes"},"acf":[],"_links":{"self":[{"href":"https:\/\/nicolefragrance.se\/hr\/wp-json\/wp\/v2\/product\/3723","targetHints":{"allow":["GET"]}}],"collection":[{"href":"https:\/\/nicolefragrance.se\/hr\/wp-json\/wp\/v2\/product"}],"about":[{"href":"https:\/\/nicolefragrance.se\/hr\/wp-json\/wp\/v2\/types\/product"}],"replies":[{"embeddable":true,"href":"https:\/\/nicolefragrance.se\/hr\/wp-json\/wp\/v2\/comments?post=3723"}],"version-history":[{"count":0,"href":"https:\/\/nicolefragrance.se\/hr\/wp-json\/wp\/v2\/product\/3723\/revisions"}],"wp:featuredmedia":[{"embeddable":true,"href":"https:\/\/nicolefragrance.se\/hr\/wp-json\/wp\/v2\/media\/25952"}],"wp:attachment":[{"href":"https:\/\/nicolefragrance.se\/hr\/wp-json\/wp\/v2\/media?parent=3723"}],"wp:term":[{"taxonomy":"product_brand","embeddable":true,"href":"https:\/\/nicolefragrance.se\/hr\/wp-json\/wp\/v2\/product_brand?post=3723"},{"taxonomy":"product_cat","embeddable":true,"href":"https:\/\/nicolefragrance.se\/hr\/wp-json\/wp\/v2\/product_cat?post=3723"},{"taxonomy":"product_tag","embeddable":true,"href":"https:\/\/nicolefragrance.se\/hr\/wp-json\/wp\/v2\/product_tag?post=3723"}],"curies":[{"name":"wp","href":"https:\/\/api.w.org\/{rel}","templated":true}]}}