{"id":3711,"date":"2024-03-02T18:35:02","date_gmt":"2024-03-02T17:35:02","guid":{"rendered":"https:\/\/nicolefragrance.se\/?post_type=product&#038;p=3711"},"modified":"2026-01-13T19:07:29","modified_gmt":"2026-01-13T18:07:29","slug":"molecule-02-escentric-molecules-nicole-edp","status":"publish","type":"product","link":"https:\/\/nicolefragrance.se\/hr\/proizvod\/molecule-02-escentric-molecules-nicole-edp\/","title":{"rendered":"Nicole 3068 EDP inspiriran s Molecule 02 Escentric Molecules"},"content":{"rendered":"<p><strong>Molecule 02 by Escentric Molecules<\/strong> je univerzalni sinteti\u010dki parfem namijenjen \u017eenama i mu\u0161karcima, lansiran 2008. godine. Ovaj unisex miris je zasnovan na noti ambroksana, komponente ambergrisa koji je jedan od najcenjenijih sastojaka parfema.<\/p>\n<p><strong>Molecule 02<\/strong> sadr\u017ei isklju\u010divo ambroksan, izuzetno dugotrajnu notu, \u0161to zna\u010di da \u0107e vas pratiti tijekom \u010ditavog dana. Njegov vrlo ugodan, bar\u0161unast, topal i o\u010daravaju\u0107e sladak karakter \u010dini ga nenametljivim, a opet izuzetno primjetnim.<\/p>\n<p>Ovaj miris najbolje se mo\u017ee opisati kao svje\u017ea, gotovo mineralna glatko\u0107a, koja suptilno raste i obavija vas slojevima senzualnih, sjajnih molekula. <strong>Molecule 02<\/strong> <strong>by Escentric Molecules<\/strong> pru\u017ea privla\u010dan i jedinstven miris koji se mo\u017ee kombinirati s drugim mirisima, stvaraju\u0107i jedinstvenu i personaliziranu aromu.<\/p>\n<p>Namijenjen individualistima i ljubiteljima suptilne rasko\u0161i, <strong>Molecule 02<\/strong> je parfem koji isti\u010de va\u0161u autenti\u010dnost i stvara mirisno iskustvo koje traje. Ovaj miris je vi\u0161e od parfema &#8211; to je neopisiva aroma koja o\u017eivljava va\u0161u jedinstvenost i stvara nezaboravan do\u017eivljaj.<\/p>\n<p>Osjetite mo\u0107 i dugotrajan u\u010dinak <strong>Molecule 02 by Escentric Molecules<\/strong> parfema i dopustite da va\u0161a osoba zasija kroz ovu magi\u010dnu aromu.<\/p>\n","protected":false},"excerpt":{"rendered":"<p>Molecule 02 by Escentric Molecules se mo\u017ee opisati kao svje\u017ea, gotovo mineralna glatko\u0107a mirisa, koji suptilno raste i obavija vas slojevima senzualnih, sjajnih molekula. Molecule 02 by Escentric Molecules pru\u017ea privla\u010dan i jedinstven miris koji se mo\u017ee kombinirati s drugim mirisima, stvaraju\u0107i jedinstvenu i personaliziranu aromu.<\/p>\n","protected":false},"featured_media":25964,"comment_status":"open","ping_status":"closed","template":"","meta":{"_acf_changed":false},"product_brand":[],"product_cat":[262,188,187,186],"product_tag":[],"class_list":{"0":"post-3711","1":"product","2":"type-product","3":"status-publish","4":"has-post-thumbnail","6":"product_cat-escentric-molecules-marka","7":"product_cat-unisex","8":"product_cat-za-muskarce","9":"product_cat-za-zene","11":"first","12":"instock","13":"taxable","14":"shipping-taxable","15":"purchasable","16":"product-type-variable","17":"has-default-attributes"},"acf":[],"_links":{"self":[{"href":"https:\/\/nicolefragrance.se\/hr\/wp-json\/wp\/v2\/product\/3711","targetHints":{"allow":["GET"]}}],"collection":[{"href":"https:\/\/nicolefragrance.se\/hr\/wp-json\/wp\/v2\/product"}],"about":[{"href":"https:\/\/nicolefragrance.se\/hr\/wp-json\/wp\/v2\/types\/product"}],"replies":[{"embeddable":true,"href":"https:\/\/nicolefragrance.se\/hr\/wp-json\/wp\/v2\/comments?post=3711"}],"version-history":[{"count":0,"href":"https:\/\/nicolefragrance.se\/hr\/wp-json\/wp\/v2\/product\/3711\/revisions"}],"wp:featuredmedia":[{"embeddable":true,"href":"https:\/\/nicolefragrance.se\/hr\/wp-json\/wp\/v2\/media\/25964"}],"wp:attachment":[{"href":"https:\/\/nicolefragrance.se\/hr\/wp-json\/wp\/v2\/media?parent=3711"}],"wp:term":[{"taxonomy":"product_brand","embeddable":true,"href":"https:\/\/nicolefragrance.se\/hr\/wp-json\/wp\/v2\/product_brand?post=3711"},{"taxonomy":"product_cat","embeddable":true,"href":"https:\/\/nicolefragrance.se\/hr\/wp-json\/wp\/v2\/product_cat?post=3711"},{"taxonomy":"product_tag","embeddable":true,"href":"https:\/\/nicolefragrance.se\/hr\/wp-json\/wp\/v2\/product_tag?post=3711"}],"curies":[{"name":"wp","href":"https:\/\/api.w.org\/{rel}","templated":true}]}}