{"id":3699,"date":"2024-03-01T14:26:54","date_gmt":"2024-03-01T13:26:54","guid":{"rendered":"https:\/\/nicolefragrance.se\/?post_type=product&#038;p=3699"},"modified":"2025-07-05T12:26:04","modified_gmt":"2025-07-05T10:26:04","slug":"molecule-01-escentric-molecules-nicole-edp","status":"publish","type":"product","link":"https:\/\/nicolefragrance.se\/hr\/proizvod\/molecule-01-escentric-molecules-nicole-edp\/","title":{"rendered":"Nicole 3067 EDP inspiriran s Molecule 01 Escentric Molecules"},"content":{"rendered":"<p><strong>Molecule 01 by Escentric Molecules<\/strong> predstavlja revolucionarni mirisni do\u017eivljaj koji \u0107e vas odvesti u svijet jednostavnosti i sofisticiranosti. Lansiran 2006. godine, ovaj univerzalni miris namijenjen je hrabrim \u017eenama i mu\u0161karcima koji te\u017ee unikatnosti i isti\u010du se iz mase.<\/p>\n<p>Osnovni sastojak ovog jedinstvenog parfema je <em>Iso E Super<\/em>, aromatski kemijski element sa suptilnom drvenastom notom koja mu daje dubinu i ostavlja bar\u0161unasti utisak. Molecule 01 stvara neodoljivu auru koja vas obavija, ostavljaju\u0107i trag sofisticiranosti i samopouzdanja. Sastav Molecule 01 neoptere\u0107uje se mno\u0161tvom sastojaka, ve\u0107 se fokusira na esenciju koja se isti\u010de i izra\u017eava va\u0161u individualnost.<\/p>\n<p>Namijenjen ljudima koji cijene \u010distotu mirisa, <strong>Molecule 01 by Escentric Molecules<\/strong> je idealan izbor za one koji \u017eele dodatnu dozu elegancije u svakodnevnim trenucima. osvje\u017eavaju\u0107i miris isti\u010de va\u0161u prirodnu ljepotu, \u010dine\u0107i vas neodoljivim. Molecule 01 je za ljude slobodnog duha, koji tra\u017ee ne\u0161to druga\u010dije i autenti\u010dno. Za ljude koji cijene jednostavnost i eleganciju, ovaj parfem postaje nezaobilazan dio osobnog stila.<\/p>\n<p>Neka <strong>Molecule 01 by Escentric Molecules<\/strong> bude va\u0161 potpis i jedinstvena nota koja \u0107e vas pratiti tijekom dana. Osvje\u017eite svoj svakodnevni ritual ovim sofisticiranim mirisom i zakora\u010dite u svijet neobi\u010dnih mirisnih iskustava. Kupite svoj Molecule 01 i otkrijte \u010daroliju koju pru\u017ea ova jedinstvena bo\u010dica.<\/p>\n","protected":false},"excerpt":{"rendered":"<p>Molecule 01 by Escentric Molecules predstavlja revolucionarni mirisni do\u017eivljaj koji \u0107e vas odvesti u svijet jednostavnosti i sofisticiranosti. Osvje\u017eavaju\u0107i miris isti\u010de va\u0161u prirodnu ljepotu, \u010dine\u0107i vas neodoljivim. Molecule 01 je za ljude slobodnog duha, koji tra\u017ee ne\u0161to druga\u010dije i autenti\u010dno. Za ljude koji cijene jednostavnost i eleganciju, ovaj parfem postaje nezaobilazan dio osobnog stila.<\/p>\n","protected":false},"featured_media":25975,"comment_status":"open","ping_status":"closed","template":"","meta":{"_acf_changed":false},"product_brand":[],"product_cat":[262,188,187,186],"product_tag":[],"class_list":{"0":"post-3699","1":"product","2":"type-product","3":"status-publish","4":"has-post-thumbnail","6":"product_cat-escentric-molecules-marka","7":"product_cat-unisex","8":"product_cat-za-muskarce","9":"product_cat-za-zene","11":"first","12":"instock","13":"taxable","14":"shipping-taxable","15":"purchasable","16":"product-type-variable","17":"has-default-attributes"},"acf":[],"_links":{"self":[{"href":"https:\/\/nicolefragrance.se\/hr\/wp-json\/wp\/v2\/product\/3699","targetHints":{"allow":["GET"]}}],"collection":[{"href":"https:\/\/nicolefragrance.se\/hr\/wp-json\/wp\/v2\/product"}],"about":[{"href":"https:\/\/nicolefragrance.se\/hr\/wp-json\/wp\/v2\/types\/product"}],"replies":[{"embeddable":true,"href":"https:\/\/nicolefragrance.se\/hr\/wp-json\/wp\/v2\/comments?post=3699"}],"version-history":[{"count":0,"href":"https:\/\/nicolefragrance.se\/hr\/wp-json\/wp\/v2\/product\/3699\/revisions"}],"wp:featuredmedia":[{"embeddable":true,"href":"https:\/\/nicolefragrance.se\/hr\/wp-json\/wp\/v2\/media\/25975"}],"wp:attachment":[{"href":"https:\/\/nicolefragrance.se\/hr\/wp-json\/wp\/v2\/media?parent=3699"}],"wp:term":[{"taxonomy":"product_brand","embeddable":true,"href":"https:\/\/nicolefragrance.se\/hr\/wp-json\/wp\/v2\/product_brand?post=3699"},{"taxonomy":"product_cat","embeddable":true,"href":"https:\/\/nicolefragrance.se\/hr\/wp-json\/wp\/v2\/product_cat?post=3699"},{"taxonomy":"product_tag","embeddable":true,"href":"https:\/\/nicolefragrance.se\/hr\/wp-json\/wp\/v2\/product_tag?post=3699"}],"curies":[{"name":"wp","href":"https:\/\/api.w.org\/{rel}","templated":true}]}}