{"id":3687,"date":"2024-02-29T14:19:21","date_gmt":"2024-02-29T13:19:21","guid":{"rendered":"https:\/\/nicolefragrance.se\/?post_type=product&#038;p=3687"},"modified":"2025-07-05T16:04:58","modified_gmt":"2025-07-05T14:04:58","slug":"babycat-yves-saint-laurent-nicole-edp","status":"publish","type":"product","link":"https:\/\/nicolefragrance.se\/hr\/proizvod\/babycat-yves-saint-laurent-nicole-edp\/","title":{"rendered":"Nicole 3066 EDP inspiriran s Babycat Yves Saint Laurent"},"content":{"rendered":"<p><strong>Babycat by Yves Saint Laurent<\/strong> je orijentalno za\u010dinski parfem namijenjen kako \u017eenama, tako i mu\u0161karcima. Lansiran 2022. godine, ovaj sofisticirani unisex miris sjedinjuje bar\u0161unastu toplinu antilopa sa senzualnim kremastim nijansama vanilije, pru\u017eaju\u0107i o\u010daravaju\u0107i do\u017eivljaj.<\/p>\n<p>U samom srcu <strong>YSL Babycat<\/strong> parfema kriju se note crnog i roze papra, elemi smole, tamjana i \u0161afrana, stvaraju\u0107i jedinstvenu i intrigantnu aromu. Ove note se pa\u017eljivo uklapaju u osnovne note burbonske vanilije, antilopske ko\u017ee i kedra, dodaju\u0107i parfemu dubinu i karakter. Babycat je miris sa izbalansiranom slatko\u0107om i posebnim spojem vanilije i ko\u017ee, stvaraju\u0107i jedinstvenu harmoniju.<\/p>\n<p>Namijenjen posebnim trenucima i specijalnim prilikama, <strong>Babycat by Yves Saint Laurent<\/strong> je vi\u0161e od parfema &#8211; to je izjava stila i sofisticiranosti. Ovaj miris je poput nevidljivog dodatka koji isti\u010de va\u0161u osobnost i ostavlja nezaboravan utisak. Odi\u0161e elegancijom i toplinom, stvaraju\u0107i mirisno iskustvo koje je istovremeno bogato i nje\u017eno. Bez obzira da li se pripremate za romanti\u010dnu ve\u010deru ili \u017eelite da ostavite sna\u017ean utisak u odre\u0111enoj prilici, Babycat je savr\u0161en izbor.<\/p>\n<p>Uz svoje zavodljive note, <strong>Babycat by Yves Saint Laurent<\/strong> \u0107e vam pru\u017eiti jedinstveno iskustvo koje se pamti. Neka va\u0161a pri\u010da miri\u0161e na Babycat. Naru\u010dite ovaj parfem i otkrijte novu dimenziju va\u0161eg osobnog stila.<\/p>\n","protected":false},"excerpt":{"rendered":"<p>Babycat by Yves Saint Laurent je poput nevidljivog dodatka koji isti\u010de va\u0161u losobnost i ostavlja nezaboravan utisak. Odi\u0161e elegancijom i toplinom, stvaraju\u0107i univerzalno mirisno iskustvo koje je istovremeno bogato i nje\u017eno. Bez obzira da li se pripremate za romanti\u010dnu ve\u010deru ili \u017eelite ostaviti sna\u017ean utisak u odre\u0111enoj prilici, Babycat je savr\u0161en izbor.<\/p>\n","protected":false},"featured_media":25989,"comment_status":"open","ping_status":"closed","template":"","meta":{"_acf_changed":false},"product_brand":[],"product_cat":[188,206,187,186],"product_tag":[],"class_list":{"0":"post-3687","1":"product","2":"type-product","3":"status-publish","4":"has-post-thumbnail","6":"product_cat-unisex","7":"product_cat-yves-saint-laurent-marka","8":"product_cat-za-muskarce","9":"product_cat-za-zene","11":"first","12":"instock","13":"taxable","14":"shipping-taxable","15":"purchasable","16":"product-type-variable","17":"has-default-attributes"},"acf":[],"_links":{"self":[{"href":"https:\/\/nicolefragrance.se\/hr\/wp-json\/wp\/v2\/product\/3687","targetHints":{"allow":["GET"]}}],"collection":[{"href":"https:\/\/nicolefragrance.se\/hr\/wp-json\/wp\/v2\/product"}],"about":[{"href":"https:\/\/nicolefragrance.se\/hr\/wp-json\/wp\/v2\/types\/product"}],"replies":[{"embeddable":true,"href":"https:\/\/nicolefragrance.se\/hr\/wp-json\/wp\/v2\/comments?post=3687"}],"version-history":[{"count":0,"href":"https:\/\/nicolefragrance.se\/hr\/wp-json\/wp\/v2\/product\/3687\/revisions"}],"wp:featuredmedia":[{"embeddable":true,"href":"https:\/\/nicolefragrance.se\/hr\/wp-json\/wp\/v2\/media\/25989"}],"wp:attachment":[{"href":"https:\/\/nicolefragrance.se\/hr\/wp-json\/wp\/v2\/media?parent=3687"}],"wp:term":[{"taxonomy":"product_brand","embeddable":true,"href":"https:\/\/nicolefragrance.se\/hr\/wp-json\/wp\/v2\/product_brand?post=3687"},{"taxonomy":"product_cat","embeddable":true,"href":"https:\/\/nicolefragrance.se\/hr\/wp-json\/wp\/v2\/product_cat?post=3687"},{"taxonomy":"product_tag","embeddable":true,"href":"https:\/\/nicolefragrance.se\/hr\/wp-json\/wp\/v2\/product_tag?post=3687"}],"curies":[{"name":"wp","href":"https:\/\/api.w.org\/{rel}","templated":true}]}}