{"id":3675,"date":"2024-02-08T14:07:02","date_gmt":"2024-02-08T13:07:02","guid":{"rendered":"https:\/\/nicolefragrance.se\/?post_type=product&#038;p=3675"},"modified":"2025-11-25T20:05:02","modified_gmt":"2025-11-25T19:05:02","slug":"mont-blanc-signature-nicole-edp","status":"publish","type":"product","link":"https:\/\/nicolefragrance.se\/hr\/proizvod\/mont-blanc-signature-nicole-edp\/","title":{"rendered":"Nicole 2055 EDP inspiriran s Signature Montblanc"},"content":{"rendered":"<p><strong>Signature by Montblanc<\/strong> je cvjetni orijentalni parfem namijenjen \u017eenama. Lansiran 2020. godine, ovaj izuzetno \u017eenstveni miris otvara se cvjetnim notama klementine i orhideje, dok se u srcu parfema nalaze vanilija i magnolija. Bazne note \u010dine bijele mo\u0161us i amber, stvaraju\u0107i \u010darobnu zavr\u0161nicu koja ostavlja nezaboravan utisak.<\/p>\n<p><strong>Montblanc Signature<\/strong> namijenjen je samouvjerenim \u017eenama koje su kreatorke sopstvenih pri\u010da. Ovaj zagrljajni i udobni parfem miri\u0161e svje\u017ee i \u010disto, pru\u017eaju\u0107i osje\u0107aj elegancije i \u017eenstvenosti. Sa umjerenom projekcijom i trajno\u0161\u0107u, ovaj parfem je savr\u0161en izbor za svakodnevno no\u0161enje, ali i za posebne prilike, pru\u017eaju\u0107i osje\u0107aj samopouzdanja svakoj \u017eeni koja ga nosi.<\/p>\n<p><strong>Signature by Montblanc<\/strong> je vi\u0161e od mirisa &#8211; to je izjava o stvaranju vlastitog identiteta, odu\u0161evljenje \u017eivotom i hrabrost za istra\u017eivanjem vlastite jedinstvenosti. Ovaj parfem je poput nevidljive potpore koja vas prati tijekom dana, dodaju\u0107i notu sofisticiranosti i topline. Sjajno izbalansiran spoj svje\u017eine, cvjetnih tonova i dubokih, zemljanih akorda \u010dini Signature neodoljivim izborom. Neka va\u0161a prisutnost ostavi pe\u010dat svaki put kad nanesete ovaj miris.<\/p>\n<p>Prona\u0111ite svoj potpisni miris, istaknite se iz mase uz <strong>Montblanc Signature<\/strong> i do\u017eivite \u010daroliju nezaboravnog mirisa.<\/p>\n","protected":false},"excerpt":{"rendered":"<p>Montblanc Signature namijenjen je samouvjerenim \u017eenama koje su kreatorke vlastitih pri\u010da. Ovaj zagrljajni i udobni parfem miri\u0161e svje\u017ee i \u010disto, pru\u017eaju\u0107i osje\u0107aj elegancije i \u017eenstvenosti. Sa umjerenom projekcijom i trajno\u0161\u0107u, ovaj parfem je savr\u0161en izbor za svakodnevno no\u0161enje, ali i za posebne prilike, pru\u017eaju\u0107i osje\u0107aj samopouzdanja svakoj \u017eeni koja ga nosi.<\/p>\n","protected":false},"featured_media":26011,"comment_status":"open","ping_status":"closed","template":"","meta":{"_acf_changed":false},"product_brand":[],"product_cat":[229,186],"product_tag":[],"class_list":{"0":"post-3675","1":"product","2":"type-product","3":"status-publish","4":"has-post-thumbnail","6":"product_cat-montblanc-marka","7":"product_cat-za-zene","9":"first","10":"instock","11":"taxable","12":"shipping-taxable","13":"purchasable","14":"product-type-variable","15":"has-default-attributes"},"acf":[],"_links":{"self":[{"href":"https:\/\/nicolefragrance.se\/hr\/wp-json\/wp\/v2\/product\/3675","targetHints":{"allow":["GET"]}}],"collection":[{"href":"https:\/\/nicolefragrance.se\/hr\/wp-json\/wp\/v2\/product"}],"about":[{"href":"https:\/\/nicolefragrance.se\/hr\/wp-json\/wp\/v2\/types\/product"}],"replies":[{"embeddable":true,"href":"https:\/\/nicolefragrance.se\/hr\/wp-json\/wp\/v2\/comments?post=3675"}],"version-history":[{"count":0,"href":"https:\/\/nicolefragrance.se\/hr\/wp-json\/wp\/v2\/product\/3675\/revisions"}],"wp:featuredmedia":[{"embeddable":true,"href":"https:\/\/nicolefragrance.se\/hr\/wp-json\/wp\/v2\/media\/26011"}],"wp:attachment":[{"href":"https:\/\/nicolefragrance.se\/hr\/wp-json\/wp\/v2\/media?parent=3675"}],"wp:term":[{"taxonomy":"product_brand","embeddable":true,"href":"https:\/\/nicolefragrance.se\/hr\/wp-json\/wp\/v2\/product_brand?post=3675"},{"taxonomy":"product_cat","embeddable":true,"href":"https:\/\/nicolefragrance.se\/hr\/wp-json\/wp\/v2\/product_cat?post=3675"},{"taxonomy":"product_tag","embeddable":true,"href":"https:\/\/nicolefragrance.se\/hr\/wp-json\/wp\/v2\/product_tag?post=3675"}],"curies":[{"name":"wp","href":"https:\/\/api.w.org\/{rel}","templated":true}]}}