{"id":3663,"date":"2024-02-29T13:49:40","date_gmt":"2024-02-29T12:49:40","guid":{"rendered":"https:\/\/nicolefragrance.se\/?post_type=product&#038;p=3663"},"modified":"2025-07-05T16:07:38","modified_gmt":"2025-07-05T14:07:38","slug":"jean-paul-gaultier-le-male-elixir-nicole-edp","status":"publish","type":"product","link":"https:\/\/nicolefragrance.se\/hr\/proizvod\/jean-paul-gaultier-le-male-elixir-nicole-edp\/","title":{"rendered":"Nicole 3065 EDP inspiriran s Le Male Elixir Jean Paul Gaultier"},"content":{"rendered":"<p><strong>Le Male Elixir by Jean Paul Gaultier<\/strong> je mu\u0161ki orijentalni fu\u017eer parfem, lansiran 2023. godine. Sa vrhunskim notama lavande i nane, srcem od vanilije i benzoina, te osnovom od meda, tonka drveta i duhana, Le Male Elixir je luksuzna reinterpretacija ikoni\u010dnog Le Male mirisa, predstavljaju\u0107i savr\u0161en balans izme\u0111u snage i nje\u017enosti.<\/p>\n<p>Ovaj izuzetan mu\u0161ki parfem otvara se osvje\u017eavaju\u0107om eksplozijom bergamota, poja\u010danom \u017eivopisnim notama nane, stvaraju\u0107i uzbudljivu i energi\u010dnu uvodnu notu. <strong>Le Male Elixir<\/strong> je mirisno remek-djelo koje zra\u010di magnetizmom, elegancijom i vje\u010dnom privla\u010dno\u0161\u0107u. Njegova kompozicija pru\u017ea nezaboravno iskustvo mirisne ekstravagancije koje ostavlja neizbrisiv utisak gdje god da se pojavite.<\/p>\n<p>Namijenjen modernom mu\u0161karcu koji cijeni sofisticiranost i isti\u010de svoj jedinstveni stil, <strong>Le Male Elixir<\/strong> je parfem koji se izdvaja po svojoj originalnosti i rasko\u0161noj aromati\u010dnoj dubini. Bez obzira na priliku, ovaj parfem je savr\u0161en izbor za one koji \u017eele ostaviti sna\u017ean i nezaboravan utisak.<\/p>\n<p>Otkrijte \u010daroliju <strong>Le Male Elixir by Jean Paul Gaultier<\/strong> parfema i u\u0111ite u svijet rasko\u0161nih mirisnih do\u017eivljaja. Sada je pravo vrijeme da svoju osobnu kolekciju obogatite ovim izuzetnim parfemom koji isti\u010de individualnost i sofisticiranost svakog mu\u0161karca. Poru\u010dite ovaj parfem i do\u017eivite neponovljivu harmoniju mirisa.<\/p>\n","protected":false},"excerpt":{"rendered":"<p>Le Male Elixir by Jean Paul Gaultier je luksuzna reinterpretacija ikoni\u010dnog Le Male mirisa, predstavljaju\u0107i savr\u0161en balans izme\u0111u snage i nje\u017enosti. Namijenjen modernom mu\u0161karcu koji cijeni sofisticiranost i isti\u010de svoj jedinstveni stil, Le Male Elixir je parfem koji se izdvaja po svojoj originalnosti i rasko\u0161noj aromati\u010dnoj dubini. Bez obzira na priliku, ovaj parfem je savr\u0161en izbor za one koji \u017eele ostaviti sna\u017ean i nezaboravan utisak.<\/p>\n","protected":false},"featured_media":26000,"comment_status":"open","ping_status":"closed","template":"","meta":{"_acf_changed":false},"product_brand":[],"product_cat":[187,214],"product_tag":[],"class_list":{"0":"post-3663","1":"product","2":"type-product","3":"status-publish","4":"has-post-thumbnail","6":"product_cat-za-muskarce","7":"product_cat-jean-paul-gaultier-marka","9":"first","10":"instock","11":"taxable","12":"shipping-taxable","13":"purchasable","14":"product-type-variable","15":"has-default-attributes"},"acf":[],"_links":{"self":[{"href":"https:\/\/nicolefragrance.se\/hr\/wp-json\/wp\/v2\/product\/3663","targetHints":{"allow":["GET"]}}],"collection":[{"href":"https:\/\/nicolefragrance.se\/hr\/wp-json\/wp\/v2\/product"}],"about":[{"href":"https:\/\/nicolefragrance.se\/hr\/wp-json\/wp\/v2\/types\/product"}],"replies":[{"embeddable":true,"href":"https:\/\/nicolefragrance.se\/hr\/wp-json\/wp\/v2\/comments?post=3663"}],"version-history":[{"count":0,"href":"https:\/\/nicolefragrance.se\/hr\/wp-json\/wp\/v2\/product\/3663\/revisions"}],"wp:featuredmedia":[{"embeddable":true,"href":"https:\/\/nicolefragrance.se\/hr\/wp-json\/wp\/v2\/media\/26000"}],"wp:attachment":[{"href":"https:\/\/nicolefragrance.se\/hr\/wp-json\/wp\/v2\/media?parent=3663"}],"wp:term":[{"taxonomy":"product_brand","embeddable":true,"href":"https:\/\/nicolefragrance.se\/hr\/wp-json\/wp\/v2\/product_brand?post=3663"},{"taxonomy":"product_cat","embeddable":true,"href":"https:\/\/nicolefragrance.se\/hr\/wp-json\/wp\/v2\/product_cat?post=3663"},{"taxonomy":"product_tag","embeddable":true,"href":"https:\/\/nicolefragrance.se\/hr\/wp-json\/wp\/v2\/product_tag?post=3663"}],"curies":[{"name":"wp","href":"https:\/\/api.w.org\/{rel}","templated":true}]}}