{"id":3651,"date":"2024-01-17T14:32:42","date_gmt":"2024-01-17T13:32:42","guid":{"rendered":"https:\/\/nicolefragrance.se\/?post_type=product&#038;p=3651"},"modified":"2025-07-05T16:11:37","modified_gmt":"2025-07-05T14:11:37","slug":"dolcegabbana-devotion-nicole-edp","status":"publish","type":"product","link":"https:\/\/nicolefragrance.se\/hr\/proizvod\/dolcegabbana-devotion-nicole-edp\/","title":{"rendered":"Nicole 2054 EDP inspiriran s Devotion Dolce &#038; Gabbana"},"content":{"rendered":"<p><strong>Devotion by Dolce &amp; Gabbana<\/strong> predstavlja novi amber-vanilija miris namijenjen \u017eenama, lansiran 2023. godine.<\/p>\n<p><strong>Dolce &amp; Gabbana Devotion<\/strong> je sjajan \u017eenski miris koji po\u010dinje mirisnom eksplozijom kandiranog limuna, podsje\u0107aju\u0107i na osvje\u017eavaju\u0107i \u010daj od limuna i \u0111umbira. Srce mirisa otkriva zra\u010dnu toplinu cvijeta naran\u010de, dodaju\u0107i dodir slatkog i cvjetnog zavoja. Topli, senzualni dodir primamljive vanilije u osnovi parfema prenosi osjetila na slatku i sofisticiranu destinaciju.<\/p>\n<p>Ova izvrsna mje\u0161avina mirisa pru\u017ea jedinstveno iskustvo koje isti\u010de svje\u017einu i toplinu citrusa, istovremeno dodaju\u0107i note vanilije koje pru\u017eaju osje\u0107aj topline i udobnosti. On je kao putovanje kroz slojeve bla\u017eenih nota, \u0161to ga \u010dini savr\u0161enim mirisnim suputnikom za svaku priliku. I pored toga, mo\u017ee biti i dovoljno sna\u017ean i poseban za sve\u010dane prilike.<\/p>\n<p><strong>Devotion by Dolce &amp; Gabbana<\/strong> je miris posve\u0107en \u017eenama koje cijene jednostavnost, sofisticiranost i slatku senzualnost. Miris je ozna\u010den kao topal, senzualan i pomalo adiktivan. Savr\u0161en je za \u017eene koje tra\u017ee parfem koji je ujedno i \u017eenstven i sofisticiran. Ovaj miris je pravi poziv na otkrivanje \u010darolije svakodnevnih trenutaka i unapre\u0111enje svog stila kroz neodoljiv mirisni do\u017eivljaj.<\/p>\n","protected":false},"excerpt":{"rendered":"<p>Devotion by Dolce &amp; Gabbana je miris posve\u0107en \u017eenama koje cijene jednostavnost, sofisticiranost i slatku senzualnost. Miris je ozna\u010den kao topal, senzualan i pomalo adiktivan. Savr\u0161en je za \u017eene koje tra\u017ee parfem koji je ujedno i \u017eenstven i sofisticiran. Savr\u0161en za svaki dan, mo\u017ee biti i dovoljno sna\u017ean i poseban za sve\u010dane prilike.<\/p>\n","protected":false},"featured_media":26024,"comment_status":"open","ping_status":"closed","template":"","meta":{"_acf_changed":false},"product_brand":[],"product_cat":[642,621],"product_tag":[],"class_list":{"0":"post-3651","1":"product","2":"type-product","3":"status-publish","4":"has-post-thumbnail","6":"product_cat-dolce-gabbana-marke","7":"product_cat-for-kvinnor","9":"first","10":"instock","11":"taxable","12":"shipping-taxable","13":"purchasable","14":"product-type-variable","15":"has-default-attributes"},"acf":[],"_links":{"self":[{"href":"https:\/\/nicolefragrance.se\/hr\/wp-json\/wp\/v2\/product\/3651","targetHints":{"allow":["GET"]}}],"collection":[{"href":"https:\/\/nicolefragrance.se\/hr\/wp-json\/wp\/v2\/product"}],"about":[{"href":"https:\/\/nicolefragrance.se\/hr\/wp-json\/wp\/v2\/types\/product"}],"replies":[{"embeddable":true,"href":"https:\/\/nicolefragrance.se\/hr\/wp-json\/wp\/v2\/comments?post=3651"}],"version-history":[{"count":0,"href":"https:\/\/nicolefragrance.se\/hr\/wp-json\/wp\/v2\/product\/3651\/revisions"}],"wp:featuredmedia":[{"embeddable":true,"href":"https:\/\/nicolefragrance.se\/hr\/wp-json\/wp\/v2\/media\/26024"}],"wp:attachment":[{"href":"https:\/\/nicolefragrance.se\/hr\/wp-json\/wp\/v2\/media?parent=3651"}],"wp:term":[{"taxonomy":"product_brand","embeddable":true,"href":"https:\/\/nicolefragrance.se\/hr\/wp-json\/wp\/v2\/product_brand?post=3651"},{"taxonomy":"product_cat","embeddable":true,"href":"https:\/\/nicolefragrance.se\/hr\/wp-json\/wp\/v2\/product_cat?post=3651"},{"taxonomy":"product_tag","embeddable":true,"href":"https:\/\/nicolefragrance.se\/hr\/wp-json\/wp\/v2\/product_tag?post=3651"}],"curies":[{"name":"wp","href":"https:\/\/api.w.org\/{rel}","templated":true}]}}