{"id":3639,"date":"2024-01-17T14:29:35","date_gmt":"2024-01-17T13:29:35","guid":{"rendered":"https:\/\/nicolefragrance.se\/?post_type=product&#038;p=3639"},"modified":"2026-01-03T10:58:31","modified_gmt":"2026-01-03T09:58:31","slug":"aqua-allegoria-forte-bosca-vanilla-guerlain-nicole-edp","status":"publish","type":"product","link":"https:\/\/nicolefragrance.se\/hr\/proizvod\/aqua-allegoria-forte-bosca-vanilla-guerlain-nicole-edp\/","title":{"rendered":"Nicole 3064 EDP inspiriran s Aqua Allegoria Forte Bosca Vanilla Guerlain"},"content":{"rendered":"<p><strong>Aqua Allegoria Forte Bosca Vanilla by Guerlain<\/strong> predstavlja novi amber-drvenasti miris lansiran 2023. godine. Ozna\u010den kao unisex parfem, namijenjen je kako \u017eenama, tako i mu\u0161karcima.<\/p>\n<p>Gornje note ovog parfema uklju\u010duju bergamot i eukaliptus. U srcu mirisa, srednje note sadr\u017ee solarne akcente i smilje, dok se bazne note sastoje od apsoluta vanilije, drvenastih akorda i mo\u0161usa.<\/p>\n<p><strong>Bosca Vanilla Forte<\/strong> je miris divlje korzi\u010dke pla\u017ee kasnog ljeta. Ovo je senzualan miris koji slavi intenzivnu ljepotu prirode, otkrivenu pod zlatnim zrakama zalaze\u0107eg sunca. Note raspadaju\u0107eg drveta koje je more izbacilo na obalu i slane vanilije stvaraju do\u017eivljaj mo\u0107nog vala koji nje\u017eno miluje topli pijesak.<\/p>\n<p>Bergamot i eukaliptus predstavljaju osvje\u017eavaju\u0107i uvod u ovu olfaktornu avanturu, dok se smilje i solarne akcente stapaju u srednjim notama, stvaraju\u0107i toplu i zemljanu atmosferu. Apsolut vanilije, drvo i mo\u0161us u baznim notama doprinose dubini i dugotrajnosti parfema.<\/p>\n<p><strong>Aqua Allegoria Forte Bosca Vanilla by Guerlain<\/strong> je idealan izbor za sve one koji \u017eele da do\u017eive spoj divljine i elegancije. Ovaj miris predstavlja neodoljivu kombinaciju prirodnih elemenata, donose\u0107i osje\u0107aj topline, slobode i harmonije.<\/p>\n<p>U\u017eivajte u mirisu koji prenosi sliku nezaboravnog trenutka na divljim obalama Korzike.<\/p>\n","protected":false},"excerpt":{"rendered":"<p>Aqua Allegoria Forte Bosca Vanilla by Guerlain predstavlja novi amber-drvenasti unisex miris lansiran 2023. godine. Idealan je izbor za sve one koji \u017eele do\u017eivjeti spoj divljine i elegancije. Ovaj miris predstavlja neodoljivu kombinaciju prirodnih elemenata, donose\u0107i osje\u0107aj topline, slobode i harmonije.<\/p>\n","protected":false},"featured_media":26035,"comment_status":"open","ping_status":"closed","template":"","meta":{"_acf_changed":false},"product_brand":[],"product_cat":[228,188,187,186],"product_tag":[],"class_list":{"0":"post-3639","1":"product","2":"type-product","3":"status-publish","4":"has-post-thumbnail","6":"product_cat-guerlain-marka","7":"product_cat-unisex","8":"product_cat-za-muskarce","9":"product_cat-za-zene","11":"first","12":"instock","13":"taxable","14":"shipping-taxable","15":"purchasable","16":"product-type-variable","17":"has-default-attributes"},"acf":[],"_links":{"self":[{"href":"https:\/\/nicolefragrance.se\/hr\/wp-json\/wp\/v2\/product\/3639","targetHints":{"allow":["GET"]}}],"collection":[{"href":"https:\/\/nicolefragrance.se\/hr\/wp-json\/wp\/v2\/product"}],"about":[{"href":"https:\/\/nicolefragrance.se\/hr\/wp-json\/wp\/v2\/types\/product"}],"replies":[{"embeddable":true,"href":"https:\/\/nicolefragrance.se\/hr\/wp-json\/wp\/v2\/comments?post=3639"}],"version-history":[{"count":0,"href":"https:\/\/nicolefragrance.se\/hr\/wp-json\/wp\/v2\/product\/3639\/revisions"}],"wp:featuredmedia":[{"embeddable":true,"href":"https:\/\/nicolefragrance.se\/hr\/wp-json\/wp\/v2\/media\/26035"}],"wp:attachment":[{"href":"https:\/\/nicolefragrance.se\/hr\/wp-json\/wp\/v2\/media?parent=3639"}],"wp:term":[{"taxonomy":"product_brand","embeddable":true,"href":"https:\/\/nicolefragrance.se\/hr\/wp-json\/wp\/v2\/product_brand?post=3639"},{"taxonomy":"product_cat","embeddable":true,"href":"https:\/\/nicolefragrance.se\/hr\/wp-json\/wp\/v2\/product_cat?post=3639"},{"taxonomy":"product_tag","embeddable":true,"href":"https:\/\/nicolefragrance.se\/hr\/wp-json\/wp\/v2\/product_tag?post=3639"}],"curies":[{"name":"wp","href":"https:\/\/api.w.org\/{rel}","templated":true}]}}