{"id":3627,"date":"2024-01-17T14:23:23","date_gmt":"2024-01-17T13:23:23","guid":{"rendered":"https:\/\/nicolefragrance.se\/?post_type=product&#038;p=3627"},"modified":"2025-07-05T16:18:32","modified_gmt":"2025-07-05T14:18:32","slug":"straight-to-heaven-extreme-by-kilian-nicole-edp","status":"publish","type":"product","link":"https:\/\/nicolefragrance.se\/hr\/proizvod\/straight-to-heaven-extreme-by-kilian-nicole-edp\/","title":{"rendered":"Nicole 3063 EDP inspiriran s Straight to Heaven Extreme Kilian"},"content":{"rendered":"<p><strong>Straight to Heaven Extreme by Kilian<\/strong> je drveno-za\u010dinski miris namijenjen kako \u017eenama, tako i mu\u0161karcima, lansiran 2017. godine.<\/p>\n<p>Glavne mirisne akorde ovog parfema \u010dine rum, burbon vanilija, mu\u0161katni ora\u0161\u010di\u0107, amber, pa\u010duli i kedar.<\/p>\n<p><strong>Straight to Heaven Extreme<\/strong> je intenzivnija varijanta originalnog mirisa Straight to Heaven, sa duplom dozom ruma i vanilije. Koncept ovog parfema le\u017ei u trenutku ekstaze koji obavija sva osjetila. O\u010daravaju\u0107i miris ruma i vo\u0107a, sa mu\u0161kim i intenzivnim karakterom, \u010dini ovaj parfem posebnim i nezaboravnim.<\/p>\n<p>Ovaj izuzetno dugotrajan unisex parfem otvara se bogatim notama ruma koje mu daju slatku i toplu dimenziju. Burbon vanilija dodaje senzualnost i luksuz, dok mu\u0161katni ora\u0161\u010di\u0107 unosi za\u010dinjenu notu koja pru\u017ea dinami\u010dnost kompoziciji. Amber donosi toplinu, pa\u010duli dubinu, dok kedrovina doprinosi sofisticiranosti i stabilnosti.<\/p>\n<p><strong>Straight to Heaven Extreme by Kilian<\/strong> je miris za hrabre istra\u017eiva\u010de, za one koji tra\u017ee dublje i intenzivnije mirisno iskustvo. Sa svojom kompleksno\u0161\u0107u i jedinstveno\u0161\u0107u, ovaj parfem stvara nezaboravnu aromu koja ostavlja sna\u017ean utisak.<\/p>\n<p>Pogodan je za sve ljubitelje profinjenih, toplih i za\u010dinskih mirisa koji \u017eele da se istaknu i ostave neizbrisiv trag. U\u017eivajte u ekstremnom luksuzu <strong>Straight to Heaven Extreme by Kilian.<\/strong><\/p>\n","protected":false},"excerpt":{"rendered":"<p>Straight to Heaven Extreme by Kilian je drveno-za\u010dinski miris namijenjen kako \u017eenama, tako i mu\u0161karcima. Ovo je miris za hrabre istra\u017eiva\u010de, za one koji tra\u017ee dublje i intenzivnije mirisno iskustvo. Sa svojom kompleksno\u0161\u0107u i jedinstveno\u0161\u0107u, ovaj parfem stvara nezaboravnu aromu koja ostavlja sna\u017ean utisak.<\/p>\n","protected":false},"featured_media":26047,"comment_status":"open","ping_status":"closed","template":"","meta":{"_acf_changed":false},"product_brand":[],"product_cat":[190,188,187,186],"product_tag":[],"class_list":{"0":"post-3627","1":"product","2":"type-product","3":"status-publish","4":"has-post-thumbnail","6":"product_cat-kilian-marka","7":"product_cat-unisex","8":"product_cat-za-muskarce","9":"product_cat-za-zene","11":"first","12":"instock","13":"taxable","14":"shipping-taxable","15":"purchasable","16":"product-type-variable","17":"has-default-attributes"},"acf":[],"_links":{"self":[{"href":"https:\/\/nicolefragrance.se\/hr\/wp-json\/wp\/v2\/product\/3627","targetHints":{"allow":["GET"]}}],"collection":[{"href":"https:\/\/nicolefragrance.se\/hr\/wp-json\/wp\/v2\/product"}],"about":[{"href":"https:\/\/nicolefragrance.se\/hr\/wp-json\/wp\/v2\/types\/product"}],"replies":[{"embeddable":true,"href":"https:\/\/nicolefragrance.se\/hr\/wp-json\/wp\/v2\/comments?post=3627"}],"version-history":[{"count":0,"href":"https:\/\/nicolefragrance.se\/hr\/wp-json\/wp\/v2\/product\/3627\/revisions"}],"wp:featuredmedia":[{"embeddable":true,"href":"https:\/\/nicolefragrance.se\/hr\/wp-json\/wp\/v2\/media\/26047"}],"wp:attachment":[{"href":"https:\/\/nicolefragrance.se\/hr\/wp-json\/wp\/v2\/media?parent=3627"}],"wp:term":[{"taxonomy":"product_brand","embeddable":true,"href":"https:\/\/nicolefragrance.se\/hr\/wp-json\/wp\/v2\/product_brand?post=3627"},{"taxonomy":"product_cat","embeddable":true,"href":"https:\/\/nicolefragrance.se\/hr\/wp-json\/wp\/v2\/product_cat?post=3627"},{"taxonomy":"product_tag","embeddable":true,"href":"https:\/\/nicolefragrance.se\/hr\/wp-json\/wp\/v2\/product_tag?post=3627"}],"curies":[{"name":"wp","href":"https:\/\/api.w.org\/{rel}","templated":true}]}}