{"id":3615,"date":"2024-01-17T12:19:21","date_gmt":"2024-01-17T11:19:21","guid":{"rendered":"https:\/\/nicolefragrance.se\/?post_type=product&#038;p=3615"},"modified":"2025-07-05T16:20:39","modified_gmt":"2025-07-05T14:20:39","slug":"tom-ford-plum-japonais-nicole-edp","status":"publish","type":"product","link":"https:\/\/nicolefragrance.se\/hr\/proizvod\/tom-ford-plum-japonais-nicole-edp\/","title":{"rendered":"Nicole 2053 EDP inspiriran s Plum Japonais Tom Ford"},"content":{"rendered":"<p><strong>Tom Ford Plum Japonais<\/strong> je \u017eenski miris koji otkriva izvanrednu ljepotu japanske \u0161ljive, postavljaju\u0107i je u kontrast sa bujnom i nekonvencionalnom raznovrsno\u0161\u0107u egzoti\u010dnih azijskih sastojaka. Lansiran 2013. godine, ovaj cvjetno-vo\u0107ni miris iz Tom Ford kolekcije predstavlja bogatstvo i luksuz, stvaraju\u0107i neodoljivu kompleksnost koja ostavlja bez daha.<\/p>\n<p>Gornje note ovog parfema obuhva\u0107aju cimet i \u0161afran, uvode\u0107i nas u topal i za\u010dinjen svijet. U srcu mirisa osje\u0107aju se japanska \u0161ljiva, cvijet \u0161ljive, liker, \u010dempres i kamelija, stvaraju\u0107i rasko\u0161nu harmoniju izme\u0111u vo\u0107nih i cvjetnih tonova. Baza parfema donosi dubinu i toplinu, sa notama agarovog drveta (oud), ambera, benzoina, jele i vanilije.<\/p>\n<p><strong>Plum Japonais by Tom Ford<\/strong> je kompleksan i jedinstven miris sa likerastim, tamnim i dimnim notama. Tom Ford je majstorski spojio razli\u010dite elemente kako bi stvorio mirisno iskustvo koje je istovremeno intrigantno i senzualno. Ovaj parfem je kao egzoti\u010dno putovanje kroz azijske ba\u0161te, gdje se tradicija susre\u0107e sa suvremenim luksuzom.<\/p>\n<p>Za \u017eenu koja cijeni ne\u0161to posebno, <strong>Tom Ford Plum Japonais<\/strong> je idealan izbor. Ova rasko\u0161na aroma predstavlja jedinstvenu interpretaciju vo\u0107nih i cvjetnih elemenata, stvaraju\u0107i mirisni pe\u010dat koji traje i ostavlja sna\u017ean utisak. U\u017eivajte u kompleksnosti i ljepoti ovog mirisa koji osvaja srca svojom neodoljivom privla\u010dno\u0161\u0107u.<\/p>\n","protected":false},"excerpt":{"rendered":"<p>Plum Japonais by Tom Ford je kompleksan i jedinstven miris sa likerastim, tamnim i dimnim notama. Za \u017eenu koja cijeni ne\u0161to posebno, Tom Ford Plum Japonais je idealan izbor. Ova rasko\u0161na aroma predstavlja jedinstvenu interpretaciju vo\u0107nih i cvjetnih elemenata, stvaraju\u0107i mirisni pe\u010dat koji traje i ostavlja sna\u017ean utisak.<\/p>\n","protected":false},"featured_media":26058,"comment_status":"open","ping_status":"closed","template":"","meta":{"_acf_changed":false},"product_brand":[],"product_cat":[203,186],"product_tag":[],"class_list":{"0":"post-3615","1":"product","2":"type-product","3":"status-publish","4":"has-post-thumbnail","6":"product_cat-tom-ford-marka","7":"product_cat-za-zene","9":"first","10":"instock","11":"taxable","12":"shipping-taxable","13":"purchasable","14":"product-type-variable","15":"has-default-attributes"},"acf":[],"_links":{"self":[{"href":"https:\/\/nicolefragrance.se\/hr\/wp-json\/wp\/v2\/product\/3615","targetHints":{"allow":["GET"]}}],"collection":[{"href":"https:\/\/nicolefragrance.se\/hr\/wp-json\/wp\/v2\/product"}],"about":[{"href":"https:\/\/nicolefragrance.se\/hr\/wp-json\/wp\/v2\/types\/product"}],"replies":[{"embeddable":true,"href":"https:\/\/nicolefragrance.se\/hr\/wp-json\/wp\/v2\/comments?post=3615"}],"version-history":[{"count":0,"href":"https:\/\/nicolefragrance.se\/hr\/wp-json\/wp\/v2\/product\/3615\/revisions"}],"wp:featuredmedia":[{"embeddable":true,"href":"https:\/\/nicolefragrance.se\/hr\/wp-json\/wp\/v2\/media\/26058"}],"wp:attachment":[{"href":"https:\/\/nicolefragrance.se\/hr\/wp-json\/wp\/v2\/media?parent=3615"}],"wp:term":[{"taxonomy":"product_brand","embeddable":true,"href":"https:\/\/nicolefragrance.se\/hr\/wp-json\/wp\/v2\/product_brand?post=3615"},{"taxonomy":"product_cat","embeddable":true,"href":"https:\/\/nicolefragrance.se\/hr\/wp-json\/wp\/v2\/product_cat?post=3615"},{"taxonomy":"product_tag","embeddable":true,"href":"https:\/\/nicolefragrance.se\/hr\/wp-json\/wp\/v2\/product_tag?post=3615"}],"curies":[{"name":"wp","href":"https:\/\/api.w.org\/{rel}","templated":true}]}}