{"id":3591,"date":"2023-11-27T15:26:13","date_gmt":"2023-11-27T14:26:13","guid":{"rendered":"https:\/\/nicolefragrance.se\/?post_type=product&#038;p=3591"},"modified":"2025-07-05T17:52:55","modified_gmt":"2025-07-05T15:52:55","slug":"musk-kashmir-attar-collection-nicole-edp","status":"publish","type":"product","link":"https:\/\/nicolefragrance.se\/hr\/proizvod\/musk-kashmir-attar-collection-nicole-edp\/","title":{"rendered":"Nicole 3061 EDP inspiriran s Musk Kashmir Attar Collection"},"content":{"rendered":"<p><strong>Musk Kashmir by Attar Collection<\/strong> je izuzetan orijentalni unisex parfem, lansiran 2016. godine. Smatra se jednim od najsenzualnijih mirisa ikada poznatih u povijesti parfemske industrije.<\/p>\n<p>Njegova kompleksna kompozicija spaja zavodljive mirise bijelih mo\u0161usa i sandalovine sa egzoti\u010dnim i pikantnim aromama bijelog papra i karanfili\u0107a. Ovaj sofisticirani nebeski miris je previ\u0161e kompleksan da bi bio opisan, ali jednostavno nevjerojatan i bo\u017eanstven. Bijeli mo\u0161us i sandalovina pru\u017eaju dugotrajan i luksuzan trag, dok karanfili\u0107i i bijeli papar dodaju element za\u010dina i egzoti\u010dnosti.<\/p>\n<p><strong>Musk Kashmir<\/strong> je stvoren za one koji \u017eele da istaknu svoju individualnost i izra\u017eajnost kroz neodoljivu aromu. Ova jedinstvena kombinacija mirisnih nota stvara iskustvo koje prelazi granice uobi\u010dajenih parfema.<\/p>\n<p><strong>Musk Kashmir Attar Collection<\/strong> je savr\u0161en parfem za svaku priliku, bilo da \u017eelite ostaviti sna\u017ean utisak na poslovnom sastanku ili da u\u017eivate u ve\u010dernjem izlasku. Njegova sofisticiranost i kompleksnost \u010dine ga idealnim izborom za ljubitelje luksuznih mirisnih nota.<\/p>\n<p><strong>Musk Kashmir by Attar Collection<\/strong> je vi\u0161e od mirisa &#8211; to je izjava stila, elegancije i unikatnosti. Dopustite da vas o\u010dara ova neodoljiva aroma koja priziva duh luksuza i senzualnosti.<\/p>\n","protected":false},"excerpt":{"rendered":"<p>Musk Kashmir Attar Collection je savr\u0161en parfem za svaku priliku, bilo da \u017eelite ostaviti sna\u017ean utisak na poslovnom sastanku ili da u\u017eivate u ve\u010dernjem izlasku. Njegova sofisticiranost i kompleksnost \u010dine ga idealnim izborom za ljubitelje luksuznih mirisnih nota.\u00a0Dopustite da vas o\u010dara ova neodoljiva aroma koja priziva duh luksuza i senzualnosti.<\/p>\n","protected":false},"featured_media":26084,"comment_status":"open","ping_status":"closed","template":"","meta":{"_acf_changed":false},"product_brand":[],"product_cat":[641,624,623,621],"product_tag":[],"class_list":{"0":"post-3591","1":"product","2":"type-product","3":"status-publish","4":"has-post-thumbnail","6":"product_cat-attar-collection-marke","7":"product_cat-unisex-sv","8":"product_cat-for-man","9":"product_cat-for-kvinnor","11":"first","12":"instock","13":"taxable","14":"shipping-taxable","15":"purchasable","16":"product-type-variable","17":"has-default-attributes"},"acf":[],"_links":{"self":[{"href":"https:\/\/nicolefragrance.se\/hr\/wp-json\/wp\/v2\/product\/3591","targetHints":{"allow":["GET"]}}],"collection":[{"href":"https:\/\/nicolefragrance.se\/hr\/wp-json\/wp\/v2\/product"}],"about":[{"href":"https:\/\/nicolefragrance.se\/hr\/wp-json\/wp\/v2\/types\/product"}],"replies":[{"embeddable":true,"href":"https:\/\/nicolefragrance.se\/hr\/wp-json\/wp\/v2\/comments?post=3591"}],"version-history":[{"count":0,"href":"https:\/\/nicolefragrance.se\/hr\/wp-json\/wp\/v2\/product\/3591\/revisions"}],"wp:featuredmedia":[{"embeddable":true,"href":"https:\/\/nicolefragrance.se\/hr\/wp-json\/wp\/v2\/media\/26084"}],"wp:attachment":[{"href":"https:\/\/nicolefragrance.se\/hr\/wp-json\/wp\/v2\/media?parent=3591"}],"wp:term":[{"taxonomy":"product_brand","embeddable":true,"href":"https:\/\/nicolefragrance.se\/hr\/wp-json\/wp\/v2\/product_brand?post=3591"},{"taxonomy":"product_cat","embeddable":true,"href":"https:\/\/nicolefragrance.se\/hr\/wp-json\/wp\/v2\/product_cat?post=3591"},{"taxonomy":"product_tag","embeddable":true,"href":"https:\/\/nicolefragrance.se\/hr\/wp-json\/wp\/v2\/product_tag?post=3591"}],"curies":[{"name":"wp","href":"https:\/\/api.w.org\/{rel}","templated":true}]}}